{"id":7206,"date":"2021-06-10T18:53:17","date_gmt":"2021-06-10T16:53:17","guid":{"rendered":"https:\/\/www.fightingfilms.shop\/?post_type=product&#038;p=7206"},"modified":"2025-12-04T16:26:00","modified_gmt":"2025-12-04T15:26:00","slug":"judo-fighting-films-key-chain","status":"publish","type":"product","link":"https:\/\/fightingfilms.shop\/en\/product\/judo-fighting-films-key-chain\/","title":{"rendered":"Judo Fighting Films Keychain"},"content":{"rendered":"<h4>Ne perdez plus vos cl\u00e9s !<\/h4>\n<p>Ce porte cl\u00e9s judo est un v\u00e9ritable morceau de ceinture blanche Fighting Films !<\/p>\n<p>Le cadeau parfait pour un ami judoka !<\/p>\n<p>You have the option to purchase individually or in packs of 5, 10 or 20 for your club!<\/p>\n<p>Porte cl\u00e9s fait avec du vrai tissu de <a href=\"https:\/\/www.fightingfilms.shop\/produit\/ceintures-de-judo\/ceinture-noire-de-judo-approuve-ijf\/\">ceinture de judo<\/a> et le mot judo \u00e9crit en japonais \u67d4\u9053 !<\/p>\n<p>100 % judo<\/p>\n<div id=\"kurato_extension_modal\"><\/div>\n<div id=\"kurato_extension_modal\"><\/div>\n","protected":false},"excerpt":{"rendered":"<p>Porte-cl\u00e9s en ceinture blanche, beau symbole de votre passion du judo. R\u00e9sistant, id\u00e9al pour vos cl\u00e9s de maison, de voiture, de scooter. C\u2019est aussi un joli cadeau.<\/p>\n<div id=\"kurato_extension_modal\"><\/div>\n<div id=\"kurato_extension_modal\"><\/div>\n","protected":false},"featured_media":27220,"comment_status":"open","ping_status":"closed","template":"","meta":[],"product_brand":[],"product_cat":[320],"product_tag":[],"giftcard-category":[],"class_list":{"0":"post-7206","1":"product","2":"type-product","3":"status-publish","4":"has-post-thumbnail","6":"product_cat-judo-accessories","7":"product_shipping_class-small-accessories","9":"first","10":"instock","11":"taxable","12":"shipping-taxable","13":"purchasable","14":"product-type-variable"},"exclude_global_add_ons":[],"addons":[],"_links":{"self":[{"href":"https:\/\/fightingfilms.shop\/en\/wp-json\/wp\/v2\/product\/7206","targetHints":{"allow":["GET"]}}],"collection":[{"href":"https:\/\/fightingfilms.shop\/en\/wp-json\/wp\/v2\/product"}],"about":[{"href":"https:\/\/fightingfilms.shop\/en\/wp-json\/wp\/v2\/types\/product"}],"replies":[{"embeddable":true,"href":"https:\/\/fightingfilms.shop\/en\/wp-json\/wp\/v2\/comments?post=7206"}],"wp:featuredmedia":[{"embeddable":true,"href":"https:\/\/fightingfilms.shop\/en\/wp-json\/wp\/v2\/media\/27220"}],"wp:attachment":[{"href":"https:\/\/fightingfilms.shop\/en\/wp-json\/wp\/v2\/media?parent=7206"}],"wp:term":[{"taxonomy":"product_brand","embeddable":true,"href":"https:\/\/fightingfilms.shop\/en\/wp-json\/wp\/v2\/product_brand?post=7206"},{"taxonomy":"product_cat","embeddable":true,"href":"https:\/\/fightingfilms.shop\/en\/wp-json\/wp\/v2\/product_cat?post=7206"},{"taxonomy":"product_tag","embeddable":true,"href":"https:\/\/fightingfilms.shop\/en\/wp-json\/wp\/v2\/product_tag?post=7206"},{"taxonomy":"giftcard-category","embeddable":true,"href":"https:\/\/fightingfilms.shop\/en\/wp-json\/wp\/v2\/giftcard-category?post=7206"}],"curies":[{"name":"wp","href":"https:\/\/api.w.org\/{rel}","templated":true}]}}