{"id":7208,"date":"2021-06-10T18:53:16","date_gmt":"2021-06-10T16:53:16","guid":{"rendered":"https:\/\/www.fightingfilms.shop\/?post_type=product&#038;p=7208"},"modified":"2025-02-18T12:57:53","modified_gmt":"2025-02-18T11:57:53","slug":"customisable-fighting-films-mugs","status":"publish","type":"product","link":"https:\/\/fightingfilms.shop\/en\/product\/customisable-fighting-films-mugs\/","title":{"rendered":"Mug ceinture de judo"},"content":{"rendered":"<p dir=\"ltr\" data-placeholder=\"Traduction\">Laissez le judo s\u2019immiscer dans votre quotidien, le mug ceinture de judo Fighting Films personnalisables sont l\u00e0. D<strong>ans votre bo\u00eete aux lettres en 5 jours ouvr\u00e9s.<\/strong><\/p>\n<p id=\"tw-target-text\" class=\"tw-data-text tw-text-large XcVN5d tw-ta\" dir=\"ltr\" data-placeholder=\"Traduction\"><span lang=\"fr\">Ce mug ceinture de judo est robuste et est une excellente id\u00e9e cadeau. Elle est aussi parfaite pour votre caf\u00e9 du matin, votre th\u00e9 de l\u2019apr\u00e8s-midi ou toute boisson chaude que vous appr\u00e9ciez.<\/span><\/p>\n<p class=\"tw-data-text tw-text-large XcVN5d tw-ta\" dir=\"ltr\" data-placeholder=\"Traduction\"><span lang=\"fr\">Le mug fighting films est un produit avec des impressions vives qui conservent leur qualit\u00e9 au lave-vaisselle et au micro-ondes.<\/span><\/p>\n<p dir=\"ltr\" data-placeholder=\"Traduction\">Si vous souhaitez <a href=\"https:\/\/www.fightingfilms.shop\/produit\/accessoires-de-judo\/mug-fighting-films\/\">un mug<\/a> aux couleurs de Fighting Films, il est aussi disponible sur notre site internet.<\/p>\n<p dir=\"ltr\" data-placeholder=\"Traduction\">Prix d\u00e9gressif \u00e0 partir de 30 mugs , nous contacter = joseph@fightingfilms.fr<\/p>\n<p dir=\"ltr\" data-placeholder=\"Traduction\">Rendez-vous sur nos <a href=\"https:\/\/www.instagram.com\/fightingfilmseu\/\" rel=\"nofollow noopener\" target=\"_blank\">R\u00e9seaux Sociaux<\/a> pour ne rien manque de notre actualit\u00e9 !<\/p>\n","protected":false},"excerpt":{"rendered":"<p>D\u00e9couvrez nos mugs ceinture de judo Fighting Films, id\u00e9al pour toutes vos boissons chaudes !<\/p>\n<p>Les ceintures sont personnalisables, tant au niveau de la couleur que du nom \u00e9crit dessus.<\/p>\n","protected":false},"featured_media":10428,"comment_status":"open","ping_status":"closed","template":"","meta":[],"product_brand":[],"product_cat":[320,1143],"product_tag":[],"giftcard-category":[],"class_list":{"0":"post-7208","1":"product","2":"type-product","3":"status-publish","4":"has-post-thumbnail","6":"product_cat-judo-accessories","7":"product_cat-goodies-de-judo","8":"product_shipping_class-ceinture-ou-tasse-en","10":"first","11":"instock","12":"taxable","13":"shipping-taxable","14":"purchasable","15":"product-type-variable"},"exclude_global_add_ons":[],"addons":[],"_links":{"self":[{"href":"https:\/\/fightingfilms.shop\/en\/wp-json\/wp\/v2\/product\/7208","targetHints":{"allow":["GET"]}}],"collection":[{"href":"https:\/\/fightingfilms.shop\/en\/wp-json\/wp\/v2\/product"}],"about":[{"href":"https:\/\/fightingfilms.shop\/en\/wp-json\/wp\/v2\/types\/product"}],"replies":[{"embeddable":true,"href":"https:\/\/fightingfilms.shop\/en\/wp-json\/wp\/v2\/comments?post=7208"}],"wp:featuredmedia":[{"embeddable":true,"href":"https:\/\/fightingfilms.shop\/en\/wp-json\/wp\/v2\/media\/10428"}],"wp:attachment":[{"href":"https:\/\/fightingfilms.shop\/en\/wp-json\/wp\/v2\/media?parent=7208"}],"wp:term":[{"taxonomy":"product_brand","embeddable":true,"href":"https:\/\/fightingfilms.shop\/en\/wp-json\/wp\/v2\/product_brand?post=7208"},{"taxonomy":"product_cat","embeddable":true,"href":"https:\/\/fightingfilms.shop\/en\/wp-json\/wp\/v2\/product_cat?post=7208"},{"taxonomy":"product_tag","embeddable":true,"href":"https:\/\/fightingfilms.shop\/en\/wp-json\/wp\/v2\/product_tag?post=7208"},{"taxonomy":"giftcard-category","embeddable":true,"href":"https:\/\/fightingfilms.shop\/en\/wp-json\/wp\/v2\/giftcard-category?post=7208"}],"curies":[{"name":"wp","href":"https:\/\/api.w.org\/{rel}","templated":true}]}}