{"id":18167,"date":"2021-08-16T11:00:44","date_gmt":"2021-08-16T09:00:44","guid":{"rendered":"https:\/\/www.fightingfilms.shop\/conditions-generales-de-ventes\/"},"modified":"2024-01-26T17:00:08","modified_gmt":"2024-01-26T16:00:08","slug":"conditions-generales-de-ventes","status":"publish","type":"page","link":"https:\/\/fightingfilms.shop\/es\/conditions-generales-de-ventes\/","title":{"rendered":"Condiciones generales de venta"},"content":{"rendered":"<div class=\"wpb-content-wrapper\"><p>[vc_row type=\u00bbboxed\u00bb background_style=\u00bbnormal\u00bb css=\u00bb.vc_custom_1487365316112{margin-top: 75px !important;padding-right: 50px !important;padding-left: 50px !important;}\u00bb][vc_column][vc_column_text css=\u00bb.vc_custom_1629105454360{margin-bottom: 50px !important;}\u00bb]<\/p>\n<h3 style=\"text-align: center;\"><strong>Informaci\u00f3n jur\u00eddica<\/strong><\/h3>\n<p>[\/vc_column_text][vc_row_inner css=\u00bb.vc_custom_1410358939666{margin-bottom: 20px !important;}\u00bb][vc_column_inner width=\u00bb1\/2&#8243; css=\u00bb.vc_custom_1443415906747{padding-right: 5% !important;padding-left: 10px !important;}\u00bb][vc_column_text]<\/p>\n<h5><strong>Pel\u00edculas de lucha<\/strong><\/h5>\n<p align=\"left\">SAS<\/p>\n<p align=\"left\"><span lang=\"fr-fr\" xml:lang=\"fr-fr\">RCS de Paris n\u00b0 : 820 823 086<\/span><\/p>\n<p align=\"left\"><span lang=\"fr-fr\" xml:lang=\"fr-fr\">Code APE : 4764Z<\/span><\/p>\n<p align=\"left\"><span lang=\"fr-fr\" xml:lang=\"fr-fr\">TVA intracomunitario n\u00b0 : FR 13 820 823 086<\/span><\/p>\n<p align=\"left\"><span lang=\"fr-fr\" xml:lang=\"fr-fr\">Domicilio social: 1 rue des Messageries &#8211; 75010 Par\u00eds<\/span><\/p>\n<p align=\"left\"><span lang=\"fr-fr\" xml:lang=\"fr-fr\">Director de la publicaci\u00f3n: Sr. Joseph BRIDGE  <\/span><\/p>\n<p align=\"left\"><span lang=\"fr-fr\" xml:lang=\"fr-fr\">Direcci\u00f3n de correo electr\u00f3nico: joseph@fightingfilms.fr<\/span><\/p>\n<div id=\"kurato_extension_modal\"><\/div>\n<p>[\/vc_column_text][\/vc_column_inner][vc_column_inner width=\u00bb1\/2&#8243; css=\u00bb.vc_custom_1443415917948{padding-right: 5% !important;padding-left: 10px !important;}\u00bb][vc_column_text]<\/p>\n<h5><strong>Alojamiento<\/strong><\/h5>\n<p align=\"left\"><span lang=\"fr-fr\" style=\"color: #808080;\" xml:lang=\"fr-fr\">OVH<\/span><\/p>\n<p align=\"left\"><span style=\"color: #808080;\">SAS con un capital social de <span lang=\"pt-pt\">10<\/span>.069.020 euros<\/span><\/p>\n<p align=\"left\"><span style=\"color: #808080;\"><span lang=\"da-dk\">RCS Lille M<\/span><span lang=\"fr-fr\">etropole 424 761 419 00045<\/span><\/span><\/p>\n<p align=\"left\"><span style=\"color: #808080;\">C\u00f3digo APE 2620Z<\/span><\/p>\n<p align=\"left\"><span style=\"color: #808080;\"><span lang=\"it-it\">N\u00daMERO DE <\/span><span lang=\"fr-fr\">IVA: FR 22 424 761 419<\/span><\/span><\/p>\n<p align=\"left\"><span style=\"color: #808080;\"><span lang=\"fr-fr\">Domicilio social: 2, rue Kellermann &#8211; 59100 Roubaix &#8211; Francia.<\/span><\/span><\/p>\n<p align=\"left\"><span lang=\"fr-fr\" style=\"color: #808080;\" xml:lang=\"fr-fr\">Director de publicaci\u00f3n: Octave KLABA <\/span><\/p>\n<p>[\/vc_column_text][\/vc_column_inner][\/vc_row_inner][\/vc_column][\/vc_row][vc_row type=\u00bbboxed\u00bb background_style=\u00bbnormal\u00bb css=\u00bb.vc_custom_1410359860044{padding-top: 30px !important;padding-bottom: 65px !important;}\u00bb][vc_column][vc_separator][\/vc_column][\/vc_row][vc_row type=\u00bbboxed\u00bb background_style=\u00bbnormal\u00bb css=\u00bb.vc_custom_1487365260609{padding-right: 50px !important;padding-left: 50px !important;}\u00bb][vc_column][vc_column_text css=\u00bb.vc_custom_1629105781563{margin-bottom: 50px !important;}\u00bb]<\/p>\n<h3 style=\"text-align: center;\">Conditions G\u00e9n\u00e9rales de Ventes<\/h3>\n<p>[\/vc_column_text][vc_row_inner css=\u00bb.vc_custom_1410358939666{margin-bottom: 20px !important;}\u00bb][vc_column_inner css=\u00bb.vc_custom_1443415995655{padding-right: 5% !important;padding-left: 10px !important;}\u00bb][vc_column_text]<\/p>\n<h5><strong>Las presentes condiciones generales de venta se aplican entre : <\/strong><\/h5>\n<p><span style=\"color: #808080;\">La sociedad FIGHTING FILMS, con domicilio social en 1 rue des Messageries &#8211; 75010 Par\u00eds &#8211; FRANCIA, inscrita en Francia en el RCS de Par\u00eds con el n\u00famero de c\u00f3digo 820 823 086, editora y propietaria del sitio web www.fightingfilms.shop alojado por OVH.<\/span><\/p>\n<p><span style=\"color: #808080;\">En lo sucesivo : \u00abPEL\u00cdCULAS DE LUCHA<\/span><\/p>\n<p><span style=\"color: #808080;\">Y :<\/span><\/p>\n<p><span style=\"color: #808080;\">Cualquier persona, comerciante o particular que realice una compra en el sitio web www.fightingfilms.shop.<\/span><\/p>\n<p><span style=\"color: #808080;\">En lo sucesivo denominado: \u00abEl Cliente<\/span><\/p>\n<div id=\"kurato_extension_modal\"><\/div>\n<p>[\/vc_column_text][vc_column_text]<\/p>\n<h5><strong>Art\u00edculo 1\/<\/strong><\/h5>\n<p><span style=\"color: #808080;\">El presente contrato es un contrato de venta en l\u00ednea sujeto a la aceptaci\u00f3n de FIGHTING FILMS y redactado de conformidad con la legislaci\u00f3n francesa vigente. El presente contrato tiene por objeto la venta de los productos presentados en el sitio web www.fightingfilms.shop.<\/span><\/p>\n<p><span style=\"color: #808080;\">El contrato s\u00f3lo se formalizar\u00e1 entre el cliente y FIGHTING FILMS una vez que el cliente haya recibido un recibo que confirme los detalles del pedido realizado en el sitio web www.fightingfilms.shop. La informaci\u00f3n contractual se presenta en franc\u00e9s y los productos puestos a la venta cumplen la legislaci\u00f3n francesa a 1 de septiembre de 2013.<\/span><\/p>\n<div id=\"kurato_extension_modal\"><\/div>\n<div id=\"kurato_extension_modal\"><\/div>\n<div id=\"kurato_extension_modal\"><\/div>\n<p>[\/vc_column_text][vc_column_text]<\/p>\n<h5><strong>Art\u00edculo 2<\/strong><\/h5>\n<p><span style=\"color: #808080;\">La validaci\u00f3n del pedido por parte del Cliente implica la aceptaci\u00f3n de las presentes Condiciones Generales de Venta. El Cliente se compromete a pagar \u00edntegramente los productos solicitados al validar el pedido. Dado que el contrato de venta crea una obligaci\u00f3n de medios por parte del vendedor, FIGHTING FILMS<strong> se compromete<\/strong> a entregar los art\u00edculos pedidos por el Cliente a los servicios postales en los plazos anunciados en el momento de la celebraci\u00f3n del contrato. No obstante, FIGHTING FILMS se reserva el derecho de anular cualquier pedido de un cliente con el que exista un litigio relativo al pago de un pedido anterior.<\/span><\/p>\n<div id=\"kurato_extension_modal\"><\/div>\n<p>[\/vc_column_text][vc_column_text]<\/p>\n<h5><strong>Art\u00edculo 3<\/strong><\/h5>\n<p><span style=\"color: #808080;\">Nos esforzamos por describir y presentar los productos de nuestro sitio web www.fightingfilms.shop con la mayor exactitud posible. No obstante, FIGHTING FILMS no se hace responsable de los errores u omisiones que pueda contener esta presentaci\u00f3n. Cada foto que representa nuestros productos ha sido cuidadosamente elegida para ser lo m\u00e1s representativa posible. No obstante, no forman parte del contrato y s\u00f3lo tienen car\u00e1cter informativo.<\/span><\/p>\n<div id=\"kurato_extension_modal\"><\/div>\n<p>[\/vc_column_text][vc_column_text]<\/p>\n<h5><strong>Art\u00edculo 4<\/strong><\/h5>\n<p><span style=\"color: #808080;\">Todos los precios de nuestros productos se indican en Euros (\u20ac), impuestos incluidos (TTC), excluidos los gastos de manipulaci\u00f3n y env\u00edo, que corren a cargo del Cliente (salvo ofertas promocionales espec\u00edficas). Est\u00e1n garantizados a reserva de errores tipogr\u00e1ficos o de impresi\u00f3n. No obstante, FIGHTING FILMS se reserva el derecho de modificar sus precios en cualquier momento, sin previo aviso y sin compensaci\u00f3n posible. En caso de modificaci\u00f3n, los art\u00edculos se facturar\u00e1n sobre la base de los precios vigentes en el momento del registro del pedido en el sitio web www.fightingfilms.shop, a reserva de disponibilidad.<\/span><\/p>\n<div id=\"kurato_extension_modal\"><\/div>\n<p>[\/vc_column_text][vc_column_text]<\/p>\n<h5><strong>Art\u00edculo 5<\/strong><\/h5>\n<p><span style=\"color: #808080;\">La validaci\u00f3n del pedido realizado por el Cliente en el sitio web www.fightingfilms.shop implica la aceptaci\u00f3n de las presentes Condiciones Generales de Venta. Una vez validado el pedido, se enviar\u00e1 la factura a la direcci\u00f3n de correo electr\u00f3nico indicada por el Cliente al realizar el pedido o registrarse en el sitio. Se establece de acuerdo con la lista de precios vigente el d\u00eda en que se realiza el pedido. En caso de error material en la direcci\u00f3n de correo electr\u00f3nico del cliente, \u00e9ste dispone de un plazo m\u00e1ximo de 24 horas para ponerse en contacto con el servicio de atenci\u00f3n al cliente, notificarle el error y enviarle sus datos correctos. Transcurrido este plazo, FIGHTING FILMS no puede garantizar que la modificaci\u00f3n sea tenida en cuenta.<\/span><\/p>\n<p><span style=\"color: #808080;\">No obstante, FIGHTING FILMS se reserva el derecho de rechazar cualquier pedido de un Cliente con el que exista un litigio o incidente relativo al pago de un pedido anterior o justificado por las presentes Condiciones Generales de Venta.<\/span><\/p>\n<p><span style=\"color: #808080;\">Los pedidos se validan mediante el procedimiento del \u00abdoble clic\u00bb: tras a\u00f1adir los distintos productos deseados a su cesta, se invita a los Clientes a confirmar su selecci\u00f3n una vez antes de acceder a la p\u00e1gina de pago, donde introducen toda la informaci\u00f3n necesaria para pagar el precio solicitado y confirmarlo una segunda vez. Los datos registrados por el vendedor constituyen la prueba de la naturaleza, la fecha y el contenido del contrato.<\/span><\/p>\n<div id=\"kurato_extension_modal\"><\/div>\n<p>[\/vc_column_text][vc_column_text]<\/p>\n<h5><strong>Art\u00edculo 6<\/strong><\/h5>\n<p><span style=\"color: #808080;\">Los medios de pago aceptados son :<\/span><\/p>\n<p><span style=\"color: #808080;\">&#8211; Pago por PayPal. En este caso, el cliente es redirigido al sitio de PayPal para realizar el pago.<\/span><\/p>\n<p><span style=\"color: #808080;\">&#8211; Pago con tarjeta de cr\u00e9dito a trav\u00e9s de PayPlug<\/span>[\/vc_column_text][vc_column_text]<\/p>\n<h5><strong>Art\u00edculo 7<\/strong><\/h5>\n<div><span style=\"color: #808080;\">Los gastos de env\u00edo var\u00edan en funci\u00f3n de las distintas modalidades de entrega elegidas, que se muestran en el sitio web www.fightingfilms.shop.<\/span><\/div>\n<div><span style=\"color: #808080;\">Los plazos de entrega indicados por los transportistas son los siguientes:<\/span><\/div>\n<div><span style=\"color: #808080;\">&#8211; Colissimo: Entrega en 3 a 4 d\u00edas laborables a partir de la expedici\u00f3n.<\/span><\/div>\n<div id=\"kurato_extension_modal\"><\/div>\n<p>[\/vc_column_text][vc_column_text]<\/p>\n<h5><strong>Art\u00edculo 8<\/strong><\/h5>\n<p><span style=\"color: #808080;\">Aunque nos esforzamos por ofrecer productos de calidad, puede ocurrir que el Cliente no est\u00e9 plenamente satisfecho con su pedido y desee devolverlo total o parcialmente. FIGHTING FILMS desea ser lo m\u00e1s transparente posible con sus clientes y desea precisar que el derecho de retractaci\u00f3n est\u00e1 conferido por el art\u00edculo L120-20 del C\u00f3digo de Consumo franc\u00e9s:<em> \u00abEl consumidor (aqu\u00ed el Cliente) dispone de un plazo de siete d\u00edas h\u00e1biles para ejercer su derecho de desistimiento. <\/em><em>sin tener que justificar ni pagar penalizaci\u00f3n alguna, con excepci\u00f3n, en su caso, de los gastos de devoluci\u00f3n\u00bb. <\/em>El matasellos o la fecha del recibo de entrega constituyen la fecha de inicio de este plazo de desistimiento, y su expiraci\u00f3n imposibilita cualquier cambio o devoluci\u00f3n. Los productos da\u00f1ados, devueltos incompletos o sucios no se cambiar\u00e1n ni reembolsar\u00e1n.<\/span>[\/vc_column_text][vc_column_text]<\/p>\n<h5><strong>Art\u00edculo 9<\/strong><\/h5>\n<p><span style=\"color: #808080;\">Para tramitar los pedidos con eficacia, es necesario recopilar los datos personales de los clientes. Toda esta informaci\u00f3n personal ser\u00e1 utilizada \u00fanicamente por FIGHTING FILMS, que por la presente se compromete a no distribuirla a terceros, a excepci\u00f3n de los proveedores de servicios externos que la necesiten para la entrega. Esta informaci\u00f3n se incluir\u00e1 en un archivo confidencial espec\u00edfico de FIGHTING FILMS. De conformidad con la Ley francesa de Protecci\u00f3n de Datos de 6 de enero de 1978, los Clientes tienen derecho a acceder, modificar y eliminar sus datos personales. Si el Cliente desea ejercer este derecho, s\u00f3lo tiene que notificarlo a FIGHTING FILMS France, indicando sus apellidos, nombre y direcci\u00f3n.<\/span>[\/vc_column_text][vc_column_text]<\/p>\n<h5><strong>Art\u00edculo 10<\/strong><\/h5>\n<p><span style=\"color: #808080;\">Todo pedido realizado en el sitio web www.fightingfilms.shop implica autom\u00e1ticamente la aceptaci\u00f3n por parte del Cliente de las presentes Condiciones Generales de Venta, que se rigen por la legislaci\u00f3n francesa. En caso de litigio, los tribunales franceses ser\u00e1n los \u00fanicos competentes. En caso de dificultad o reclamaci\u00f3n en relaci\u00f3n con un pedido, es preferible que el Cliente se ponga en contacto con el Servicio de Atenci\u00f3n al Cliente para encontrar una soluci\u00f3n amistosa.<\/span><\/p>\n<div id=\"kurato_extension_modal\"><\/div>\n<p>[\/vc_column_text][\/vc_column_inner][\/vc_row_inner][\/vc_column][\/vc_row]<\/p>\n<\/div>","protected":false},"excerpt":{"rendered":"<p>[vc_row type=\u00bbboxed\u00bb background_style=\u00bbnormal\u00bb css=\u00bb.vc_custom_1487365316112{margin-top: 75px !important;padding-right: 50px !important;padding-left: 50px !important;}\u00bb][vc_column][vc_column_text css=\u00bb.vc_custom_1629105454360{margin-bottom: 50px !important;}\u00bb] Informaci\u00f3n jur\u00eddica [\/vc_column_text][vc_row_inner css=\u00bb.vc_custom_1410358939666{margin-bottom: 20px !important;}\u00bb][vc_column_inner width=\u00bb1\/2&#8243; css=\u00bb.vc_custom_1443415906747{padding-right: 5% !important;padding-left: 10px !important;}\u00bb][vc_column_text] Pel\u00edculas de lucha SAS RCS de Paris n\u00b0 : 820 823 086 Code APE : 4764Z TVA intracomunitario n\u00b0 : FR 13 820 823 086 Domicilio social: 1 rue des [&hellip;]<\/p>\n","protected":false},"author":1,"featured_media":0,"parent":0,"menu_order":0,"comment_status":"closed","ping_status":"closed","template":"","meta":{"footnotes":""},"class_list":["post-18167","page","type-page","status-publish","hentry"],"_links":{"self":[{"href":"https:\/\/fightingfilms.shop\/es\/wp-json\/wp\/v2\/pages\/18167","targetHints":{"allow":["GET"]}}],"collection":[{"href":"https:\/\/fightingfilms.shop\/es\/wp-json\/wp\/v2\/pages"}],"about":[{"href":"https:\/\/fightingfilms.shop\/es\/wp-json\/wp\/v2\/types\/page"}],"author":[{"embeddable":true,"href":"https:\/\/fightingfilms.shop\/es\/wp-json\/wp\/v2\/users\/1"}],"replies":[{"embeddable":true,"href":"https:\/\/fightingfilms.shop\/es\/wp-json\/wp\/v2\/comments?post=18167"}],"version-history":[{"count":0,"href":"https:\/\/fightingfilms.shop\/es\/wp-json\/wp\/v2\/pages\/18167\/revisions"}],"wp:attachment":[{"href":"https:\/\/fightingfilms.shop\/es\/wp-json\/wp\/v2\/media?parent=18167"}],"curies":[{"name":"wp","href":"https:\/\/api.w.org\/{rel}","templated":true}]}}