{"id":16185,"date":"2024-01-04T17:24:21","date_gmt":"2024-01-04T16:24:21","guid":{"rendered":"https:\/\/www.fightingfilms.shop\/produit\/pantalon-kimono-de-judo-de-la-fij\/"},"modified":"2024-01-04T17:24:21","modified_gmt":"2024-01-04T16:24:21","slug":"pantalon-kimono-de-judo-de-la-fij","status":"publish","type":"product","link":"https:\/\/fightingfilms.shop\/es\/produit\/pantalon-kimono-de-judo-de-la-fij\/","title":{"rendered":"Pantal\u00f3n kimono de judo de la FIJ"},"content":{"rendered":"<p>Los pantalones kimono de judo<a href=\"https:\/\/www.google.com\/search?sca_esv=595707050&amp;rlz=1C5CHFA_enFR1086FR1086&amp;sxsrf=AM9HkKlCdnl6SbjSifT02cdcn7Ur4dzmlA:1704387074770&amp;q=normes+ijf+kimonos&amp;tbm=vid&amp;source=lnms&amp;sa=X&amp;ved=2ahUKEwj6xJrRmMSDAxXSV6QEHWmBACQQ0pQJegQICxAB&amp;biw=1381&amp;bih=688&amp;dpr=2#fpstate=ive&amp;vld=cid:c3e7881b,vid:dnEV5yjAsFY,st:0\" rel=\"nofollow noopener\" target=\"_blank\"> IJF<\/a> Fighting Films ya est\u00e1n a la venta. \u00bfLe gustar\u00eda cambiar de pantal\u00f3n pero conservar su chaqueta judogi actual?<\/p>\n<p>No te preocupes, compra los pantalones, en blanco o azul.<\/p>\n<p>Estos pantalones cumplen con las normas de la FIJ y son los mismos que se suministran al comprar un <a href=\"https:\/\/www.fightingfilms.shop\/produit\/kimono-superstar-650gr-ijf\/\">kimono de judo IJF Superstar 650 Gr<\/a> o un <a href=\"https:\/\/www.fightingfilms.shop\/produit\/pantalon-de-kimono-superstar-750-gr-ijf\/\">kimono de judo IJF Superstar 750 Gr<\/a>.<\/p>\n<p>Nuestros pantalones est\u00e1n disponibles en las tallas de 160 cm a 175 cm y en blanco y azul.<\/p>\n<p>Los pantalones kimono de judo de la FIJ est\u00e1n fabricados con un 70% de algod\u00f3n y un 30% de poli\u00e9ster, al igual que las chaquetas judogi de la FIJ.<\/p>\n<p>Los pantalones pueden ajustarse a la cintura con un cord\u00f3n.<\/p>\n<p>Tambi\u00e9n pueden llevarse en la vida cotidiana, lejos del tatami, para las personas a las que les gustan los pantalones holgados y c\u00f3modos.<\/p>\n","protected":false},"excerpt":{"rendered":"<p>Los <strong>pantalones de kimono de judo IJF<\/strong> Fighting Films est\u00e1n disponibles para los judokas que deseen actualizar su equipamiento sin cambiar su chaqueta de kimono.<\/p>\n<p>Disponible en blanco y azul y de 160 a 175 cm.<\/p>\n<p>&nbsp;<\/p>\n","protected":false},"featured_media":16186,"comment_status":"","ping_status":"closed","template":"","meta":[],"product_brand":[],"product_cat":[448,995],"product_tag":[],"giftcard-category":[],"class_list":{"0":"post-16185","1":"product","2":"type-product","3":"status-publish","4":"has-post-thumbnail","6":"product_cat-kimonos-de-judo-es","7":"product_cat-judogi-ijf","8":"product_shipping_class-ninoskimono-etiqueta-roja","10":"first","11":"instock","12":"taxable","13":"shipping-taxable","14":"purchasable","15":"product-type-variable"},"exclude_global_add_ons":[],"addons":[],"_links":{"self":[{"href":"https:\/\/fightingfilms.shop\/es\/wp-json\/wp\/v2\/product\/16185","targetHints":{"allow":["GET"]}}],"collection":[{"href":"https:\/\/fightingfilms.shop\/es\/wp-json\/wp\/v2\/product"}],"about":[{"href":"https:\/\/fightingfilms.shop\/es\/wp-json\/wp\/v2\/types\/product"}],"replies":[{"embeddable":true,"href":"https:\/\/fightingfilms.shop\/es\/wp-json\/wp\/v2\/comments?post=16185"}],"wp:featuredmedia":[{"embeddable":true,"href":"https:\/\/fightingfilms.shop\/es\/wp-json\/wp\/v2\/media\/16186"}],"wp:attachment":[{"href":"https:\/\/fightingfilms.shop\/es\/wp-json\/wp\/v2\/media?parent=16185"}],"wp:term":[{"taxonomy":"product_brand","embeddable":true,"href":"https:\/\/fightingfilms.shop\/es\/wp-json\/wp\/v2\/product_brand?post=16185"},{"taxonomy":"product_cat","embeddable":true,"href":"https:\/\/fightingfilms.shop\/es\/wp-json\/wp\/v2\/product_cat?post=16185"},{"taxonomy":"product_tag","embeddable":true,"href":"https:\/\/fightingfilms.shop\/es\/wp-json\/wp\/v2\/product_tag?post=16185"},{"taxonomy":"giftcard-category","embeddable":true,"href":"https:\/\/fightingfilms.shop\/es\/wp-json\/wp\/v2\/giftcard-category?post=16185"}],"curies":[{"name":"wp","href":"https:\/\/api.w.org\/{rel}","templated":true}]}}