{"id":16204,"date":"2024-01-03T12:47:36","date_gmt":"2024-01-03T11:47:36","guid":{"rendered":"https:\/\/www.fightingfilms.shop\/produit\/peliculas-de-lucha-cinturon-de-judo-de-6o-a-8o-dan\/"},"modified":"2025-10-01T16:00:45","modified_gmt":"2025-10-01T14:00:45","slug":"peliculas-de-lucha-cinturon-de-judo-de-6o-a-8o-dan","status":"publish","type":"product","link":"https:\/\/fightingfilms.shop\/es\/produit\/peliculas-de-lucha-cinturon-de-judo-de-6o-a-8o-dan\/","title":{"rendered":"Pel\u00edculas de lucha Cintur\u00f3n de judo de 6\u00ba a 8\u00ba dan"},"content":{"rendered":"<p>Ya est\u00e1 disponible el cintur\u00f3n de <a href=\"https:\/\/fr.wikipedia.org\/wiki\/Judo\" rel=\"nofollow noopener\" target=\"_blank\">judo<\/a> <strong>6\u00ba a 8\u00ba dan<\/strong> de Fighting Films. Reconocido por todos los judokas como una marca de excelencia y prestigio, los judokas que superan el 6\u00ba dan son considerados maestros del judo.<\/p>\n<p>Con sus <strong>12 l\u00edneas blancas y su algod\u00f3n 100% de alta calidad<\/strong>, este cintur\u00f3n le acompa\u00f1ar\u00e1 en el tatami durante a\u00f1os sin perder su brillo.<\/p>\n<p>Mide <strong>4,5 cm de ancho<\/strong> y <strong>puede personalizarse con el nombre que elijas<\/strong> y el color que prefieras.<\/p>\n<p>\u00bfNo est\u00e1 seguro de la talla de su cintur\u00f3n o quiere comprobar la calidad antes de comprarlo? No se preocupe, visite la <a href=\"https:\/\/www.fightingfilms.shop\/le-magasin-de-judo-n1-a-paris\/\">tienda de judo n\u00ba 1 de Par\u00eds<\/a>. Situada en el n\u00famero 1 de la rue des Messageries, nuestra boutique cuenta con un taller de bordado en el s\u00f3tano donde podr\u00e1 bordar su cintur\u00f3n en menos de 15 minutos.<\/p>\n<p>&nbsp;<\/p>\n","protected":false},"excerpt":{"rendered":"<p>El cintur\u00f3n de judo <strong>6\u00ba a 8\u00ba dan<\/strong> de Fighting Films es garant\u00eda de calidad superior. Completa tu atuendo de judo con este cintur\u00f3n para todos los expertos en judo.<\/p>\n<p>Su cuidado acabado y su alta calidad garantizan que tu cintur\u00f3n de <a href=\"https:\/\/fr.wikipedia.org\/wiki\/Judo\">judo<\/a> rojo y blanco <strong>durar\u00e1 mucho tiempo<\/strong>.<\/p>\n<p>El <strong>logotipo de Fighting Films est\u00e1 bordado en oro<\/strong> en el extremo del cintur\u00f3n, lo que a\u00f1ade un toque de prestigio a su cintur\u00f3n.<\/p>\n<p><strong>100% algod\u00f3n. <\/strong><\/p>\n","protected":false},"featured_media":25366,"comment_status":"closed","ping_status":"closed","template":"","meta":[],"product_brand":[],"product_cat":[464],"product_tag":[],"giftcard-category":[],"class_list":{"0":"post-16204","1":"product","2":"type-product","3":"status-publish","4":"has-post-thumbnail","6":"product_cat-cinturones-de-judo","7":"product_shipping_class-textiles","9":"first","10":"instock","11":"sale","12":"taxable","13":"shipping-taxable","14":"purchasable","15":"product-type-variable"},"exclude_global_add_ons":[],"addons":[],"_links":{"self":[{"href":"https:\/\/fightingfilms.shop\/es\/wp-json\/wp\/v2\/product\/16204","targetHints":{"allow":["GET"]}}],"collection":[{"href":"https:\/\/fightingfilms.shop\/es\/wp-json\/wp\/v2\/product"}],"about":[{"href":"https:\/\/fightingfilms.shop\/es\/wp-json\/wp\/v2\/types\/product"}],"replies":[{"embeddable":true,"href":"https:\/\/fightingfilms.shop\/es\/wp-json\/wp\/v2\/comments?post=16204"}],"wp:featuredmedia":[{"embeddable":true,"href":"https:\/\/fightingfilms.shop\/es\/wp-json\/wp\/v2\/media\/25366"}],"wp:attachment":[{"href":"https:\/\/fightingfilms.shop\/es\/wp-json\/wp\/v2\/media?parent=16204"}],"wp:term":[{"taxonomy":"product_brand","embeddable":true,"href":"https:\/\/fightingfilms.shop\/es\/wp-json\/wp\/v2\/product_brand?post=16204"},{"taxonomy":"product_cat","embeddable":true,"href":"https:\/\/fightingfilms.shop\/es\/wp-json\/wp\/v2\/product_cat?post=16204"},{"taxonomy":"product_tag","embeddable":true,"href":"https:\/\/fightingfilms.shop\/es\/wp-json\/wp\/v2\/product_tag?post=16204"},{"taxonomy":"giftcard-category","embeddable":true,"href":"https:\/\/fightingfilms.shop\/es\/wp-json\/wp\/v2\/giftcard-category?post=16204"}],"curies":[{"name":"wp","href":"https:\/\/api.w.org\/{rel}","templated":true}]}}