{"id":16235,"date":"2024-01-03T10:51:08","date_gmt":"2024-01-03T09:51:08","guid":{"rendered":"https:\/\/www.fightingfilms.shop\/produit\/rashguard-la-juventud-de-albator\/"},"modified":"2025-07-15T13:31:29","modified_gmt":"2025-07-15T11:31:29","slug":"rashguard-la-juventud-de-albator","status":"publish","type":"product","link":"https:\/\/fightingfilms.shop\/es\/produit\/rashguard-la-juventud-de-albator\/","title":{"rendered":"Rashguard, la juventud de Albator"},"content":{"rendered":"<p>\u00a1Descubre nuestra lycra juvenil Albator&#8217;s! Dise\u00f1ada de la mano del artista St\u00e9phane Ganneau, esta exclusiva lycra te acompa\u00f1ar\u00e1 durante tus entrenamientos y competiciones para que seas \u00fanico sobre el tatami.<\/p>\n<p>Disfrute de un dise\u00f1o sobrio al tiempo que a\u00f1ade un toque de originalidad. La lycra es negra con costuras rojas y una calavera con huesos cruzados en la espalda y en una manga.<\/p>\n<p>Esta prenda de compresi\u00f3n t\u00e9cnica fusiona el estilo rebelde con la funcionalidad.<\/p>\n<p>Sus costuras reforzadas, su resistencia al desgarro y al estiramiento, y su regulaci\u00f3n t\u00e9rmica lo convierten en el aliado perfecto en tu b\u00fasqueda de la maestr\u00eda en el tatami.<\/p>\n<p>Adem\u00e1s, incluye una funda personalizada de Fighting Films con el logotipo de Albator en japon\u00e9s.<\/p>\n<p>Esta lycra es adecuada para todas las artes marciales y se adapta por igual a hombres y mujeres.<\/p>\n<p>Es adecuado para la pr\u00e1ctica de Jiu-Jitsu brasile\u00f1o sin gi, as\u00ed como para llevarlo bajo un <a href=\"https:\/\/www.fightingfilms.shop\/categorie\/kimonos\/kimonos-de-judo\/\">kimono de judo<\/a> o un <a href=\"https:\/\/www.fightingfilms.shop\/produit\/kimono-de-jiu-jitsu-bresilien\/\">kimono JJB<\/a>.<\/p>\n<p>Disponible en tallas de la XS a la XXL.<\/p>\n<p>&nbsp;<\/p>\n","protected":false},"excerpt":{"rendered":"<p>Albator, el m\u00e1s famoso de todos los corsarios espaciales, llega a las aulas de artes marciales. Descubre la lycra Albator&#8217;s youth, la primera lycra de Fighting Films.<\/p>\n<p>Dise\u00f1ada de la mano del artista St\u00e9phane Ganneau, esta exclusiva lycra te acompa\u00f1ar\u00e1 durante tus entrenamientos y competiciones para que seas \u00fanico sobre el tatami.<\/p>\n<p>Licencia oficial para los j\u00f3venes de Albator<\/p>\n<p>&nbsp;<\/p>\n","protected":false},"featured_media":19798,"comment_status":"closed","ping_status":"closed","template":"","meta":[],"product_brand":[],"product_cat":[480],"product_tag":[],"giftcard-category":[],"class_list":{"0":"post-16235","1":"product","2":"type-product","3":"status-publish","4":"has-post-thumbnail","6":"product_cat-jiu-jitsu-es","7":"product_shipping_class-accesorios","9":"first","10":"instock","11":"taxable","12":"shipping-taxable","13":"purchasable","14":"product-type-variable"},"exclude_global_add_ons":[],"addons":[],"_links":{"self":[{"href":"https:\/\/fightingfilms.shop\/es\/wp-json\/wp\/v2\/product\/16235","targetHints":{"allow":["GET"]}}],"collection":[{"href":"https:\/\/fightingfilms.shop\/es\/wp-json\/wp\/v2\/product"}],"about":[{"href":"https:\/\/fightingfilms.shop\/es\/wp-json\/wp\/v2\/types\/product"}],"replies":[{"embeddable":true,"href":"https:\/\/fightingfilms.shop\/es\/wp-json\/wp\/v2\/comments?post=16235"}],"wp:featuredmedia":[{"embeddable":true,"href":"https:\/\/fightingfilms.shop\/es\/wp-json\/wp\/v2\/media\/19798"}],"wp:attachment":[{"href":"https:\/\/fightingfilms.shop\/es\/wp-json\/wp\/v2\/media?parent=16235"}],"wp:term":[{"taxonomy":"product_brand","embeddable":true,"href":"https:\/\/fightingfilms.shop\/es\/wp-json\/wp\/v2\/product_brand?post=16235"},{"taxonomy":"product_cat","embeddable":true,"href":"https:\/\/fightingfilms.shop\/es\/wp-json\/wp\/v2\/product_cat?post=16235"},{"taxonomy":"product_tag","embeddable":true,"href":"https:\/\/fightingfilms.shop\/es\/wp-json\/wp\/v2\/product_tag?post=16235"},{"taxonomy":"giftcard-category","embeddable":true,"href":"https:\/\/fightingfilms.shop\/es\/wp-json\/wp\/v2\/giftcard-category?post=16235"}],"curies":[{"name":"wp","href":"https:\/\/api.w.org\/{rel}","templated":true}]}}