{"id":16305,"date":"2023-12-08T15:48:37","date_gmt":"2023-12-08T14:48:37","guid":{"rendered":"https:\/\/www.fightingfilms.shop\/produit\/jersey-de-judo-bordado\/"},"modified":"2024-03-20T14:59:37","modified_gmt":"2024-03-20T13:59:37","slug":"jersey-de-judo-bordado","status":"publish","type":"product","link":"https:\/\/fightingfilms.shop\/es\/produit\/jersey-de-judo-bordado\/","title":{"rendered":"jersey de judo bordado"},"content":{"rendered":"<h2>Jersey de judo Fighting Films bordado<\/h2>\n<p>Echa un vistazo a nuestro nuevo jersey de judo bordado de Fighting Films. Estos jerseys te abrigar\u00e1n este invierno, con algunas de las palabras asociadas al judo bordadas en el coraz\u00f3n.<\/p>\n<p>Elige entre 3 colores de jersey: Gris, Marr\u00f3n, Negro<\/p>\n<p>Y la posibilidad de elegir entre 4 colores de bordado: blanco, negro, rojo y dorado.<\/p>\n<p>Nuestros jerseys son unisex y est\u00e1n disponibles en las tallas S a XL.<\/p>\n<p>Elige la palabra que quieras y aparecer\u00e1 escrita en franc\u00e9s y japon\u00e9s justo debajo.<\/p>\n<p>Nuestros jerseys de judo se bordan in situ en nuestra tienda de Par\u00eds, situada en 1 rue des Messageries 75010. Abrimos de lunes a viernes y le recibiremos con los brazos abiertos para ayudarle a elegir entre <a href=\"https:\/\/www.fightingfilms.shop\/categorie\/kimonos\/kimonos-de-judo\/\">kimonos de judo<\/a>, <a href=\"https:\/\/www.fightingfilms.shop\/categorie\/ceintures-de-judo\/\">cinturones de judo<\/a> o personalizaciones con nuestras m\u00e1quinas de bordado.<\/p>\n","protected":false},"excerpt":{"rendered":"<p>\u00a1Descubre nuestros jerseys de judo bordados en el coraz\u00f3n con palabras del vocabulario del judoka!<\/p>\n<p>Elige el color de tu jersey y el bordado para crear un jersey \u00fanico.<\/p>\n<p>Disponible en tallas de la S a la XL.<\/p>\n","protected":false},"featured_media":32940,"comment_status":"closed","ping_status":"closed","template":"","meta":[],"product_brand":[],"product_cat":[493],"product_tag":[],"giftcard-category":[],"class_list":{"0":"post-16305","1":"product","2":"type-product","3":"status-publish","4":"has-post-thumbnail","6":"product_cat-tejidos-de-judo","7":"product_shipping_class-accesorios","9":"first","10":"instock","11":"taxable","12":"shipping-taxable","13":"purchasable","14":"product-type-variable"},"exclude_global_add_ons":[],"addons":[],"_links":{"self":[{"href":"https:\/\/fightingfilms.shop\/es\/wp-json\/wp\/v2\/product\/16305","targetHints":{"allow":["GET"]}}],"collection":[{"href":"https:\/\/fightingfilms.shop\/es\/wp-json\/wp\/v2\/product"}],"about":[{"href":"https:\/\/fightingfilms.shop\/es\/wp-json\/wp\/v2\/types\/product"}],"replies":[{"embeddable":true,"href":"https:\/\/fightingfilms.shop\/es\/wp-json\/wp\/v2\/comments?post=16305"}],"wp:featuredmedia":[{"embeddable":true,"href":"https:\/\/fightingfilms.shop\/es\/wp-json\/wp\/v2\/media\/32940"}],"wp:attachment":[{"href":"https:\/\/fightingfilms.shop\/es\/wp-json\/wp\/v2\/media?parent=16305"}],"wp:term":[{"taxonomy":"product_brand","embeddable":true,"href":"https:\/\/fightingfilms.shop\/es\/wp-json\/wp\/v2\/product_brand?post=16305"},{"taxonomy":"product_cat","embeddable":true,"href":"https:\/\/fightingfilms.shop\/es\/wp-json\/wp\/v2\/product_cat?post=16305"},{"taxonomy":"product_tag","embeddable":true,"href":"https:\/\/fightingfilms.shop\/es\/wp-json\/wp\/v2\/product_tag?post=16305"},{"taxonomy":"giftcard-category","embeddable":true,"href":"https:\/\/fightingfilms.shop\/es\/wp-json\/wp\/v2\/giftcard-category?post=16305"}],"curies":[{"name":"wp","href":"https:\/\/api.w.org\/{rel}","templated":true}]}}