{"id":16386,"date":"2023-11-21T15:38:59","date_gmt":"2023-11-21T14:38:59","guid":{"rendered":"https:\/\/www.fightingfilms.shop\/produit\/cinturon-de-jiu-jitsu-brasileno\/"},"modified":"2024-02-28T11:22:34","modified_gmt":"2024-02-28T10:22:34","slug":"cinturon-de-jiu-jitsu-brasileno","status":"publish","type":"product","link":"https:\/\/fightingfilms.shop\/es\/produit\/cinturon-de-jiu-jitsu-brasileno\/","title":{"rendered":"Cintur\u00f3n de Jiu-jitsu brasile\u00f1o"},"content":{"rendered":"<p>Tras el reciente lanzamiento de nuestros kimonos <a href=\"https:\/\/www.fightingfilms.shop\/produit\/kimono-de-jiu-jitsu-bresilien\/\">de Jiu-Jitsu<\/a> brasile\u00f1o, estamos encantados de anunciar la llegada de nuestra gama de cinturones para acompa\u00f1arlos. Dise\u00f1ados para mejorar su experiencia de entrenamiento, estos cinturones de jiu-jitsu brasile\u00f1o est\u00e1n disponibles en blanco, azul, morado, marr\u00f3n y negro, para practicantes de todos los niveles.<\/p>\n<h2>El dise\u00f1o del cintur\u00f3n de jiu-jitsu brasile\u00f1o de Fighting Films<\/h2>\n<p>El dise\u00f1o del cintur\u00f3n de Jiu-Jitsu brasile\u00f1o se ha hecho a medida para mantener un v\u00ednculo entre Jap\u00f3n y Brasil, la tierra del Jiu-Jitsu. En el cintur\u00f3n, encontrar\u00e1 un parche negro en un extremo en el que podr\u00e1 bordar sus diferentes grados. Para bordar su cintur\u00f3n, visite nuestra <a href=\"https:\/\/www.fightingfilms.shop\/la-meilleure-boutique-darts-martiaux-a-paris\/\">boutique de artes marciales de Par\u00eds<\/a>.<\/p>\n<p>En el otro lado del cintur\u00f3n encontrar\u00e1s un parche personalizado con los colores de la marca. Una bandera brasile\u00f1a coronada por la inscripci\u00f3n \u00abBrazilian Jiu-jitsu\u00bb en japon\u00e9s. Esta bandera brasile\u00f1a redise\u00f1ada presenta el logotipo de <a href=\"https:\/\/fightingfilms.com\/\" rel=\"nofollow noopener\" target=\"_blank\">Fighting Films<\/a>, la fecha de creaci\u00f3n de la marca y las palabras \u00abBrazilian jiu-jitsu\u00bb.<\/p>\n<p>Este dise\u00f1o elegante y exclusivo le har\u00e1 destacar en el tatami.<\/p>\n<h2>Personaliza tu cintur\u00f3n de jiu-jitsu brasile\u00f1o.<\/h2>\n<p>En Fighting Films, puedes personalizar completamente tu cintur\u00f3n de jiu-jitsu brasile\u00f1o. Elige un nombre, un tipo de letra y un color para personalizar tu cintur\u00f3n con el nombre que quieras.<\/p>\n<p>No tendr\u00e1 que esperar a que le llegue el cintur\u00f3n: lo bordaremos in situ en nuestra tienda.<\/p>\n<h2>Detalles del producto<\/h2>\n<p>Elija la talla de cintur\u00f3n de jiu-jitsu brasile\u00f1o que m\u00e1s le convenga, de la A0 a la A3.<\/p>\n<p>A0=240cm<\/p>\n<p>A1=260cm<\/p>\n<p>A2=280cm<\/p>\n<p>A3=300cm<\/p>\n<p>A4=320cm<\/p>\n<p>A5=340 cm<\/p>\n<p>Fabricada en algod\u00f3n 100%, nuestra cinturilla ofrece una durabilidad excepcional al tiempo que garantiza una comodidad \u00f3ptima durante el entrenamiento.<\/p>\n<p>&nbsp;<\/p>\n<div id=\"kurato_extension_modal\"><\/div>\n<div id=\"kurato_extension_modal\"><\/div>\n<div id=\"kurato_extension_modal\"><\/div>\n<div id=\"kurato_extension_modal\"><\/div>\n<div id=\"kurato_extension_modal\"><\/div>\n<div id=\"kurato_extension_modal\"><\/div>\n","protected":false},"excerpt":{"rendered":"<p>Descubre la excelencia con nuestro cintur\u00f3n de Jiu Jitsu brasile\u00f1o, dise\u00f1ado para ofrecer el rendimiento superior que todo luchador necesita en el tatami. Fabricado con esmero y maestr\u00eda, este cintur\u00f3n es el accesorio perfecto para los practicantes de Jiu Jitsu de todos los niveles.<\/p>\n<div id=\"kurato_extension_modal\"><\/div>\n<div id=\"kurato_extension_modal\"><\/div>\n<div id=\"kurato_extension_modal\"><\/div>\n<div id=\"kurato_extension_modal\"><\/div>\n<div id=\"kurato_extension_modal\"><\/div>\n<div id=\"kurato_extension_modal\"><\/div>\n","protected":false},"featured_media":16263,"comment_status":"closed","ping_status":"closed","template":"","meta":[],"product_brand":[],"product_cat":[480],"product_tag":[],"giftcard-category":[],"class_list":{"0":"post-16386","1":"product","2":"type-product","3":"status-publish","4":"has-post-thumbnail","6":"product_cat-jiu-jitsu-es","7":"product_shipping_class-accesorios","9":"first","10":"instock","11":"taxable","12":"shipping-taxable","13":"purchasable","14":"product-type-variable"},"exclude_global_add_ons":[],"addons":[],"_links":{"self":[{"href":"https:\/\/fightingfilms.shop\/es\/wp-json\/wp\/v2\/product\/16386","targetHints":{"allow":["GET"]}}],"collection":[{"href":"https:\/\/fightingfilms.shop\/es\/wp-json\/wp\/v2\/product"}],"about":[{"href":"https:\/\/fightingfilms.shop\/es\/wp-json\/wp\/v2\/types\/product"}],"replies":[{"embeddable":true,"href":"https:\/\/fightingfilms.shop\/es\/wp-json\/wp\/v2\/comments?post=16386"}],"wp:featuredmedia":[{"embeddable":true,"href":"https:\/\/fightingfilms.shop\/es\/wp-json\/wp\/v2\/media\/16263"}],"wp:attachment":[{"href":"https:\/\/fightingfilms.shop\/es\/wp-json\/wp\/v2\/media?parent=16386"}],"wp:term":[{"taxonomy":"product_brand","embeddable":true,"href":"https:\/\/fightingfilms.shop\/es\/wp-json\/wp\/v2\/product_brand?post=16386"},{"taxonomy":"product_cat","embeddable":true,"href":"https:\/\/fightingfilms.shop\/es\/wp-json\/wp\/v2\/product_cat?post=16386"},{"taxonomy":"product_tag","embeddable":true,"href":"https:\/\/fightingfilms.shop\/es\/wp-json\/wp\/v2\/product_tag?post=16386"},{"taxonomy":"giftcard-category","embeddable":true,"href":"https:\/\/fightingfilms.shop\/es\/wp-json\/wp\/v2\/giftcard-category?post=16386"}],"curies":[{"name":"wp","href":"https:\/\/api.w.org\/{rel}","templated":true}]}}