{"id":16457,"date":"2023-10-24T16:42:53","date_gmt":"2023-10-24T14:42:53","guid":{"rendered":"https:\/\/www.fightingfilms.shop\/produit\/empunadura\/"},"modified":"2023-10-24T16:42:53","modified_gmt":"2023-10-24T14:42:53","slug":"empunadura","status":"publish","type":"product","link":"https:\/\/fightingfilms.shop\/es\/produit\/empunadura\/","title":{"rendered":"Empu\u00f1adura"},"content":{"rendered":"<p>\u00a1Trabaja tu agarre como un campe\u00f3n! Con el entrenador de agarre Fighting Films, desarrollar\u00e1s la fuerza en tus manos y tus agarres de kimono nunca volver\u00e1n a ser lo mismo.<\/p>\n<p>Tanto si est\u00e1s en el <a href=\"https:\/\/fr.wikipedia.org\/wiki\/Dojo\" rel=\"nofollow noopener\" target=\"_blank\">dojo<\/a> como en el gimnasio, este agarre de entrenamiento te resultar\u00e1 muy \u00fatil. Coloca una kettlebell en la ranura del asa y haz un deadlift. El asa te ayudar\u00e1 a trabajar la fuerza de los dedos.<\/p>\n<p>&nbsp;<\/p>\n<div id=\"kurato_extension_modal\"><\/div>\n<div id=\"kurato_extension_modal\"><\/div>\n<div id=\"kurato_extension_modal\"><\/div>\n","protected":false},"excerpt":{"rendered":"<p>Descubre nuestro nuevo accesorio de entrenamiento, la empu\u00f1adura de entrenamiento. Esta empu\u00f1adura de entrenamiento te permite trabajar el agarre de muchas formas diferentes.<\/p>\n<p>Ya sea en el dojo o en el gimnasio, el agarre de entrenamiento te ayudar\u00e1 con tus ejercicios. Ideal para pull-ups y trabajo con kettlebell, conservando la sensaci\u00f3n de agarrar el kimono de tu oponente.<\/p>\n<p>Esta empu\u00f1adura de entrenamiento s\u00f3lo est\u00e1 disponible en azul, y su dise\u00f1o con el <a href=\"https:\/\/www.fightingfilms.shop\/lhistoire-du-torii-japonais\/\">Torii japon\u00e9s<\/a> en dorado la convierte en un accesorio tan t\u00e9cnico como est\u00e9tico.<\/p>\n<div id=\"kurato_extension_modal\"><\/div>\n<div id=\"kurato_extension_modal\"><\/div>\n<div id=\"kurato_extension_modal\"><\/div>\n","protected":false},"featured_media":33156,"comment_status":"","ping_status":"closed","template":"","meta":[],"product_brand":[],"product_cat":[499],"product_tag":[],"giftcard-category":[],"class_list":{"0":"post-16457","1":"product","2":"type-product","3":"status-publish","4":"has-post-thumbnail","6":"product_cat-accesorios-de-judo","7":"product_shipping_class-accesorios","9":"first","10":"outofstock","11":"taxable","12":"shipping-taxable","13":"purchasable","14":"product-type-variable"},"exclude_global_add_ons":[],"addons":[],"_links":{"self":[{"href":"https:\/\/fightingfilms.shop\/es\/wp-json\/wp\/v2\/product\/16457","targetHints":{"allow":["GET"]}}],"collection":[{"href":"https:\/\/fightingfilms.shop\/es\/wp-json\/wp\/v2\/product"}],"about":[{"href":"https:\/\/fightingfilms.shop\/es\/wp-json\/wp\/v2\/types\/product"}],"replies":[{"embeddable":true,"href":"https:\/\/fightingfilms.shop\/es\/wp-json\/wp\/v2\/comments?post=16457"}],"wp:featuredmedia":[{"embeddable":true,"href":"https:\/\/fightingfilms.shop\/es\/wp-json\/wp\/v2\/media\/33156"}],"wp:attachment":[{"href":"https:\/\/fightingfilms.shop\/es\/wp-json\/wp\/v2\/media?parent=16457"}],"wp:term":[{"taxonomy":"product_brand","embeddable":true,"href":"https:\/\/fightingfilms.shop\/es\/wp-json\/wp\/v2\/product_brand?post=16457"},{"taxonomy":"product_cat","embeddable":true,"href":"https:\/\/fightingfilms.shop\/es\/wp-json\/wp\/v2\/product_cat?post=16457"},{"taxonomy":"product_tag","embeddable":true,"href":"https:\/\/fightingfilms.shop\/es\/wp-json\/wp\/v2\/product_tag?post=16457"},{"taxonomy":"giftcard-category","embeddable":true,"href":"https:\/\/fightingfilms.shop\/es\/wp-json\/wp\/v2\/giftcard-category?post=16457"}],"curies":[{"name":"wp","href":"https:\/\/api.w.org\/{rel}","templated":true}]}}