{"id":16531,"date":"2023-08-23T17:05:04","date_gmt":"2023-08-23T15:05:04","guid":{"rendered":"https:\/\/www.fightingfilms.shop\/produit\/libro-de-judo-para-ninos\/"},"modified":"2023-08-23T17:05:04","modified_gmt":"2023-08-23T15:05:04","slug":"libro-de-judo-para-ninos","status":"publish","type":"product","link":"https:\/\/fightingfilms.shop\/es\/produit\/libro-de-judo-para-ninos\/","title":{"rendered":"Libro de judo para ni\u00f1os"},"content":{"rendered":"<p>Aqu\u00ed tienes tres libros que te ayudar\u00e1n a descubrir el mundo del judo para ni\u00f1os. Este libro de judo para ni\u00f1os ayudar\u00e1 a sus hijos a descubrir los valores de este arte marcial, popular en todo el mundo.<\/p>\n<p>Aprende judo con estos libros de judo de Koka Kids.<\/p>\n<p>Con tres libros diferentes para elegir, su hijo sabr\u00e1 todo lo que hay que saber sobre el judo.<\/p>\n<h2>Disponible para pedidos anticipados<\/h2>\n<p>&nbsp;<\/p>\n<h2 style=\"font-weight: 400;\"><strong>Libro de judo: 40 t\u00e9cnicas de judo<\/strong><\/h2>\n<p style=\"font-weight: 400;\">\u00bfLe cuesta recordar todas las <a href=\"https:\/\/www.fightingfilms.shop\/les-techniques-les-plus-utilisees-dans-les-competitions-internationales\/\">t\u00e9cnicas de judo<\/a> y sus nombres? Este libro facilita el aprendizaje. Ilustraciones f\u00e1ciles de recordar le guiar\u00e1n a trav\u00e9s de cada t\u00e9cnica. Se incluyen <a href=\"https:\/\/fr.wikipedia.org\/wiki\/Gokyo_(judo)\" rel=\"nofollow noopener\" target=\"_blank\">los 40 lanzamientos de judo del Gokyo<\/a>.<\/p>\n<p style=\"font-weight: 400;\">Este es nuestro libro de judo m\u00e1s vendido, adecuado para judokas de todos los niveles.<\/p>\n<p style=\"font-weight: 400;\">Este libro contiene consejos de un campe\u00f3n del mundo sobre c\u00f3mo rendir al m\u00e1ximo.<\/p>\n<p>&nbsp;<\/p>\n<div>\n<h2 class=\"Default\"><b>El C\u00f3digo \u00c9tico del Judo<\/b><b><\/b><\/h2>\n<\/div>\n<div>\n<p class=\"Default\">Este c\u00f3digo fue establecido por el fundador del judo, Jigoro Kano, hace<span lang=\"IT\">casi<\/span>doscientos a\u00f1os.<\/p>\n<\/div>\n<div>\n<p class=\"Default\">Para averiguarlo, retrocedamos en el tiempo. Nos trasladamos al a\u00f1o 1860 para visitar un peque\u00f1o pueblo pesquero de Jap\u00f3n llamado Mikage<span dir=\"RTL\" lang=\"AR-SA\">.<\/span><\/p>\n<\/div>\n<div>\n<p class=\"Default\">Esta es la fecha y el lugar de nacimiento<span dir=\"RTL\" lang=\"AR-SA\">de<\/span>Jigoro Kano.<\/p>\n<\/div>\n<div>\n<p class=\"Default\">Alg\u00fan d\u00eda, Jigoro Kano gozar\u00e1 de<span lang=\"IT\">la<\/span>m\u00e1s alta estima en todo el mundo.<\/p>\n<\/div>\n<div>\n<p class=\"Default\">Pero la vida <span dir=\"RTL\" lang=\"AR-SA\">no<\/span> empez\u00f3 as\u00ed para el joven Jigoro. De ni\u00f1o, en Jap\u00f3n, sufr\u00eda acoso y burlas.<\/p>\n<\/div>\n<div>\n<p class=\"Default\">Con gran valent\u00eda, Jigoro se propuso cambiar su vida y, con ello, la de millones de personas.<\/p>\n<\/div>\n<div>\n<p class=\"Default\">\u00bfQuiere retroceder en el tiempo y descubrir c\u00f3mo?<\/p>\n<\/div>\n<p>&nbsp;<\/p>\n<div>\n<h2 class=\"Default\"><b>Glosario de judo: 85 palabras en japon\u00e9s<\/b><b><\/b><\/h2>\n<\/div>\n<div>\n<p class=\"Default\">\u00a1Todas las palabras de judo que necesitas conocer hasta el nivel de cintur\u00f3n negro est\u00e1n en este libro de judo!<\/p>\n<\/div>\n<div>\n<p class=\"Default\">Las palabras est\u00e1n divididas en secciones f\u00e1ciles de aprender, con divertidas ilustraciones y tablas de vocabulario.<\/p>\n<\/div>\n<div>\n<p class=\"Default\">Al final de este libro, ser\u00e1s capaz de entender 85 palabras japonesas de judo.<\/p>\n<\/div>\n<p>&nbsp;<\/p>\n<p>Para iniciarse lo mejor posible en el judo, adem\u00e1s de un libro de judo para ni\u00f1os, \u00a1piensa en su equipamiento!<\/p>\n<p>Fighting Films ofrece una amplia gama de <a href=\"https:\/\/www.fightingfilms.shop\/categorie\/kimonos\/kimonos-de-judo\/\">kimonos de judo<\/a> para todos los gustos. Descubre nuestros<a href=\"https:\/\/www.fightingfilms.shop\/categorie\/kimonos\/kimonos-de-judo\/kimonos-enfants\/\"> kimonos de judo para ni\u00f1os<\/a> y dale a tu hijo el mejor equipamiento.<\/p>\n<p>Para probarse sus kimonos o descubrir nuestros productos, visite nuestra boutique de Par\u00eds, en el n\u00famero 1 de la rue des Messageries.<\/p>\n<div id=\"kurato_extension_modal\"><\/div>\n","protected":false},"excerpt":{"rendered":"<p>Aprender los fundamentos del judo puede resultar complicado para algunos ni\u00f1os peque\u00f1os. Elige uno de nuestros libros de judo para ni\u00f1os para aprenderlo todo sobre las t\u00e9cnicas, los valores y la historia de este arte marcial \u00fanico.<\/p>\n<p>Descubra nuestros tres libros: 40 t\u00e9cnicas de judo , El c\u00f3digo moral del judo, L\u00e9xico del judo: 85 palabras japonesas<\/p>\n<h2><strong>Disponible para pedidos anticipados<\/strong><\/h2>\n<div id=\"kurato_extension_modal\"><\/div>\n","protected":false},"featured_media":16532,"comment_status":"","ping_status":"closed","template":"","meta":[],"product_brand":[],"product_cat":[499],"product_tag":[],"giftcard-category":[],"class_list":{"0":"post-16531","1":"product","2":"type-product","3":"status-publish","4":"has-post-thumbnail","6":"product_cat-accesorios-de-judo","7":"product_shipping_class-cinturon-o-copa","9":"first","10":"outofstock","11":"taxable","12":"shipping-taxable","13":"purchasable","14":"product-type-variable"},"exclude_global_add_ons":[],"addons":[],"_links":{"self":[{"href":"https:\/\/fightingfilms.shop\/es\/wp-json\/wp\/v2\/product\/16531","targetHints":{"allow":["GET"]}}],"collection":[{"href":"https:\/\/fightingfilms.shop\/es\/wp-json\/wp\/v2\/product"}],"about":[{"href":"https:\/\/fightingfilms.shop\/es\/wp-json\/wp\/v2\/types\/product"}],"replies":[{"embeddable":true,"href":"https:\/\/fightingfilms.shop\/es\/wp-json\/wp\/v2\/comments?post=16531"}],"wp:featuredmedia":[{"embeddable":true,"href":"https:\/\/fightingfilms.shop\/es\/wp-json\/wp\/v2\/media\/16532"}],"wp:attachment":[{"href":"https:\/\/fightingfilms.shop\/es\/wp-json\/wp\/v2\/media?parent=16531"}],"wp:term":[{"taxonomy":"product_brand","embeddable":true,"href":"https:\/\/fightingfilms.shop\/es\/wp-json\/wp\/v2\/product_brand?post=16531"},{"taxonomy":"product_cat","embeddable":true,"href":"https:\/\/fightingfilms.shop\/es\/wp-json\/wp\/v2\/product_cat?post=16531"},{"taxonomy":"product_tag","embeddable":true,"href":"https:\/\/fightingfilms.shop\/es\/wp-json\/wp\/v2\/product_tag?post=16531"},{"taxonomy":"giftcard-category","embeddable":true,"href":"https:\/\/fightingfilms.shop\/es\/wp-json\/wp\/v2\/giftcard-category?post=16531"}],"curies":[{"name":"wp","href":"https:\/\/api.w.org\/{rel}","templated":true}]}}