{"id":16600,"date":"2023-06-30T16:04:18","date_gmt":"2023-06-30T14:04:18","guid":{"rendered":"https:\/\/www.fightingfilms.shop\/produit\/manos-rapidas-de-darcel-yandzi\/"},"modified":"2023-06-30T16:04:18","modified_gmt":"2023-06-30T14:04:18","slug":"manos-rapidas-de-darcel-yandzi","status":"publish","type":"product","link":"https:\/\/fightingfilms.shop\/es\/produit\/manos-rapidas-de-darcel-yandzi\/","title":{"rendered":"Manos r\u00e1pidas de Darcel Yandzi"},"content":{"rendered":"<p>Ya est\u00e1 disponible el nuevo accesorio de Fighting Films, manos r\u00e1pidas de <a href=\"https:\/\/www.fightingfilms.shop\/darcel-yandzi-et-fighting-films\/\">Darcel Yandzi<\/a>.<\/p>\n<p>Sigue entrenando durante el verano, sin pareja, para mantener tu velocidad de agarre del kimono. Con las manos r\u00e1pidas de Darcel Yandzi, hay muchas posibilidades. Ultrarresistentes y especialmente dise\u00f1adas por la leyenda del judo, las manos r\u00e1pidas te llevar\u00e1n a todas partes. No necesitas un compa\u00f1ero de entrenamiento. \u00c1talos directamente a un poste o a un \u00e1rbol y podr\u00e1s practicar durante largos minutos.<\/p>\n<p>La gran resistencia de las cuerdas permite realizar una gran variedad de ejercicios que, adem\u00e1s, te mantendr\u00e1n en forma durante las vacaciones.<\/p>\n<p>Peque\u00f1as y f\u00e1ciles de transportar, las manos r\u00e1pidas son ideales para entrenar fuera de casa.<\/p>\n<p>Disponible en dos colores:<\/p>\n<ul>\n<li>Blanco con el\u00e1sticos y logotipo negro de Fighting Films<\/li>\n<li>Azul con bandas el\u00e1sticas rojas y logotipo dorado de Fighting Films<\/li>\n<\/ul>\n<p>&nbsp;<\/p>\n<p>Descubre nuestros otros <a href=\"https:\/\/www.fightingfilms.shop\/categorie\/accessoires-de-judo\/\">accesorios de judo<\/a>, perfectos para entrenar en cualquier condici\u00f3n.<\/p>\n<p>&nbsp;<\/p>\n<p>Visite la tienda de judo n\u00famero 1 de Par\u00eds en <a href=\"https:\/\/www.google.com\/maps?client=safari&amp;rls=en&amp;q=1+rue+des+Messageries+75010+paris&amp;oe=UTF-8&amp;um=1&amp;ie=UTF-8&amp;sa=X&amp;ved=2ahUKEwi2tL7GlOv_AhXzaqQEHT-JC2sQ_AUoAXoECAMQAw\" rel=\"nofollow noopener\" target=\"_blank\">1 rue des Messageries, 75010 Par\u00eds<\/a>, de lunes a viernes.<\/p>\n<p>&nbsp;<\/p>\n<p>Para toda la actualidad de Fighting Films y del judo mundial, no dudes en seguirnos en nuestras redes sociales @fightingfilmseu .<\/p>\n<div id=\"kurato_extension_modal\"><\/div>\n","protected":false},"excerpt":{"rendered":"<p>Ya est\u00e1 disponible el nuevo accesorio de entrenamiento de judo. Las manos r\u00e1pidas de <a href=\"https:\/\/www.fightingfilms.shop\/darcel-yandzi-et-fighting-films\/\">Darcel Yandzi<\/a> han sido especialmente dise\u00f1adas por este experto en judo, campe\u00f3n de Europa en la categor\u00eda de -78 kg en 1993.<\/p>\n<p>Trabaja tu agarre y la velocidad de agarre del kimono con estas mangas Uchi Komi m\u00e1s peque\u00f1as con un orificio para introducir el pulgar.<\/p>\n<div id=\"kurato_extension_modal\"><\/div>\n","protected":false},"featured_media":22655,"comment_status":"","ping_status":"closed","template":"","meta":[],"product_brand":[],"product_cat":[499],"product_tag":[],"giftcard-category":[],"class_list":{"0":"post-16600","1":"product","2":"type-product","3":"status-publish","4":"has-post-thumbnail","6":"product_cat-accesorios-de-judo","8":"first","9":"instock","10":"taxable","11":"shipping-taxable","12":"purchasable","13":"product-type-variable"},"exclude_global_add_ons":[],"addons":[],"_links":{"self":[{"href":"https:\/\/fightingfilms.shop\/es\/wp-json\/wp\/v2\/product\/16600","targetHints":{"allow":["GET"]}}],"collection":[{"href":"https:\/\/fightingfilms.shop\/es\/wp-json\/wp\/v2\/product"}],"about":[{"href":"https:\/\/fightingfilms.shop\/es\/wp-json\/wp\/v2\/types\/product"}],"replies":[{"embeddable":true,"href":"https:\/\/fightingfilms.shop\/es\/wp-json\/wp\/v2\/comments?post=16600"}],"wp:featuredmedia":[{"embeddable":true,"href":"https:\/\/fightingfilms.shop\/es\/wp-json\/wp\/v2\/media\/22655"}],"wp:attachment":[{"href":"https:\/\/fightingfilms.shop\/es\/wp-json\/wp\/v2\/media?parent=16600"}],"wp:term":[{"taxonomy":"product_brand","embeddable":true,"href":"https:\/\/fightingfilms.shop\/es\/wp-json\/wp\/v2\/product_brand?post=16600"},{"taxonomy":"product_cat","embeddable":true,"href":"https:\/\/fightingfilms.shop\/es\/wp-json\/wp\/v2\/product_cat?post=16600"},{"taxonomy":"product_tag","embeddable":true,"href":"https:\/\/fightingfilms.shop\/es\/wp-json\/wp\/v2\/product_tag?post=16600"},{"taxonomy":"giftcard-category","embeddable":true,"href":"https:\/\/fightingfilms.shop\/es\/wp-json\/wp\/v2\/giftcard-category?post=16600"}],"curies":[{"name":"wp","href":"https:\/\/api.w.org\/{rel}","templated":true}]}}