{"id":16895,"date":"2023-01-27T12:07:30","date_gmt":"2023-01-27T11:07:30","guid":{"rendered":"https:\/\/www.fightingfilms.shop\/produit\/parka-de-judo-fighting-films\/"},"modified":"2026-01-12T11:50:49","modified_gmt":"2026-01-12T10:50:49","slug":"parka-de-judo-fighting-films","status":"publish","type":"product","link":"https:\/\/fightingfilms.shop\/es\/produit\/parka-de-judo-fighting-films\/","title":{"rendered":"Parka de judo Fighting Films"},"content":{"rendered":"<p>Nuestra <strong>parka de judo<\/strong> Fighting Films de alta gama est\u00e1 dise\u00f1ada para practicantes de judo de todos los niveles. Ideal para mantener el calor sobre el <a href=\"https:\/\/www.fightingfilms.shop\/categorie-produit\/kimonos-de-judo\/\">kimono de judo<\/a>.<\/p>\n<p>Fabricada con materiales de primera calidad, es resistente y f\u00e1cil de mantener, a la vez que <strong>ligera<\/strong>. La capucha y la cremallera frontal proporcionan una protecci\u00f3n \u00f3ptima contra los elementos. Los bolsillos laterales y el bolsillo interior son ideales para guardar los accesorios que necesitas para practicar <strong>judo<\/strong>. La parka de judo Fighting Films es <strong>unisex<\/strong> y est\u00e1 disponible en negro de la S a la XXL. 3\/4 de corte.<\/p>\n<p>El logotipo de Fighting Films est\u00e1<strong> bordado en el coraz\u00f3n<\/strong>. Adem\u00e1s, la parka puede personalizarse con los colores de tu club.<\/p>\n<p>La cremallera bidireccional permite una mayor movilidad de las piernas. Ideal para montar en tu scooter o moto.<\/p>\n<p>Con un corte moderno y una gran variedad de tallas disponibles, nuestra parka de judo es ideal para <strong>entrenamientos y competiciones de judo<\/strong>. Para mantener el calor entre los combates de competici\u00f3n, nuestra parka de judo Fighting Films es ideal.<\/p>\n<p>Pida ahora su parka de judo de alta gama en nuestro sitio web y benef\u00edciese de una entrega r\u00e1pida y un excelente servicio de atenci\u00f3n al cliente. Descubra nuestros otros <a href=\"https:\/\/www.fightingfilms.shop\/categorie\/accessoires-de-judo\/\">accesorios<\/a> y <a href=\"https:\/\/www.fightingfilms.shop\/categorie\/textile-de-judo\/\">textiles de judo<\/a>.<\/p>\n<p>Para los clubes, p\u00f3ngase en contacto con nosotros por correo electr\u00f3nico <a href=\"https:\/\/www.fightingfilms.shop\/contact\/\"><i>aqu\u00ed<\/i><\/a> para beneficiarse de descuentos.<\/p>\n<p>&nbsp;<\/p>\n<div id=\"kurato_extension_modal\"><\/div>\n<div id=\"kurato_extension_modal\"><\/div>\n","protected":false},"excerpt":{"rendered":"<p>Descubre nuestra parka de judo unisex Fighting Films. Ligero y c\u00f3modo, \u00a1te mantendr\u00e1 caliente entre combate y combate!<\/p>\n<p>El logotipo de Fighting Films est\u00e1<strong> bordado en el coraz\u00f3n de <\/strong>esta parka 3\/4.<\/p>\n<p>La cremallera bidireccional permite una mayor movilidad de las piernas.<\/p>\n<p>Disponible en negro de la S a la XXL.<\/p>\n<div id=\"kurato_extension_modal\"><\/div>\n<div id=\"kurato_extension_modal\"><\/div>\n","protected":false},"featured_media":25610,"comment_status":"","ping_status":"closed","template":"","meta":[],"product_brand":[],"product_cat":[493],"product_tag":[],"giftcard-category":[],"class_list":{"0":"post-16895","1":"product","2":"type-product","3":"status-publish","4":"has-post-thumbnail","6":"product_cat-tejidos-de-judo","7":"product_shipping_class-accesorios","9":"first","10":"instock","11":"taxable","12":"shipping-taxable","13":"purchasable","14":"product-type-variable"},"exclude_global_add_ons":[],"addons":[],"_links":{"self":[{"href":"https:\/\/fightingfilms.shop\/es\/wp-json\/wp\/v2\/product\/16895","targetHints":{"allow":["GET"]}}],"collection":[{"href":"https:\/\/fightingfilms.shop\/es\/wp-json\/wp\/v2\/product"}],"about":[{"href":"https:\/\/fightingfilms.shop\/es\/wp-json\/wp\/v2\/types\/product"}],"replies":[{"embeddable":true,"href":"https:\/\/fightingfilms.shop\/es\/wp-json\/wp\/v2\/comments?post=16895"}],"wp:featuredmedia":[{"embeddable":true,"href":"https:\/\/fightingfilms.shop\/es\/wp-json\/wp\/v2\/media\/25610"}],"wp:attachment":[{"href":"https:\/\/fightingfilms.shop\/es\/wp-json\/wp\/v2\/media?parent=16895"}],"wp:term":[{"taxonomy":"product_brand","embeddable":true,"href":"https:\/\/fightingfilms.shop\/es\/wp-json\/wp\/v2\/product_brand?post=16895"},{"taxonomy":"product_cat","embeddable":true,"href":"https:\/\/fightingfilms.shop\/es\/wp-json\/wp\/v2\/product_cat?post=16895"},{"taxonomy":"product_tag","embeddable":true,"href":"https:\/\/fightingfilms.shop\/es\/wp-json\/wp\/v2\/product_tag?post=16895"},{"taxonomy":"giftcard-category","embeddable":true,"href":"https:\/\/fightingfilms.shop\/es\/wp-json\/wp\/v2\/giftcard-category?post=16895"}],"curies":[{"name":"wp","href":"https:\/\/api.w.org\/{rel}","templated":true}]}}