{"id":16989,"date":"2022-11-25T13:44:25","date_gmt":"2022-11-25T12:44:25","guid":{"rendered":"https:\/\/www.fightingfilms.shop\/produit\/correa-para-el-dedo\/"},"modified":"2025-07-15T13:31:25","modified_gmt":"2025-07-15T11:31:25","slug":"correa-para-el-dedo","status":"publish","type":"product","link":"https:\/\/fightingfilms.shop\/es\/produit\/correa-para-el-dedo\/","title":{"rendered":"Correa para el dedo"},"content":{"rendered":"<p>Los dedos da\u00f1ados que duelen por agarrar el <a href=\"https:\/\/www.fightingfilms.shop\/categorie-produit\/kimonos-de-judo\/\">kimono<\/a> de tu oponente, consiguen una correa para dedos, el accesorio esencial para todos los judokas y jiu-jitsukas que practican a menudo. Ofrecemos correas especiales r\u00edgidas Elastoplast para los dedos. Nuestra caja personalizada contiene 3 rollos de correas. 2 peque\u00f1as (tama\u00f1o 1,5cm x10m) ideales para los dedos y 1 m\u00e1s grande (3,8cm x10cm). La caja de cart\u00f3n est\u00e1 personalizada con los colores de las Pel\u00edculas de Lucha y tiene un dise\u00f1o estilizado y elegante. Esta caja te permite mantener tus correas protegidas y evita que se peguen en tu bolsa y se ensucien.<\/p>\n<p>Este tipo de correa es ideal para apoyar las articulaciones. Este tipo de vendaje r\u00edgido de sujeci\u00f3n es adecuado para deportistas de todo tipo. Muy \u00fatil para prevenir esguinces y contusiones en los dedos, muy frecuentes en judo.<\/p>\n<p>Tambi\u00e9n puede utilizarse para apoyar la mu\u00f1eca. Sin necesidad de tijeras, esta cinta adhesiva puede cortarse f\u00e1cilmente a mano.<\/p>\n<p>Las manos son una herramienta central en el judo. Gracias a la correa para el dedo, podr\u00e1s reducir las torceduras y magulladuras que pueden causarte molestias durante varios d\u00edas.<\/p>\n<p>Descubra todos nuestros productos Fighting Films para ser el mejor sobre el tatami.<\/p>\n<p>Nuestros <a href=\"https:\/\/www.fightingfilms.shop\/categorie-produit\/kimonos-de-judo\/\">kimonos de judo<\/a> han sido utilizados por algunos de los mejores atletas del mundo, como Michael Korrel, campe\u00f3n de Europa y doble medallista de bronce en los campeonatos del mundo. Para llegar al dojo mejor equipado para su tatami, eche un vistazo a nuestra gama de <a href=\"https:\/\/www.fightingfilms.shop\/categorie\/accessoires-de-judo\/\">accesorios<\/a> y <a href=\"https:\/\/www.fightingfilms.shop\/categorie\/textile-de-judo\/\">textiles<\/a> de judo.<\/p>\n<div id=\"kurato_extension_modal\"><\/div>\n<div id=\"kurato_extension_modal\"><\/div>\n<div id=\"kurato_extension_modal\"><\/div>\n<div id=\"kurato_extension_modal\"><\/div>\n<div id=\"kurato_extension_modal\"><\/div>\n<div id=\"kurato_extension_modal\"><\/div>\n<div id=\"kurato_extension_modal\"><\/div>\n","protected":false},"excerpt":{"rendered":"<div id=\"kurato_extension_modal\">Nuestra caja de correas para dedos contiene 3 rollos de correas, 2 peque\u00f1os y 1 grande. Son perfectas para judokas o jiu-jitsukas que quieran proteger sus dedos. <\/div>\n<div><\/div>\n<div>Estas correas proporcionan un apoyo \u00f3ptimo y reducen el riesgo de lesiones articulares.<\/div>\n<div><\/div>\n<div id=\"kurato_extension_modal\"><\/div>\n<div id=\"kurato_extension_modal\"><\/div>\n<div id=\"kurato_extension_modal\"><\/div>\n<div id=\"kurato_extension_modal\"><\/div>\n<div id=\"kurato_extension_modal\"><\/div>\n<div id=\"kurato_extension_modal\"><\/div>\n","protected":false},"featured_media":27032,"comment_status":"closed","ping_status":"closed","template":"","meta":[],"product_brand":[],"product_cat":[499,480],"product_tag":[],"giftcard-category":[],"class_list":{"0":"post-16989","1":"product","2":"type-product","3":"status-publish","4":"has-post-thumbnail","6":"product_cat-accesorios-de-judo","7":"product_cat-jiu-jitsu-es","8":"product_shipping_class-pequeno-accesorio","10":"first","11":"outofstock","12":"taxable","13":"shipping-taxable","14":"purchasable","15":"product-type-simple"},"exclude_global_add_ons":[],"addons":[],"_links":{"self":[{"href":"https:\/\/fightingfilms.shop\/es\/wp-json\/wp\/v2\/product\/16989","targetHints":{"allow":["GET"]}}],"collection":[{"href":"https:\/\/fightingfilms.shop\/es\/wp-json\/wp\/v2\/product"}],"about":[{"href":"https:\/\/fightingfilms.shop\/es\/wp-json\/wp\/v2\/types\/product"}],"replies":[{"embeddable":true,"href":"https:\/\/fightingfilms.shop\/es\/wp-json\/wp\/v2\/comments?post=16989"}],"wp:featuredmedia":[{"embeddable":true,"href":"https:\/\/fightingfilms.shop\/es\/wp-json\/wp\/v2\/media\/27032"}],"wp:attachment":[{"href":"https:\/\/fightingfilms.shop\/es\/wp-json\/wp\/v2\/media?parent=16989"}],"wp:term":[{"taxonomy":"product_brand","embeddable":true,"href":"https:\/\/fightingfilms.shop\/es\/wp-json\/wp\/v2\/product_brand?post=16989"},{"taxonomy":"product_cat","embeddable":true,"href":"https:\/\/fightingfilms.shop\/es\/wp-json\/wp\/v2\/product_cat?post=16989"},{"taxonomy":"product_tag","embeddable":true,"href":"https:\/\/fightingfilms.shop\/es\/wp-json\/wp\/v2\/product_tag?post=16989"},{"taxonomy":"giftcard-category","embeddable":true,"href":"https:\/\/fightingfilms.shop\/es\/wp-json\/wp\/v2\/giftcard-category?post=16989"}],"curies":[{"name":"wp","href":"https:\/\/api.w.org\/{rel}","templated":true}]}}