{"id":17065,"date":"2022-11-03T14:52:01","date_gmt":"2022-11-03T13:52:01","guid":{"rendered":"https:\/\/www.fightingfilms.shop\/produit\/formacion-tatami-i-tis-de-trocellen\/"},"modified":"2024-01-22T12:30:19","modified_gmt":"2024-01-22T11:30:19","slug":"formacion-tatami-i-tis-de-trocellen","status":"publish","type":"product","link":"https:\/\/fightingfilms.shop\/es\/produit\/formacion-tatami-i-tis-de-trocellen\/","title":{"rendered":"Formaci\u00f3n Tatami I-TIS de Trocellen"},"content":{"rendered":"<p>La esterilla I-TIS Training by Trocellen es innovadora y revolucionaria en cada una de sus caracter\u00edsticas. Ha sido probado y aprobado para el entrenamiento intensivo en disciplinas como <strong>judo<\/strong>, <strong>grappling<\/strong>, <strong>MMA<\/strong>, <strong>jiujitsu brasile\u00f1o<\/strong> y todas las dem\u00e1s artes marciales que requieren una superficie de entrenamiento de alto rendimiento.<\/p>\n<p>Este tatami es ideal para los clubes de judo. No cumple las normas de la FIJ, por lo que no puede utilizarse en competiciones importantes. No obstante, sigue siendo de gran calidad y se adapta perfectamente a los clubes de judo.<\/p>\n<p>La alfombrilla de entrenamiento I-TIS IJF incorpora un si<strong>stema patentado de sujeci\u00f3n<\/strong> invisible que mantiene unidas las l\u00e1minas, lo que la convierte en la alfombrilla ideal para todo tipo de actividades. Adem\u00e1s, la superficie instalada no necesita marcos adicionales.<\/p>\n<p>Gracias a su <strong>peso<\/strong> ligero, es f\u00e1cil de instalar, no deja huecos entre las alfombrillas y, a diferencia de otras alfombrillas tradicionales, no se mueve. Por \u00faltimo, la <strong>seguridad<\/strong> que garantiza este tatami y su innovador sistema de suspensi\u00f3n invisible lo convierten en el tatami m\u00e1s seguro y estable del mercado. Puede <strong>adaptarse a cualquier gimnasio<\/strong>.<\/p>\n<h2><strong>La formaci\u00f3n Tatami I-TIS ofrece:<\/strong><\/h2>\n<ul>\n<li>Ligero, impermeable y seguro<\/li>\n<li>Alto rendimiento garantizado por la supervisi\u00f3n, medici\u00f3n y ensayo continuos<\/li>\n<li>M\u00e1xima conformidad &#8211; Producto reconocido como apto para uso intensivo<\/li>\n<li>Resistencia al fuego &#8211; certificado Euroclase E<\/li>\n<li>Personalizable con logotipo y diferentes colores<\/li>\n<\/ul>\n<p><em>Tama\u00f1os disponibles:<\/em> <strong>200 cm x 100 cm x 4 cm <\/strong>o<strong> 200 cm x 100 cm x 5 cm<\/strong><\/p>\n<p>El \u00e9xito de Tatamis by Trocellen en el campo de las esterillas para artes marciales se basa en las perfectas caracter\u00edsticas del producto. Responden a las necesidades del deportista y ofrecen flexibilidad y facilidad de instalaci\u00f3n gracias al sistema patentado de suspensi\u00f3n invisible.<\/p>\n<p>&nbsp;<\/p>\n<p>Por \u00faltimo, \u00bfest\u00e1s a cargo de un club de judo? Consigue un 20% de descuento en todos nuestros kimonos de judo y un 15% en accesorios creando una cuenta en el club aqu\u00ed: https: <a href=\"https:\/\/www.fightingfilms.shop\/inscriptions\/\">\/\/www.fightingfilms.shop\/inscriptions\/<\/a><\/p>\n<p>Si desea m\u00e1s informaci\u00f3n sobre nuestras asociaciones con clubes, p\u00f3ngase en contacto con nosotros por correo electr\u00f3nico: contact@fightingfilms.fr .<\/p>\n","protected":false},"excerpt":{"rendered":"<p>Descubra nuestro modelo Tatami I-ITS Training, esteras de judo dise\u00f1adas especialmente para clubes. Su ligereza, su sistema de fijaci\u00f3n invisible y su durabilidad la convierten en una de las mejores colchonetas de judo del mercado.<\/p>\n<p>El tatami I-TIS Competition IJF by ProGame ha sido probado y <strong>aprobado para el entrenamiento intensivo<\/strong> en disciplinas como judo, grappling, MMA, jiujitsu brasile\u00f1o y todas las dem\u00e1s artes marciales que requieren una superficie de entrenamiento de alto rendimiento.<\/p>\n<p><strong>PEDIDO M\u00cdNIMO: 40 piezas<\/strong><\/p>\n<p><strong>Colores disponibles: amarillo, rojo, azul, verde, negro<\/strong><\/p>\n<p><em>Tama\u00f1os disponibles:<\/em> <strong>200 cm x 100 cm x 4 cm <\/strong>o<strong> 200 cm x 100 cm x 5 cm<\/strong><\/p>\n<p>Plazo de entrega : <em><strong>8 semanas<\/strong><\/em><\/p>\n","protected":false},"featured_media":17066,"comment_status":"closed","ping_status":"closed","template":"","meta":[],"product_brand":[],"product_cat":[499,515],"product_tag":[],"giftcard-category":[],"class_list":{"0":"post-17065","1":"product","2":"type-product","3":"status-publish","4":"has-post-thumbnail","6":"product_cat-accesorios-de-judo","7":"product_cat-para-los-clubes","9":"first","10":"instock","11":"taxable","12":"shipping-taxable","13":"product-type-external"},"exclude_global_add_ons":[],"addons":[],"_links":{"self":[{"href":"https:\/\/fightingfilms.shop\/es\/wp-json\/wp\/v2\/product\/17065","targetHints":{"allow":["GET"]}}],"collection":[{"href":"https:\/\/fightingfilms.shop\/es\/wp-json\/wp\/v2\/product"}],"about":[{"href":"https:\/\/fightingfilms.shop\/es\/wp-json\/wp\/v2\/types\/product"}],"replies":[{"embeddable":true,"href":"https:\/\/fightingfilms.shop\/es\/wp-json\/wp\/v2\/comments?post=17065"}],"wp:featuredmedia":[{"embeddable":true,"href":"https:\/\/fightingfilms.shop\/es\/wp-json\/wp\/v2\/media\/17066"}],"wp:attachment":[{"href":"https:\/\/fightingfilms.shop\/es\/wp-json\/wp\/v2\/media?parent=17065"}],"wp:term":[{"taxonomy":"product_brand","embeddable":true,"href":"https:\/\/fightingfilms.shop\/es\/wp-json\/wp\/v2\/product_brand?post=17065"},{"taxonomy":"product_cat","embeddable":true,"href":"https:\/\/fightingfilms.shop\/es\/wp-json\/wp\/v2\/product_cat?post=17065"},{"taxonomy":"product_tag","embeddable":true,"href":"https:\/\/fightingfilms.shop\/es\/wp-json\/wp\/v2\/product_tag?post=17065"},{"taxonomy":"giftcard-category","embeddable":true,"href":"https:\/\/fightingfilms.shop\/es\/wp-json\/wp\/v2\/giftcard-category?post=17065"}],"curies":[{"name":"wp","href":"https:\/\/api.w.org\/{rel}","templated":true}]}}