{"id":17117,"date":"2022-11-03T11:03:25","date_gmt":"2022-11-03T10:03:25","guid":{"rendered":"https:\/\/www.fightingfilms.shop\/produit\/tatami-i-tis-competicion-ijf-de-trocellen\/"},"modified":"2022-11-03T11:03:25","modified_gmt":"2022-11-03T10:03:25","slug":"tatami-i-tis-competicion-ijf-de-trocellen","status":"publish","type":"product","link":"https:\/\/fightingfilms.shop\/es\/produit\/tatami-i-tis-competicion-ijf-de-trocellen\/","title":{"rendered":"Tatami I-TIS Competici\u00f3n IJF de Trocellen"},"content":{"rendered":"<p style=\"text-align: left;\">El I-TIS Competition IJF by ProGame Tatami by Trocellen es un producto totalmente nuevo, resultado de la evoluci\u00f3n del anterior concepto TIS. El tapete de judo I-TIS es innovador y revolucionario en todos los sentidos.<br \/>\n<strong>Aprobado por la <a href=\"http:\/\/www.ijf.org\" rel=\"nofollow noopener\" target=\"_blank\">Federaci\u00f3n Internacional de Judo<\/a><\/strong>, ha sido reconocido como un producto <strong>adecuado para todo tipo de competiciones<\/strong>, desde torneos regionales hasta los Juegos Ol\u00edmpicos. Su sistema patentado de fijaci\u00f3n invisible mantiene las placas unidas durante los combates: el tatami I-TIS Competition IJF by ProGame es el tatami ideal para todo tipo de actividad. Adem\u00e1s, <strong>la superficie instalada no necesita marcos adicionales.<\/strong><\/p>\n<p style=\"text-align: left;\">Gracias a su peso ligero, es f\u00e1cil de instalar, no deja <strong>huecos entre las alfombrillas<\/strong> y, a diferencia de otras alfombrillas tradicionales, no se mueve. Por \u00faltimo, la seguridad que garantiza este tatami y su innovador sistema de suspensi\u00f3n invisible lo convierten en el tatami <strong>m\u00e1s seguro y estable del mercado<\/strong>, ideal para todo tipo de eventos.<\/p>\n<p><strong>PEDIDO M\u00cdNIMO: 40 piezas<\/strong><\/p>\n<p><strong>Plazo de entrega: 8 semanas<\/strong><\/p>\n<p>&nbsp;<\/p>\n<h2><strong>FORMATO<\/strong><\/h2>\n<ul>\n<li>Longitud: 2000 mm<\/li>\n<li>Anchura: 1000 mm<\/li>\n<li>Grosor: 50 mm<\/li>\n<\/ul>\n<h2><strong>COLOR<\/strong><\/h2>\n<p>Rojo \/ amarillo, de acuerdo con las normas de la FIJ para competiciones internacionales<\/p>\n<h2><strong>PROPIEDADES<\/strong><\/h2>\n<ul>\n<li>Polietileno monodensidad de c\u00e9lula firme<\/li>\n<li><strong>200 cm x 100 cm x 5 cm<\/strong><\/li>\n<li>PVC gofrado en paja de arroz y enrollado, en particular en espuma de polietileno reticulado<\/li>\n<li>Sistema patentado de suspensi\u00f3n invisible, especialmente dise\u00f1ado para evitar la necesidad de marcos adicionales<\/li>\n<li>70% m\u00e1s ligero que el tatami tradicional<\/li>\n<li>Lavable, impermeable, ligero, seguro, innovador<\/li>\n<li>Alta absorci\u00f3n de impactos reconocida y probada por CRITT seg\u00fan la etiqueta FIJ<\/li>\n<li>Logo IJF y referencias ProGame Tatami by Trocellen marcadas con tecnolog\u00eda l\u00e1ser<\/li>\n<\/ul>\n<p>&nbsp;<\/p>\n<p>\u00bfEst\u00e1s al frente de un club de judo? Consigue un 20% de descuento en todos nuestros kimonos de judo y un 15% en accesorios creando una cuenta en el club aqu\u00ed: https: <a href=\"https:\/\/www.fightingfilms.shop\/inscriptions\/\">\/\/www.fightingfilms.shop\/inscriptions\/<\/a><\/p>\n<p>Si desea m\u00e1s informaci\u00f3n sobre nuestras asociaciones con clubes, p\u00f3ngase en contacto con nosotros por correo electr\u00f3nico: contact@fightingfilms.fr .<\/p>\n","protected":false},"excerpt":{"rendered":"<p>El tatami I-TIS Competition IJF by ProGame ha sido probado y <strong>aprobado para el entrenamiento intensivo<\/strong> en disciplinas como judo, grappling, MMA, jiujitsu brasile\u00f1o y todas las dem\u00e1s artes marciales que requieren una superficie de entrenamiento de alto rendimiento.<\/p>\n<p>Est\u00e1 homologado seg\u00fan <strong>las normas de la FIJ<\/strong> para competiciones internacionales.<\/p>\n<p><strong>PEDIDO M\u00cdNIMO: 40 piezas<\/strong><\/p>\n<p><strong>Plazo de entrega: 8 semanas<\/strong><\/p>\n<p>La colchoneta I-TIS Competition IJF by ProGame cuenta con un <strong>sistema<\/strong> patentado de <strong>fijaci\u00f3n<\/strong> invisible que mantiene las placas unidas, lo que la convierte en la colchoneta ideal para todo tipo de actividades. Adem\u00e1s, la superficie instalada no necesita marcos adicionales.<\/p>\n<p>Gracias a su peso <strong>ligero<\/strong>, es f\u00e1cil de instalar, no deja <strong>huecos entre las alfombrillas<\/strong> y, a diferencia de otras alfombrillas tradicionales, no se mueve. Por \u00faltimo, la seguridad que garantiza esta alfombrilla y su innovador sistema de enganche invisible la convierten en la alfombrilla m\u00e1s segura y estable del mercado, apta para todos los pabellones deportivos.<\/p>\n<p><strong>200 cm x 100 cm x 5 cm<\/strong><\/p>\n","protected":false},"featured_media":17118,"comment_status":"","ping_status":"closed","template":"","meta":[],"product_brand":[],"product_cat":[499,515],"product_tag":[],"giftcard-category":[],"class_list":{"0":"post-17117","1":"product","2":"type-product","3":"status-publish","4":"has-post-thumbnail","6":"product_cat-accesorios-de-judo","7":"product_cat-para-los-clubes","9":"first","10":"instock","11":"taxable","12":"shipping-taxable","13":"product-type-external"},"exclude_global_add_ons":[],"addons":[],"_links":{"self":[{"href":"https:\/\/fightingfilms.shop\/es\/wp-json\/wp\/v2\/product\/17117","targetHints":{"allow":["GET"]}}],"collection":[{"href":"https:\/\/fightingfilms.shop\/es\/wp-json\/wp\/v2\/product"}],"about":[{"href":"https:\/\/fightingfilms.shop\/es\/wp-json\/wp\/v2\/types\/product"}],"replies":[{"embeddable":true,"href":"https:\/\/fightingfilms.shop\/es\/wp-json\/wp\/v2\/comments?post=17117"}],"wp:featuredmedia":[{"embeddable":true,"href":"https:\/\/fightingfilms.shop\/es\/wp-json\/wp\/v2\/media\/17118"}],"wp:attachment":[{"href":"https:\/\/fightingfilms.shop\/es\/wp-json\/wp\/v2\/media?parent=17117"}],"wp:term":[{"taxonomy":"product_brand","embeddable":true,"href":"https:\/\/fightingfilms.shop\/es\/wp-json\/wp\/v2\/product_brand?post=17117"},{"taxonomy":"product_cat","embeddable":true,"href":"https:\/\/fightingfilms.shop\/es\/wp-json\/wp\/v2\/product_cat?post=17117"},{"taxonomy":"product_tag","embeddable":true,"href":"https:\/\/fightingfilms.shop\/es\/wp-json\/wp\/v2\/product_tag?post=17117"},{"taxonomy":"giftcard-category","embeddable":true,"href":"https:\/\/fightingfilms.shop\/es\/wp-json\/wp\/v2\/giftcard-category?post=17117"}],"curies":[{"name":"wp","href":"https:\/\/api.w.org\/{rel}","templated":true}]}}