{"id":17273,"date":"2022-06-10T12:00:27","date_gmt":"2022-06-10T10:00:27","guid":{"rendered":"https:\/\/www.fightingfilms.shop\/produit\/judogi-superstar-650-gr-edicion-limitada\/"},"modified":"2022-06-10T12:00:27","modified_gmt":"2022-06-10T10:00:27","slug":"judogi-superstar-650-gr-edicion-limitada","status":"publish","type":"product","link":"https:\/\/fightingfilms.shop\/es\/produit\/judogi-superstar-650-gr-edicion-limitada\/","title":{"rendered":"Judogi Superstar 650 Gr edici\u00f3n limitada"},"content":{"rendered":"<p>El judogi Superstar 650 Gr de edici\u00f3n limitada con los colores de Francia es un kimono ideal para los <strong>practicantes habituales de<\/strong> judo y los que participan en competiciones.<\/p>\n<p>El <strong>kimono de judo Superstar 650 Fighting Films <\/strong>est\u00e1 fabricado en algod\u00f3n de alta calidad. El material es agradable al tacto y muy resistente. Adem\u00e1s de su robustez, <strong>encoge muy poco en<\/strong> el lavado. Nos encanta la chaqueta de grano de arroz con sus <strong>costuras traseras<\/strong> y <strong>solapas <\/strong><b>resistentes<\/b>, perfecta para los judokas m\u00e1s exigentes. Adem\u00e1s, la chaqueta <strong>tiene un corte acampanado en el vientre para permitir que el judogi se cruce correctamente. Pero m\u00e1s entallada que la Superstar 750. <\/strong> Los pantalones, en cambio, son holgados y est\u00e1n reforzados en la rodilla.<\/p>\n<p>Por \u00faltimo, la<strong> edici\u00f3n limitada Fighting Films Superstar 650 Gr judogi<\/strong> <strong>presenta un elegante gallo con los colores de Francia en el interior de la chaqueta<\/strong>, lo que le confiere un aspecto \u00fanico.<\/p>\n<p><strong>Instrucciones de cuidado :<\/strong><\/p>\n<ul>\n<li>Lavado a m\u00e1quina &#8211; 30\u00b0 m\u00e1x. &#8211; normal<\/li>\n<li>Sin blanqueo<\/li>\n<\/ul>\n<h5><strong>\u00bfC\u00f3mo elegir la talla correcta del kimono Fighting Films? <\/strong><\/h5>\n<p>Aconsejamos a todos nuestros clientes que elijan un kimono <strong>5 cm por debajo de su estatura<\/strong>. Si mides <strong>1m70<\/strong>, opta por la de <strong>165cm.<\/strong> Con nuestra experiencia y conocimiento de nuestros kimonos, podemos asegurarle que este es el m\u00e9todo adecuado.<\/p>\n<p>Si tienes dudas, no dudes en consultar el art\u00edculo sobre c\u00f3mo <a href=\"https:\/\/www.fightingfilms.shop\/comment-bien-choisir-la-taille-de-son-judogi\/\">elegir tu talla de kimono de judo<\/a> o contactar directamente con nosotros <a href=\"https:\/\/www.fightingfilms.shop\/contact\/\">aqu\u00ed<\/a>.<\/p>\n<p>Consulta el patr\u00f3n en la galer\u00eda para ver las dimensiones exactas.<\/p>\n<p>Tambi\u00e9n puede consultar nuestros diversos art\u00edculos sobre c\u00f3mo elegir su <a href=\"https:\/\/www.fightingfilms.shop\/categorie-produit\/kimonos-de-judo\/\">kimono de judo<\/a> o echar un vistazo a nuestros <a href=\"https:\/\/www.fightingfilms.shop\/categorie\/ceintures-de-judo\/\">cinturones de judo<\/a> para completar su atuendo.<\/p>\n<p>Descubra nuestros kimonos <a href=\"http:\/\/ijf.org\" rel=\"nofollow noopener\" target=\"_blank\">certificados por la FIJ<\/a> para competiciones internacionales.<\/p>\n<p>&nbsp;<\/p>\n<div id=\"kurato_extension_modal\"><\/div>\n<div id=\"kurato_extension_modal\"><\/div>\n<div id=\"kurato_extension_modal\"><\/div>\n<div id=\"kurato_extension_modal\"><\/div>\n<div id=\"kurato_extension_modal\"><\/div>\n<div id=\"kurato_extension_modal\"><\/div>\n","protected":false},"excerpt":{"rendered":"<p><strong>S\u00f3lo 30 ejemplares disponibles.<\/strong><\/p>\n<p>El judogi Superstar 650 Gr es una nueva gama de judogi m\u00e1s ligera y estilizada que la Superstar 750.<\/p>\n<p>M\u00e1s ligero, este judogi es perfecto para la competici\u00f3n.<\/p>\n<p>Este judogi m\u00e1s ligero tiene otra particularidad, un toque est\u00e9tico, con un gallo con los colores de Francia.<\/p>\n<p>Este kimono de judo es <strong>mixto<\/strong>.<\/p>\n<p><strong>\u00bfC\u00f3mo elegir la talla correcta del kimono Fighting Films? <\/strong><\/p>\n<p>Aconsejamos a todos nuestros clientes que elijan un kimono <strong>5 cm por debajo de su estatura<\/strong>. Si mides <strong>1m70<\/strong>, opta por la de <strong>165cm.<\/strong> Con nuestra experiencia y conocimiento de nuestros kimonos, podemos asegurarle que este es el m\u00e9todo adecuado.<\/p>\n<p>&nbsp;<\/p>\n<div id=\"kurato_extension_modal\"><\/div>\n<div id=\"kurato_extension_modal\"><\/div>\n<div id=\"kurato_extension_modal\"><\/div>\n<div id=\"kurato_extension_modal\"><\/div>\n<div id=\"kurato_extension_modal\"><\/div>\n<div id=\"kurato_extension_modal\"><\/div>\n","protected":false},"featured_media":24839,"comment_status":"","ping_status":"closed","template":"","meta":[],"product_brand":[],"product_cat":[448],"product_tag":[],"giftcard-category":[],"class_list":{"0":"post-17273","1":"product","2":"type-product","3":"status-publish","4":"has-post-thumbnail","6":"product_cat-kimonos-de-judo-es","7":"product_shipping_class-kimono-black-label-superstar-es","9":"first","10":"instock","11":"taxable","12":"shipping-taxable","13":"purchasable","14":"product-type-variable"},"exclude_global_add_ons":[],"addons":[],"_links":{"self":[{"href":"https:\/\/fightingfilms.shop\/es\/wp-json\/wp\/v2\/product\/17273","targetHints":{"allow":["GET"]}}],"collection":[{"href":"https:\/\/fightingfilms.shop\/es\/wp-json\/wp\/v2\/product"}],"about":[{"href":"https:\/\/fightingfilms.shop\/es\/wp-json\/wp\/v2\/types\/product"}],"replies":[{"embeddable":true,"href":"https:\/\/fightingfilms.shop\/es\/wp-json\/wp\/v2\/comments?post=17273"}],"wp:featuredmedia":[{"embeddable":true,"href":"https:\/\/fightingfilms.shop\/es\/wp-json\/wp\/v2\/media\/24839"}],"wp:attachment":[{"href":"https:\/\/fightingfilms.shop\/es\/wp-json\/wp\/v2\/media?parent=17273"}],"wp:term":[{"taxonomy":"product_brand","embeddable":true,"href":"https:\/\/fightingfilms.shop\/es\/wp-json\/wp\/v2\/product_brand?post=17273"},{"taxonomy":"product_cat","embeddable":true,"href":"https:\/\/fightingfilms.shop\/es\/wp-json\/wp\/v2\/product_cat?post=17273"},{"taxonomy":"product_tag","embeddable":true,"href":"https:\/\/fightingfilms.shop\/es\/wp-json\/wp\/v2\/product_tag?post=17273"},{"taxonomy":"giftcard-category","embeddable":true,"href":"https:\/\/fightingfilms.shop\/es\/wp-json\/wp\/v2\/giftcard-category?post=17273"}],"curies":[{"name":"wp","href":"https:\/\/api.w.org\/{rel}","templated":true}]}}