{"id":17437,"date":"2022-09-14T11:10:31","date_gmt":"2022-09-14T09:10:31","guid":{"rendered":"https:\/\/www.fightingfilms.shop\/produit\/tatami-de-judo-de-alto-rendimiento\/"},"modified":"2022-09-14T11:10:31","modified_gmt":"2022-09-14T09:10:31","slug":"tatami-de-judo-de-alto-rendimiento","status":"publish","type":"product","link":"https:\/\/fightingfilms.shop\/es\/produit\/tatami-de-judo-de-alto-rendimiento\/","title":{"rendered":"Tatami de judo de alto rendimiento"},"content":{"rendered":"<p>El tapete de judo Performance est\u00e1 fabricado con las m\u00e1s altas especificaciones.<\/p>\n<p>La alfombrilla Performance es ideal para clubes con un gran n\u00famero de socios. Su ligereza permite moverla con m\u00e1s facilidad que los tatamis ol\u00edmpicos. Pero sigue siendo muy resistente y lo suficientemente robusto como para acoger a judokas de todas las edades durante muchos a\u00f1os.<\/p>\n<p>Fabricado con vinilo de paja de arroz de alta calidad, especialmente impregnado para evitar que se agriete y permanecer flexible durante muchos a\u00f1os. Las alfombrillas tienen una base microcelular antideslizante con esquinas termosoldadas.<\/p>\n<p><strong>El tatami de judo de alto rendimiento tiene una densidad de 200 a 210 kg\/m3.<\/strong><\/p>\n<p>A diferencia de muchas imitaciones m\u00e1s baratas, el tatami Fighting Films est\u00e1 hecho para durar. Algunos de nuestros clientes siguen utilizando tatamis de judo Fighting Films de hace 30 a\u00f1os sin que el vinilo se agriete o la base antideslizante se despegue.<\/p>\n<p>Nuestros tatamis cumplen la <a href=\"https:\/\/www.ffjudo.com\/uploads\/elfinder\/ESPACE-SERVICE-INTERNET\/Construire%20un%20dojo\/5_10%20Salles%20de%20judo.pdf\" rel=\"nofollow noopener\" target=\"_blank\">norma europea EN 12503-3<\/a>.<\/p>\n<p>Las colchonetas Fighting Films se utilizaron en los Juegos de la Commonwealth de 2022, lo que demuestra la calidad de nuestros tatamis.<\/p>\n<p>Las alfombrillas est\u00e1n disponibles en tama\u00f1os est\u00e1ndar de : 2m x 1m y 1m x 1m, ambas de 40mm de grosor<\/p>\n<p>Tras seleccionar la densidad que se adapte a sus necesidades, elija entre una amplia gama de colores. Tambi\u00e9n hay disponibles dos tama\u00f1os de tatami.<\/p>\n<p>Descubra nuestros otros productos de judo Fighting Films, <a href=\"https:\/\/www.fightingfilms.shop\/categorie-produit\/kimonos-de-judo\/\">kimonos de judo<\/a>, accesorios de judo y textiles.<\/p>\n","protected":false},"excerpt":{"rendered":"<p>El tatami de judo Fighting Films est\u00e1 fabricado con <strong>vinilo de<\/strong> <strong>paja de arroz<\/strong> de alta calidad, impregnado especialmente para evitar que se agriete y mantener su flexibilidad durante muchos a\u00f1os. Las alfombrillas tienen una <strong>base<\/strong> microcelular antideslizante con esquinas termosoldadas.<\/p>\n<p>La alfombrilla Performance es ideal para clubes con un gran n\u00famero de socios. Su ligereza permite moverla con m\u00e1s facilidad que los tatamis ol\u00edmpicos. Pero sigue siendo extremadamente resistente y lo suficientemente robusto como para acoger a judokas de todas las edades durante muchos a\u00f1os.<\/p>\n<p><strong>El tatami de alto rendimiento tiene una densidad de 200 a 210 kg\/m3.<\/strong><\/p>\n","protected":false},"featured_media":17438,"comment_status":"","ping_status":"closed","template":"","meta":[],"product_brand":[],"product_cat":[515],"product_tag":[],"giftcard-category":[],"class_list":{"0":"post-17437","1":"product","2":"type-product","3":"status-publish","4":"has-post-thumbnail","6":"product_cat-para-los-clubes","7":"product_shipping_class-tatami-de-judo","9":"first","10":"outofstock","11":"taxable","12":"shipping-taxable","13":"purchasable","14":"product-type-variable"},"exclude_global_add_ons":[],"addons":[],"_links":{"self":[{"href":"https:\/\/fightingfilms.shop\/es\/wp-json\/wp\/v2\/product\/17437","targetHints":{"allow":["GET"]}}],"collection":[{"href":"https:\/\/fightingfilms.shop\/es\/wp-json\/wp\/v2\/product"}],"about":[{"href":"https:\/\/fightingfilms.shop\/es\/wp-json\/wp\/v2\/types\/product"}],"replies":[{"embeddable":true,"href":"https:\/\/fightingfilms.shop\/es\/wp-json\/wp\/v2\/comments?post=17437"}],"wp:featuredmedia":[{"embeddable":true,"href":"https:\/\/fightingfilms.shop\/es\/wp-json\/wp\/v2\/media\/17438"}],"wp:attachment":[{"href":"https:\/\/fightingfilms.shop\/es\/wp-json\/wp\/v2\/media?parent=17437"}],"wp:term":[{"taxonomy":"product_brand","embeddable":true,"href":"https:\/\/fightingfilms.shop\/es\/wp-json\/wp\/v2\/product_brand?post=17437"},{"taxonomy":"product_cat","embeddable":true,"href":"https:\/\/fightingfilms.shop\/es\/wp-json\/wp\/v2\/product_cat?post=17437"},{"taxonomy":"product_tag","embeddable":true,"href":"https:\/\/fightingfilms.shop\/es\/wp-json\/wp\/v2\/product_tag?post=17437"},{"taxonomy":"giftcard-category","embeddable":true,"href":"https:\/\/fightingfilms.shop\/es\/wp-json\/wp\/v2\/giftcard-category?post=17437"}],"curies":[{"name":"wp","href":"https:\/\/api.w.org\/{rel}","templated":true}]}}