{"id":17581,"date":"2022-04-15T15:27:49","date_gmt":"2022-04-15T13:27:49","guid":{"rendered":"https:\/\/www.fightingfilms.shop\/produit\/taza-fighting-films\/"},"modified":"2022-04-15T15:27:49","modified_gmt":"2022-04-15T13:27:49","slug":"taza-fighting-films","status":"publish","type":"product","link":"https:\/\/fightingfilms.shop\/es\/produit\/taza-fighting-films\/","title":{"rendered":"Taza Fighting Films"},"content":{"rendered":"<p>Por fin est\u00e1 aqu\u00ed nuestra nueva taza con los colores de Fighting Films. Disfruta de tus bebidas, fr\u00edas o calientes, en esta taza con el logotipo de Fighting Films.<\/p>\n<p>Si quieres una taza personalizada, tambi\u00e9n ofrecemos <a href=\"https:\/\/www.fightingfilms.shop\/produit\/mug-ceinture-judo-fighting-films\/\">tazas personalizables<\/a> con tu nombre.<\/p>\n<p>&nbsp;<\/p>\n<p>Permanezca atento a nuestras <a href=\"https:\/\/www.instagram.com\/fightingfilmseu\/\" rel=\"nofollow noopener\" target=\"_blank\">redes<\/a> sociales para no perderse ninguna novedad.<\/p>\n<p>&nbsp;<\/p>\n<div id=\"kurato_extension_modal\"><\/div>\n<div id=\"kurato_extension_modal\"><\/div>\n","protected":false},"excerpt":{"rendered":"<p>La taza Fighting Films con su logotipo rojo te est\u00e1 esperando.<\/p>\n<div id=\"kurato_extension_modal\"><\/div>\n<div id=\"kurato_extension_modal\"><\/div>\n","protected":false},"featured_media":17582,"comment_status":"","ping_status":"closed","template":"","meta":[],"product_brand":[],"product_cat":[499],"product_tag":[],"giftcard-category":[],"class_list":{"0":"post-17581","1":"product","2":"type-product","3":"status-publish","4":"has-post-thumbnail","6":"product_cat-accesorios-de-judo","8":"first","9":"instock","10":"taxable","11":"shipping-taxable","12":"purchasable","13":"product-type-simple"},"exclude_global_add_ons":[],"addons":[],"_links":{"self":[{"href":"https:\/\/fightingfilms.shop\/es\/wp-json\/wp\/v2\/product\/17581","targetHints":{"allow":["GET"]}}],"collection":[{"href":"https:\/\/fightingfilms.shop\/es\/wp-json\/wp\/v2\/product"}],"about":[{"href":"https:\/\/fightingfilms.shop\/es\/wp-json\/wp\/v2\/types\/product"}],"replies":[{"embeddable":true,"href":"https:\/\/fightingfilms.shop\/es\/wp-json\/wp\/v2\/comments?post=17581"}],"wp:featuredmedia":[{"embeddable":true,"href":"https:\/\/fightingfilms.shop\/es\/wp-json\/wp\/v2\/media\/17582"}],"wp:attachment":[{"href":"https:\/\/fightingfilms.shop\/es\/wp-json\/wp\/v2\/media?parent=17581"}],"wp:term":[{"taxonomy":"product_brand","embeddable":true,"href":"https:\/\/fightingfilms.shop\/es\/wp-json\/wp\/v2\/product_brand?post=17581"},{"taxonomy":"product_cat","embeddable":true,"href":"https:\/\/fightingfilms.shop\/es\/wp-json\/wp\/v2\/product_cat?post=17581"},{"taxonomy":"product_tag","embeddable":true,"href":"https:\/\/fightingfilms.shop\/es\/wp-json\/wp\/v2\/product_tag?post=17581"},{"taxonomy":"giftcard-category","embeddable":true,"href":"https:\/\/fightingfilms.shop\/es\/wp-json\/wp\/v2\/giftcard-category?post=17581"}],"curies":[{"name":"wp","href":"https:\/\/api.w.org\/{rel}","templated":true}]}}