{"id":17687,"date":"2022-09-22T15:54:22","date_gmt":"2022-09-22T13:54:22","guid":{"rendered":"https:\/\/www.fightingfilms.shop\/produit\/kimono-superstar-650gr-ijf\/"},"modified":"2026-03-11T00:00:19","modified_gmt":"2026-03-10T23:00:19","slug":"kimono-superstar-650gr-ijf","status":"publish","type":"product","link":"https:\/\/fightingfilms.shop\/es\/produit\/kimono-superstar-650gr-ijf\/","title":{"rendered":"Kimono Superstar 650Gr IJF"},"content":{"rendered":"<p>Manteniendo los mismos altos est\u00e1ndares de Fighting Films, el <strong>kimono IJF Superstar 650Gr<\/strong> es nuestro judogi de competici\u00f3n m\u00e1s ligero. <a href=\"http:\/\/ijf.org\" rel=\"nofollow noopener\" target=\"_blank\"><strong>aprobado por la IJF<\/strong><\/a>. Este kimono de judo se beneficia de un acabado meticuloso y materiales de calidad para garantizar un producto excelente. Este modelo es ideal para judokas experimentados que entrenan varias veces por semana. Al igual que nuestro superventas, el <a href=\"https:\/\/www.fightingfilms.shop\/produit\/kimonos-de-judo\/kimono-superstar-ijf-750-gr-figthting-films\/\">Superstar 750<\/a>, este kimono est\u00e1 <strong>homologado para todas las competiciones internacionales<\/strong>.<\/p>\n<p>Presentado por primera vez en un tama\u00f1o Super Slim para satisfacer espec\u00edficamente las necesidades de los j\u00f3venes judokas que son altos y delgados.<br \/>\nEste judogi se ha introducido espec\u00edficamente para los judokas que prefieren un <a href=\"https:\/\/www.fightingfilms.shop\/categorie-produit\/kimonos-de-judo\/\">kimono de judo<\/a> m\u00e1s ligero.<br \/>\nEl kimono Superstar 650gr IJF est\u00e1 disponible en <strong>blanco y en tallas de hasta 175 cm<\/strong>.<\/p>\n<h2>Lo m\u00e1s destacado del kimono de judo Superstar 650 Gr IJF:<\/h2>\n<p>El corte <strong>entallado<\/strong> te mantiene c\u00f3modo sin dar demasiada ventaja a tu oponente. Un kimono demasiado ancho facilita que tu adversario te agarre. Los pliegues en las axilas o los brazos pueden estorbar y favorecer al adversario. Este corte entallado es ideal para formas corporales delgadas y alargadas, por lo que resulta m\u00e1s c\u00f3modo y m\u00e1s competitivo.<\/p>\n<p>El corte <strong>Super Slim<\/strong> es a\u00fan m\u00e1s entallado y resulta ideal para las personas muy delgadas y a las que les gusta el kimono muy ce\u00f1ido al cuerpo.<\/p>\n<p>Al igual que nuestro superventas, el <a href=\"https:\/\/www.fightingfilms.shop\/produit\/kimonos-de-judo\/kimono-superstar-ijf-750-gr-figthting-films\/\">Superstar 750<\/a>, este kimono est\u00e1 homologado para todas las competiciones internacionales.<\/p>\n<ul>\n<li><em><strong>3% de encogimiento<\/strong><\/em><\/li>\n<li>Corte entallado<\/li>\n<li>Normas de la FIJ<\/li>\n<li>judogi mixto<\/li>\n<li>de 145 a 180 cm<\/li>\n<\/ul>\n<h2><strong>\u00bfC\u00f3mo elegir la talla correcta del kimono Superstar 650 GR IJF? <\/strong><\/h2>\n<p>Aconsejamos a todos nuestros clientes que elijan un kimono <strong>5 cm por debajo de su estatura<\/strong>. Si mides <strong>1m70<\/strong>, opta por la de <strong>165cm.<\/strong> Con nuestra experiencia y conocimiento de nuestros kimonos, podemos asegurarle que este es el m\u00e9todo adecuado.<\/p>\n<p>Si tienes dudas, no dudes en consultar el art\u00edculo sobre c\u00f3mo <a href=\"https:\/\/www.fightingfilms.shop\/comment-bien-choisir-la-taille-de-son-judogi\/\">elegir la talla de tu kimono de judo<\/a> o en ponerte en contacto directamente con nosotros por correo electr\u00f3nico o tel\u00e9fono.<\/p>\n<p>Adem\u00e1s, si no est\u00e1 seguro de qu\u00e9 talla elegir, qu\u00e9 corte necesita o simplemente quiere probar los judogis antes de comprarlos, venga a visitar nuestra tienda de Par\u00eds, situada en 1 rue des messageries, 75010 Par\u00eds.<\/p>\n<p>Inf\u00f3rmese sobre nuestros productos o haga bordar sus judogis y cinturones en unos minutos en nuestra <a href=\"https:\/\/www.fightingfilms.shop\/le-magasin-de-judo-n1-a-paris\/\">tienda de judo n\u00ba 1 de<\/a> Par\u00eds.<\/p>\n<p>Por \u00faltimo, descubra nuestras otras gamas de kimonos de judo. Para j\u00f3venes y mayores, para principiantes y campeones. Fighting Films est\u00e1 aqu\u00ed para usted.<\/p>\n<p>Fighting Films lanza su primera gama de kimonos de <a href=\"https:\/\/www.fightingfilms.shop\/produit\/kimono-de-jiu-jitsu-bresilien\/\">jiu-jitsu<\/a> brasile\u00f1o. El dise\u00f1o \u00fanico de la marca vuelve en estos nuevos kimonos, derivados de un arte marcial relacionado con el judo.<\/p>\n<div id=\"kurato_extension_modal\"><\/div>\n<div id=\"kurato_extension_modal\"><\/div>\n<div id=\"kurato_extension_modal\"><\/div>\n<div id=\"kurato_extension_modal\"><\/div>\n<div id=\"kurato_extension_modal\"><\/div>\n","protected":false},"excerpt":{"rendered":"<p>El <strong>kimono Superstar 650Gr IJF<\/strong> se adhiere a los mismos altos est\u00e1ndares de Fighting Films. <strong><a href=\"https:\/\/www.fightingfilms.shop\/kimonos-judo-competition\/\">kimono de judo de competici\u00f3n<\/a><\/strong> kimono de competici\u00f3n<strong>aprobado por la IJF<\/strong>.<\/p>\n<p>Presentado por primera vez en un tama\u00f1o Super Slim para satisfacer espec\u00edficamente las necesidades de los j\u00f3venes judokas que son altos y delgados.<br \/>\nEste judogi se ha introducido espec\u00edficamente para los judokas que prefieren un <a href=\"https:\/\/www.fightingfilms.shop\/categorie-produit\/kimonos-de-judo\/\">kimono de judo<\/a> m\u00e1s ligero.<br \/>\nDisponible en blanco hasta la talla 175 cm.<\/p>\n<p>El judogi Superstar 650 Gr IJF es unisex.<\/p>\n<p><strong>\u00bfC\u00f3mo elegir la talla correcta del kimono Fighting Films? <\/strong><\/p>\n<p>Aconsejamos a todos nuestros clientes que elijan un kimono <strong>5 cm por debajo de su estatura<\/strong>. Si mides <strong>1m70<\/strong>, opta por la de <strong>165cm.<\/strong> Con nuestra experiencia y conocimiento de nuestros kimonos, podemos asegurarle que este es el m\u00e9todo adecuado.<\/p>\n<h4 id=\"kurato_extension_modal\">\u00bfA\u00fan no sabe qu\u00e9 talla de judogi elegir? Descubra nuestra <strong><a href=\"http:\/\/tinyurl.com\/2mjwnc4w\">Gu\u00eda de tallas .<\/a><\/strong><\/h4>\n<div id=\"kurato_extension_modal\"><\/div>\n<div id=\"kurato_extension_modal\"><\/div>\n<div id=\"kurato_extension_modal\"><\/div>\n<div id=\"kurato_extension_modal\"><\/div>\n","protected":false},"featured_media":23088,"comment_status":"closed","ping_status":"closed","template":"","meta":[],"product_brand":[],"product_cat":[448,995],"product_tag":[],"giftcard-category":[],"class_list":{"0":"post-17687","1":"product","2":"type-product","3":"status-publish","4":"has-post-thumbnail","6":"product_cat-kimonos-de-judo-es","7":"product_cat-judogi-ijf","8":"product_shipping_class-kimono-black-label-superstar-es","10":"first","11":"instock","12":"taxable","13":"shipping-taxable","14":"purchasable","15":"product-type-variable"},"exclude_global_add_ons":[],"addons":[],"_links":{"self":[{"href":"https:\/\/fightingfilms.shop\/es\/wp-json\/wp\/v2\/product\/17687","targetHints":{"allow":["GET"]}}],"collection":[{"href":"https:\/\/fightingfilms.shop\/es\/wp-json\/wp\/v2\/product"}],"about":[{"href":"https:\/\/fightingfilms.shop\/es\/wp-json\/wp\/v2\/types\/product"}],"replies":[{"embeddable":true,"href":"https:\/\/fightingfilms.shop\/es\/wp-json\/wp\/v2\/comments?post=17687"}],"wp:featuredmedia":[{"embeddable":true,"href":"https:\/\/fightingfilms.shop\/es\/wp-json\/wp\/v2\/media\/23088"}],"wp:attachment":[{"href":"https:\/\/fightingfilms.shop\/es\/wp-json\/wp\/v2\/media?parent=17687"}],"wp:term":[{"taxonomy":"product_brand","embeddable":true,"href":"https:\/\/fightingfilms.shop\/es\/wp-json\/wp\/v2\/product_brand?post=17687"},{"taxonomy":"product_cat","embeddable":true,"href":"https:\/\/fightingfilms.shop\/es\/wp-json\/wp\/v2\/product_cat?post=17687"},{"taxonomy":"product_tag","embeddable":true,"href":"https:\/\/fightingfilms.shop\/es\/wp-json\/wp\/v2\/product_tag?post=17687"},{"taxonomy":"giftcard-category","embeddable":true,"href":"https:\/\/fightingfilms.shop\/es\/wp-json\/wp\/v2\/giftcard-category?post=17687"}],"curies":[{"name":"wp","href":"https:\/\/api.w.org\/{rel}","templated":true}]}}