{"id":17739,"date":"2022-04-19T16:25:20","date_gmt":"2022-04-19T14:25:20","guid":{"rendered":"https:\/\/www.fightingfilms.shop\/produit\/mi-primer-kimono\/"},"modified":"2024-02-07T11:59:33","modified_gmt":"2024-02-07T10:59:33","slug":"mi-primer-kimono","status":"publish","type":"product","link":"https:\/\/fightingfilms.shop\/es\/produit\/mi-primer-kimono\/","title":{"rendered":"Mi primer kimono"},"content":{"rendered":"<p>Mi primer kimono es perfecto para los ni\u00f1os que se inician en el judo a una edad temprana. Con un peso del material de 185 g, este kimono de judo para ni\u00f1os es una opci\u00f3n econ\u00f3mica e ideal para acompa\u00f1ar a un ni\u00f1o en su primera temporada.<\/p>\n<p>Fabricada con un 65% de algod\u00f3n y un 35% de poli\u00e9ster.<\/p>\n<p>Ligero y con un bonito acabado, cada judogi lleva el logotipo de Fighting Films en cada manga. Los pantalones tienen cintura el\u00e1stica.<\/p>\n<p>Estos kimonos est\u00e1n disponibles en tallas de 100 a 150 cm. A partir de 4 a\u00f1os. Cuando su hijo mida m\u00e1s de 150 cm, podr\u00e1 comprar el <a href=\"https:\/\/www.fightingfilms.shop\/produit\/kimono-de-judo-red-label-500-gr\/\">judogi<\/a> Etiqueta Roja. Puede ser utilizado tanto por ni\u00f1os como por adultos para la pr\u00e1ctica regular del judo.<\/p>\n<p>Es el equipo ideal para un ni\u00f1o peque\u00f1o que se inicia en el judo. Excelente relaci\u00f3n calidad-precio.<\/p>\n<p>El kimono de judo para ni\u00f1os incluye un cintur\u00f3n blanco. Si tu hijo ya tiene un grado superior, puedes comprar <a href=\"https:\/\/www.fightingfilms.shop\/produit\/ceintures-de-judo\/ceinture-club-de-couleur\/\">cinturones de judo<\/a> de todos los colores.<\/p>\n<p>Si tu hijo ya est\u00e1 familiarizado con el mundo del judo, no dudes en optar por la gama m\u00e1s alta, los <a href=\"https:\/\/www.fightingfilms.shop\/categorie\/kimonos\/kimonos-de-judo\/kimonos-enfants\/\">kimonos de judo para ni\u00f1os<\/a> Hajime.<\/p>\n<p>Para otros productos especialmente dise\u00f1ados para ni\u00f1os, visite <a href=\"https:\/\/fightingfilms.com\/collections\/kids-zone\" rel=\"nofollow noopener\" target=\"_blank\">FightingFilms.com<\/a><\/p>\n<p>&nbsp;<\/p>\n<div id=\"kurato_extension_modal\"><\/div>\n","protected":false},"excerpt":{"rendered":"<p>Es el kimono de judo infantil ideal para <strong>iniciarse en el judo<\/strong> con las mejores bazas. Este kimono de judo para ni\u00f1os est\u00e1 confeccionado en tela y es muy ligero, para que puedas descubrir el judo con total comodidad.<\/p>\n<div id=\"kurato_extension_modal\"><\/div>\n","protected":false},"featured_media":19675,"comment_status":"closed","ping_status":"closed","template":"","meta":[],"product_brand":[],"product_cat":[448,558],"product_tag":[],"giftcard-category":[],"class_list":{"0":"post-17739","1":"product","2":"type-product","3":"status-publish","4":"has-post-thumbnail","6":"product_cat-kimonos-de-judo-es","7":"product_cat-kimonos-para-ninos","8":"product_shipping_class-ninoskimono-etiqueta-roja","10":"first","11":"instock","12":"taxable","13":"shipping-taxable","14":"purchasable","15":"product-type-variable"},"exclude_global_add_ons":[],"addons":[],"_links":{"self":[{"href":"https:\/\/fightingfilms.shop\/es\/wp-json\/wp\/v2\/product\/17739","targetHints":{"allow":["GET"]}}],"collection":[{"href":"https:\/\/fightingfilms.shop\/es\/wp-json\/wp\/v2\/product"}],"about":[{"href":"https:\/\/fightingfilms.shop\/es\/wp-json\/wp\/v2\/types\/product"}],"replies":[{"embeddable":true,"href":"https:\/\/fightingfilms.shop\/es\/wp-json\/wp\/v2\/comments?post=17739"}],"wp:featuredmedia":[{"embeddable":true,"href":"https:\/\/fightingfilms.shop\/es\/wp-json\/wp\/v2\/media\/19675"}],"wp:attachment":[{"href":"https:\/\/fightingfilms.shop\/es\/wp-json\/wp\/v2\/media?parent=17739"}],"wp:term":[{"taxonomy":"product_brand","embeddable":true,"href":"https:\/\/fightingfilms.shop\/es\/wp-json\/wp\/v2\/product_brand?post=17739"},{"taxonomy":"product_cat","embeddable":true,"href":"https:\/\/fightingfilms.shop\/es\/wp-json\/wp\/v2\/product_cat?post=17739"},{"taxonomy":"product_tag","embeddable":true,"href":"https:\/\/fightingfilms.shop\/es\/wp-json\/wp\/v2\/product_tag?post=17739"},{"taxonomy":"giftcard-category","embeddable":true,"href":"https:\/\/fightingfilms.shop\/es\/wp-json\/wp\/v2\/giftcard-category?post=17739"}],"curies":[{"name":"wp","href":"https:\/\/api.w.org\/{rel}","templated":true}]}}