{"id":17832,"date":"2022-03-28T16:08:26","date_gmt":"2022-03-28T14:08:26","guid":{"rendered":"https:\/\/www.fightingfilms.shop\/produit\/bolsa-de-lona-para-ordenador-judogi\/"},"modified":"2022-03-28T16:08:26","modified_gmt":"2022-03-28T14:08:26","slug":"bolsa-de-lona-para-ordenador-judogi","status":"publish","type":"product","link":"https:\/\/fightingfilms.shop\/es\/produit\/bolsa-de-lona-para-ordenador-judogi\/","title":{"rendered":"Bolsa de lona para ordenador Judogi"},"content":{"rendered":"<p>La bolsa de ordenador de lona judogi es nuestro producto m\u00e1s exclusivo. Es el producto ideal para proteger su ordenador y, al mismo tiempo, marcar estilo.<\/p>\n<p>El color azul y el <strong>tejido de los kimonos<\/strong> de judo hacen de la bolsa de ordenador de lona judogi un accesorio perfecto para los aficionados al judo.<\/p>\n<p>La calidad del tejido judogi ofrece una protecci\u00f3n reforzada de alta calidad y un tacto agradable.<\/p>\n<p>La manga es lisa por un lado, bordada con un <strong>kanji<\/strong> que significa <strong>judo<\/strong> en negro y un <strong>logotipo<\/strong> rojo <strong>de FightingFilms<\/strong> por el otro.<\/p>\n<p>La funda protege ordenadores de <strong>hasta 13,5&#8243;<\/strong>.<\/p>\n<p>En nuestro sitio web encontrar\u00e1 otros <a href=\"https:\/\/www.fightingfilms.shop\/categorie\/accessoires-de-judo\/\">accesorios de judo<\/a>.<\/p>\n<p>La funda es perfecta para todos sus ordenadores, especialmente los Macbook <a href=\"https:\/\/www.apple.com\/fr\/mac\/\" rel=\"nofollow noopener\" target=\"_blank\">de Apple<\/a>.<\/p>\n<div id=\"kurato_extension_modal\"><\/div>\n<div id=\"kurato_extension_modal\"><\/div>\n<div id=\"kurato_extension_modal\"><\/div>\n","protected":false},"excerpt":{"rendered":"<p>Ya est\u00e1 disponible la bolsa de lona para ordenador judogi de Fighting Films. Su dise\u00f1o exclusivo presenta un <strong>kanji<\/strong> de judo bordado en negro y el logotipo de Fighting Films bordado en rojo. Todo en tela azul judogi, del mismo color que los kimonos de judo.<\/p>\n<p>La funda para port\u00e1til est\u00e1 disponible para port\u00e1tiles de <strong>13,5&#8243;<\/strong> e inferiores.<\/p>\n<p>El <strong>material<\/strong> es el mismo que se utiliza para los <strong>kimonos<\/strong>, por lo que la funda es extremadamente resistente para proteger el ordenador.<\/p>\n<div id=\"kurato_extension_modal\"><\/div>\n<div id=\"kurato_extension_modal\"><\/div>\n<div id=\"kurato_extension_modal\"><\/div>\n","protected":false},"featured_media":27119,"comment_status":"","ping_status":"closed","template":"","meta":[],"product_brand":[],"product_cat":[499],"product_tag":[],"giftcard-category":[],"class_list":{"0":"post-17832","1":"product","2":"type-product","3":"status-publish","4":"has-post-thumbnail","6":"product_cat-accesorios-de-judo","8":"first","9":"outofstock","10":"taxable","11":"shipping-taxable","12":"purchasable","13":"product-type-simple"},"exclude_global_add_ons":[],"addons":[],"_links":{"self":[{"href":"https:\/\/fightingfilms.shop\/es\/wp-json\/wp\/v2\/product\/17832","targetHints":{"allow":["GET"]}}],"collection":[{"href":"https:\/\/fightingfilms.shop\/es\/wp-json\/wp\/v2\/product"}],"about":[{"href":"https:\/\/fightingfilms.shop\/es\/wp-json\/wp\/v2\/types\/product"}],"replies":[{"embeddable":true,"href":"https:\/\/fightingfilms.shop\/es\/wp-json\/wp\/v2\/comments?post=17832"}],"wp:featuredmedia":[{"embeddable":true,"href":"https:\/\/fightingfilms.shop\/es\/wp-json\/wp\/v2\/media\/27119"}],"wp:attachment":[{"href":"https:\/\/fightingfilms.shop\/es\/wp-json\/wp\/v2\/media?parent=17832"}],"wp:term":[{"taxonomy":"product_brand","embeddable":true,"href":"https:\/\/fightingfilms.shop\/es\/wp-json\/wp\/v2\/product_brand?post=17832"},{"taxonomy":"product_cat","embeddable":true,"href":"https:\/\/fightingfilms.shop\/es\/wp-json\/wp\/v2\/product_cat?post=17832"},{"taxonomy":"product_tag","embeddable":true,"href":"https:\/\/fightingfilms.shop\/es\/wp-json\/wp\/v2\/product_tag?post=17832"},{"taxonomy":"giftcard-category","embeddable":true,"href":"https:\/\/fightingfilms.shop\/es\/wp-json\/wp\/v2\/giftcard-category?post=17832"}],"curies":[{"name":"wp","href":"https:\/\/api.w.org\/{rel}","templated":true}]}}