{"id":17920,"date":"2022-03-09T16:50:55","date_gmt":"2022-03-09T15:50:55","guid":{"rendered":"https:\/\/www.fightingfilms.shop\/produit\/chaqueta-de-jogging\/"},"modified":"2024-04-02T14:31:02","modified_gmt":"2024-04-02T12:31:02","slug":"chaqueta-de-jogging","status":"publish","type":"product","link":"https:\/\/fightingfilms.shop\/es\/produit\/chaqueta-de-jogging\/","title":{"rendered":"chaqueta de jogging"},"content":{"rendered":"<p>Ya est\u00e1 disponible la chaqueta de jogging Fighting Films, ideal para entrenar y mantener el calor entre combate y combate.<\/p>\n<p>Esta chaqueta m\u00e1s bien sobria es perfecta para llevar a diario. El logotipo de Fighting Films est\u00e1 sutilmente bordado en el coraz\u00f3n, lo que hace que la chaqueta sea accesible para todos.<\/p>\n<p>La chaqueta est\u00e1 disponible en negro con el logotipo FF en rojo.<\/p>\n<p>Se trata de un producto unisex disponible en tallas de la S a la XL.<\/p>\n<p>Eche un vistazo a nuestros otros productos <a href=\"https:\/\/www.fightingfilms.shop\/categorie\/textile-de-judo\/\">textiles<\/a> y especializados en <a href=\"https:\/\/www.fightingfilms.shop\/categorie-produit\/kimonos-de-judo\/\">judo<\/a>.<\/p>\n<p>Nuestro socio <a href=\"https:\/\/www.keiko-gi.com\/\" rel=\"nofollow noopener\" target=\"_blank\">Keiko-gi<\/a> tambi\u00e9n ofrece telas para kimonos.<\/p>\n<div id=\"kurato_extension_modal\"><\/div>\n<div id=\"kurato_extension_modal\"><\/div>\n","protected":false},"excerpt":{"rendered":"<p>La chaqueta de jogging Fighting Films ya est\u00e1 disponible para los aficionados al judo y no s\u00f3lo a \u00e9l. Esta chaqueta conserva el esp\u00edritu de la marca, con el logotipo de Fighting Films en el coraz\u00f3n, y es perfecta para los entusiastas de todos los deportes.<\/p>\n<p>Para los practicantes de judo, esta chaqueta es ideal para entrenar o mantener el calor entre combate y combate.<\/p>\n<p>Este modelo unisex est\u00e1 disponible en negro con el logotipo de Fighting Films bordado en rojo en el coraz\u00f3n.<\/p>\n<p>&nbsp;<\/p>\n<div id=\"kurato_extension_modal\"><\/div>\n<div id=\"kurato_extension_modal\"><\/div>\n","protected":false},"featured_media":17921,"comment_status":"closed","ping_status":"closed","template":"","meta":[],"product_brand":[],"product_cat":[493],"product_tag":[],"giftcard-category":[],"class_list":{"0":"post-17920","1":"product","2":"type-product","3":"status-publish","4":"has-post-thumbnail","6":"product_cat-tejidos-de-judo","7":"product_shipping_class-textiles","9":"first","10":"instock","11":"taxable","12":"shipping-taxable","13":"purchasable","14":"product-type-variable"},"exclude_global_add_ons":[],"addons":[],"_links":{"self":[{"href":"https:\/\/fightingfilms.shop\/es\/wp-json\/wp\/v2\/product\/17920","targetHints":{"allow":["GET"]}}],"collection":[{"href":"https:\/\/fightingfilms.shop\/es\/wp-json\/wp\/v2\/product"}],"about":[{"href":"https:\/\/fightingfilms.shop\/es\/wp-json\/wp\/v2\/types\/product"}],"replies":[{"embeddable":true,"href":"https:\/\/fightingfilms.shop\/es\/wp-json\/wp\/v2\/comments?post=17920"}],"wp:featuredmedia":[{"embeddable":true,"href":"https:\/\/fightingfilms.shop\/es\/wp-json\/wp\/v2\/media\/17921"}],"wp:attachment":[{"href":"https:\/\/fightingfilms.shop\/es\/wp-json\/wp\/v2\/media?parent=17920"}],"wp:term":[{"taxonomy":"product_brand","embeddable":true,"href":"https:\/\/fightingfilms.shop\/es\/wp-json\/wp\/v2\/product_brand?post=17920"},{"taxonomy":"product_cat","embeddable":true,"href":"https:\/\/fightingfilms.shop\/es\/wp-json\/wp\/v2\/product_cat?post=17920"},{"taxonomy":"product_tag","embeddable":true,"href":"https:\/\/fightingfilms.shop\/es\/wp-json\/wp\/v2\/product_tag?post=17920"},{"taxonomy":"giftcard-category","embeddable":true,"href":"https:\/\/fightingfilms.shop\/es\/wp-json\/wp\/v2\/giftcard-category?post=17920"}],"curies":[{"name":"wp","href":"https:\/\/api.w.org\/{rel}","templated":true}]}}