{"id":18331,"date":"2021-06-10T18:53:17","date_gmt":"2021-06-10T16:53:17","guid":{"rendered":"https:\/\/www.fightingfilms.shop\/produit\/sac-de-judo-bakku-pakku-fighting-films\/"},"modified":"2025-09-12T13:16:53","modified_gmt":"2025-09-12T11:16:53","slug":"sac-de-judo-bakku-pakku-fighting-films","status":"publish","type":"product","link":"https:\/\/fightingfilms.shop\/es\/produit\/sac-de-judo-bakku-pakku-fighting-films\/","title":{"rendered":"Saco de judo Bakku Pakku"},"content":{"rendered":"<p>Descubre nuestra bolsa de judo Bakku Pakku. Su nombre deriva de la palabra \u00abmochila\u00bb, que le da un sonido japon\u00e9s.<\/p>\n<p>Esta bolsa de judo est\u00e1 disponible en gris y se puede utilizar tanto para entrenar como para ir de vacaciones al otro extremo del mundo. Su capacidad de 50 L te permite guardar hasta dos <a href=\"https:\/\/www.fightingfilms.shop\/categorie\/kimonos\/kimonos-de-judo\/\">kimonos de judo<\/a> de adulto. Adem\u00e1s, puedes a\u00f1adir tus <a href=\"https:\/\/www.fightingfilms.shop\/categorie\/ceintures-de-judo\/\">cinturones de judo<\/a>, chanclas y otros accesorios de entrenamiento.<\/p>\n<p>Con sus 50L, \u00a1esta bolsa de judo es muy f\u00e1cil de llevar en cabina!<\/p>\n<p>Puedes llevarla a mano o como mochila gracias a sus c\u00f3modas correas. La bolsa es impermeable.<\/p>\n<p>Encontrar\u00e1s el legendario logotipo de Fighting Films en la parte inferior de la bolsa de judo Bakku Pakku. \u00a1Y estos discretos acabados a\u00f1aden un estilo \u00fanico a tu bolsa de judo!<\/p>\n<p><strong>Tama\u00f1o : 32,5 X 53 X 32,5 Cm<\/strong><\/p>\n<dl class=\"pdp-specifications-list\">\n<dt class=\"pdp-specifications-list-name\"><strong>Volumen : 50 Litros<\/strong><\/dt>\n<\/dl>\n<h2>Almacenamiento del saco de judo Bakku Pakku:<\/h2>\n<ul>\n<li>Gran bolsillo principal para 2 kimonos de adulto y algunos accesorios<\/li>\n<li>La bolsa tiene un bolsillo de malla con cremallera en el bolsillo principal.<\/li>\n<li>Bolsillo con cremallera en el extremo de la bolsa.<\/li>\n<\/ul>\n<div id=\"kurato_extension_modal\"><\/div>\n<div id=\"kurato_extension_modal\"><\/div>\n<div id=\"kurato_extension_modal\"><\/div>\n<div id=\"kurato_extension_modal\"><\/div>\n<div id=\"kurato_extension_modal\"><\/div>\n<div id=\"kurato_extension_modal\"><\/div>\n<div id=\"kurato_extension_modal\"><\/div>\n<div id=\"kurato_extension_modal\"><\/div>\n<div id=\"kurato_extension_modal\"><\/div>\n<div id=\"kurato_extension_modal\"><\/div>\n","protected":false},"excerpt":{"rendered":"<p>Descubre el nuevo saco de judo Bakku Pakku. \u00a1M\u00e1s fuerte, m\u00e1s grande y m\u00e1s en los colores de Fighting Films que el modelo antiguo! Disponible en gris y negro para que luzcas tu mejor aspecto en el dojo.<\/p>\n<p>Podr\u00e1s poner 2 <a href=\"https:\/\/www.fightingfilms.shop\/categorie\/kimonos\/kimonos-de-judo\/\">Judogis<\/a> dentro sin preocupaciones. La bolsa es perfecta para viajar, ya que ser\u00e1 aceptada en cabina por la mayor\u00eda de las compa\u00f1\u00edas a\u00e9reas.<\/p>\n<p>La bolsa Bakku Pakku tiene un tejido resistente y protege tus pertenencias de la lluvia porque es impermeable.<\/p>\n<div id=\"kurato_extension_modal\"><\/div>\n<div id=\"kurato_extension_modal\"><\/div>\n<div id=\"kurato_extension_modal\"><\/div>\n<div id=\"kurato_extension_modal\"><\/div>\n<div id=\"kurato_extension_modal\"><\/div>\n<div id=\"kurato_extension_modal\"><\/div>\n<div id=\"kurato_extension_modal\"><\/div>\n<div id=\"kurato_extension_modal\"><\/div>\n<div id=\"kurato_extension_modal\"><\/div>\n<div id=\"kurato_extension_modal\"><\/div>\n","protected":false},"featured_media":26083,"comment_status":"closed","ping_status":"closed","template":"","meta":[],"product_brand":[],"product_cat":[499,1054],"product_tag":[],"giftcard-category":[],"class_list":{"0":"post-18331","1":"product","2":"type-product","3":"status-publish","4":"has-post-thumbnail","6":"product_cat-accesorios-de-judo","7":"product_cat-saco-de-judo","8":"product_shipping_class-accesorios","10":"first","11":"instock","12":"taxable","13":"shipping-taxable","14":"purchasable","15":"product-type-variable"},"exclude_global_add_ons":[],"addons":[],"_links":{"self":[{"href":"https:\/\/fightingfilms.shop\/es\/wp-json\/wp\/v2\/product\/18331","targetHints":{"allow":["GET"]}}],"collection":[{"href":"https:\/\/fightingfilms.shop\/es\/wp-json\/wp\/v2\/product"}],"about":[{"href":"https:\/\/fightingfilms.shop\/es\/wp-json\/wp\/v2\/types\/product"}],"replies":[{"embeddable":true,"href":"https:\/\/fightingfilms.shop\/es\/wp-json\/wp\/v2\/comments?post=18331"}],"wp:featuredmedia":[{"embeddable":true,"href":"https:\/\/fightingfilms.shop\/es\/wp-json\/wp\/v2\/media\/26083"}],"wp:attachment":[{"href":"https:\/\/fightingfilms.shop\/es\/wp-json\/wp\/v2\/media?parent=18331"}],"wp:term":[{"taxonomy":"product_brand","embeddable":true,"href":"https:\/\/fightingfilms.shop\/es\/wp-json\/wp\/v2\/product_brand?post=18331"},{"taxonomy":"product_cat","embeddable":true,"href":"https:\/\/fightingfilms.shop\/es\/wp-json\/wp\/v2\/product_cat?post=18331"},{"taxonomy":"product_tag","embeddable":true,"href":"https:\/\/fightingfilms.shop\/es\/wp-json\/wp\/v2\/product_tag?post=18331"},{"taxonomy":"giftcard-category","embeddable":true,"href":"https:\/\/fightingfilms.shop\/es\/wp-json\/wp\/v2\/giftcard-category?post=18331"}],"curies":[{"name":"wp","href":"https:\/\/api.w.org\/{rel}","templated":true}]}}