{"id":18360,"date":"2021-12-17T17:05:01","date_gmt":"2021-12-17T16:05:01","guid":{"rendered":"https:\/\/www.fightingfilms.shop\/produit\/chaqueta-de-lona-judogi\/"},"modified":"2024-05-22T15:43:51","modified_gmt":"2024-05-22T13:43:51","slug":"chaqueta-de-lona-judogi","status":"publish","type":"product","link":"https:\/\/fightingfilms.shop\/es\/produit\/chaqueta-de-lona-judogi\/","title":{"rendered":"Chaqueta kimono"},"content":{"rendered":"<p>Descubre nuestra <strong>chaqueta de lona kimono<\/strong>, imprescindible tanto para los entusiastas de las artes marciales como para los amantes de <strong>la moda<\/strong>. Dise\u00f1ada con especial atenci\u00f3n al detalle, esta chaqueta combina tradici\u00f3n y modernidad para ofrecer un confort \u00f3ptimo y un estilo elegante.<\/p>\n<p>Fabricada con lona de algod\u00f3n de alta calidad mediante la t\u00e9cnica japonesa del bordado <strong>\u00abSashiko<\/strong> \u00ab, esta chaqueta es a la vez resistente y suave al tacto. El tejido de kimono es conocido por su durabilidad y resistencia, lo que lo convierte en la elecci\u00f3n perfecta para el uso diario y una <strong>larga vida \u00fatil<\/strong>.<\/p>\n<p>Inspirada en las chaquetas <a href=\"https:\/\/www.fightingfilms.shop\/categorie\/kimonos\/kimonos-de-judo\/\">kimono tradicionales de judo<\/a>, nuestra chaqueta kimono de lona tiene un corte holgado y c\u00f3modo con una amplia abertura en los pu\u00f1os. Los <strong>detalles de las costuras<\/strong> y los acabados aplicados recuerdan la meticulosidad de los kimonos de judo.<\/p>\n<p>Ya sea para una salida informal con amigos en primavera, o para una velada m\u00e1s chic en una tarde de verano, su ligereza y comodidad la convierten en una <strong>chaqueta de entretiempo<\/strong> excepcional. Sus dos bolsillos interiores son perfectos para guardar tus gafas de sol cuando oscurece.<\/p>\n<p><strong>Lavable a m\u00e1quina<\/strong>, la chaqueta de lona kimono es extremadamente resistente, por lo que no perder\u00e1 ni el color ni la forma a pesar de los lavados repetidos.<\/p>\n<p>A\u00f1ade un toque de <strong>tradici\u00f3n y sofisticaci\u00f3n<\/strong> a tu colecci\u00f3n con nuestra chaqueta kimono de lona. Tanto si practicas artes marciales como si simplemente buscas una pieza \u00fanica y con estilo, esta chaqueta cumplir\u00e1 tus expectativas.<\/p>\n<p><strong>Caracter\u00edsticas :<\/strong><\/p>\n<ul>\n<li>Material: lona kimono, 100% algod\u00f3n de grano de arroz<\/li>\n<li>Cuidado: 30\u00b0 m\u00e1ximo<\/li>\n<li>Disponible en negro y azul<\/li>\n<li>Fabricado en China<\/li>\n<\/ul>\n<div id=\"kurato_extension_modal\"><\/div>\n<div id=\"kurato_extension_modal\"><\/div>\n<div id=\"kurato_extension_modal\"><\/div>\n<div id=\"kurato_extension_modal\"><\/div>\n","protected":false},"excerpt":{"rendered":"<p>La chaqueta de lona kimono de nuestro socio Keiko-Gi puede convertirse f\u00e1cilmente en una pieza imprescindible de tu armario.<\/p>\n<p>Confeccionada en <strong>algod\u00f3n 100% grano de arroz<\/strong>, su corte recto le confiere un aire chic y desenfadado a la vez. El doble cuello, la cremallera dorada, los bolsillos y el<strong><em>efecto kimono<\/em><\/strong>le confieren un estilo \u00fanico y distintivo.<\/p>\n<p><strong><em>C\u00f3moda<\/em> y <em>resistente<\/em><\/strong>, esta chaqueta de manga larga es perfecta para el entretiempo, para llevar de d\u00eda o para salir por la noche. Es el compa\u00f1ero perfecto para <strong>cualquier ocasi\u00f3n<\/strong>.<\/p>\n<div id=\"kurato_extension_modal\"><\/div>\n<div id=\"kurato_extension_modal\"><\/div>\n<div id=\"kurato_extension_modal\"><\/div>\n<div id=\"kurato_extension_modal\"><\/div>\n","protected":false},"featured_media":31720,"comment_status":"closed","ping_status":"closed","template":"","meta":[],"product_brand":[],"product_cat":[493,999],"product_tag":[],"giftcard-category":[],"class_list":{"0":"post-18360","1":"product","2":"type-product","3":"status-publish","4":"has-post-thumbnail","6":"product_cat-tejidos-de-judo","7":"product_cat-tela-del-kimono-es","8":"product_shipping_class-textiles","10":"first","11":"instock","12":"taxable","13":"shipping-taxable","14":"purchasable","15":"product-type-variable"},"exclude_global_add_ons":[],"addons":[],"_links":{"self":[{"href":"https:\/\/fightingfilms.shop\/es\/wp-json\/wp\/v2\/product\/18360","targetHints":{"allow":["GET"]}}],"collection":[{"href":"https:\/\/fightingfilms.shop\/es\/wp-json\/wp\/v2\/product"}],"about":[{"href":"https:\/\/fightingfilms.shop\/es\/wp-json\/wp\/v2\/types\/product"}],"replies":[{"embeddable":true,"href":"https:\/\/fightingfilms.shop\/es\/wp-json\/wp\/v2\/comments?post=18360"}],"wp:featuredmedia":[{"embeddable":true,"href":"https:\/\/fightingfilms.shop\/es\/wp-json\/wp\/v2\/media\/31720"}],"wp:attachment":[{"href":"https:\/\/fightingfilms.shop\/es\/wp-json\/wp\/v2\/media?parent=18360"}],"wp:term":[{"taxonomy":"product_brand","embeddable":true,"href":"https:\/\/fightingfilms.shop\/es\/wp-json\/wp\/v2\/product_brand?post=18360"},{"taxonomy":"product_cat","embeddable":true,"href":"https:\/\/fightingfilms.shop\/es\/wp-json\/wp\/v2\/product_cat?post=18360"},{"taxonomy":"product_tag","embeddable":true,"href":"https:\/\/fightingfilms.shop\/es\/wp-json\/wp\/v2\/product_tag?post=18360"},{"taxonomy":"giftcard-category","embeddable":true,"href":"https:\/\/fightingfilms.shop\/es\/wp-json\/wp\/v2\/giftcard-category?post=18360"}],"curies":[{"name":"wp","href":"https:\/\/api.w.org\/{rel}","templated":true}]}}