{"id":18444,"date":"2021-06-10T18:53:18","date_gmt":"2021-06-10T16:53:18","guid":{"rendered":"https:\/\/www.fightingfilms.shop\/produit\/corde-dentrainement-uchi-komi-special-judo\/"},"modified":"2025-11-30T01:50:55","modified_gmt":"2025-11-30T00:50:55","slug":"corde-dentrainement-uchi-komi-special-judo","status":"publish","type":"product","link":"https:\/\/fightingfilms.shop\/es\/produit\/corde-dentrainement-uchi-komi-special-judo\/","title":{"rendered":"Cuerda especial de entrenamiento de judo Uchi-Komi"},"content":{"rendered":"<p dir=\"ltr\" data-placeholder=\"Traduction\">\u00a1Fighting Films lanza sus cuerdas a Uchi-Komi! Resistente y perfecto para entrenar.<\/p>\n<div>\n<p id=\"tw-target-text\" class=\"tw-data-text tw-ta tw-text-small\" dir=\"ltr\" data-placeholder=\"Traduction\"><span lang=\"fr\">Las cuerdas Uchi-Komi est\u00e1n fabricadas con<strong> algod\u00f3n 100%<\/strong>. El objetivo es dar al atleta la sensaci\u00f3n de un oponente real. Ayuda no s\u00f3lo a <strong>los principiantes<\/strong>, sino tambi\u00e9n a los m\u00e1s <strong>experimentados<\/strong>, mejorando la coordinaci\u00f3n, el ritmo, la resistencia, el equilibrio, la velocidad, la memoria muscular y los fundamentos del judo.<\/span><\/p>\n<\/div>\n<p><strong>Uchi-Komi<\/strong> consiste en realizar las <strong>dos primeras fases de la t\u00e9cnica<\/strong> (desequilibrio y colocaci\u00f3n) sin ejecutar el lanzamiento, en una serie que mejora la t\u00e9cnica y la velocidad de ejecuci\u00f3n.<\/p>\n<p>El hecho de que las cuerdas sean de fuerza 1 las hace perfectas para judokas de todos los niveles.<\/p>\n<p><strong>Caracter\u00edsticas :<\/strong><\/p>\n<ul>\n<li>100% algod\u00f3n<\/li>\n<li>Mangas de kimono aut\u00e9nticas<\/li>\n<li>Disponible en blanco, negro y azul<\/li>\n<li>Logotipo de Fighting Films bordado en las mangas<\/li>\n<li>Precio de club disponible para m\u00e1s de 10 cuerdas<\/li>\n<li>Protecci\u00f3n en el centro para una mayor durabilidad<\/li>\n<\/ul>\n<p>&nbsp;<\/p>\n<div id=\"kurato_extension_modal\"><\/div>\n","protected":false},"excerpt":{"rendered":"<p>Fighting Films lanza sus cuerdas Uchi-Komi, \u00a1resistentes y perfectas para entrenar!<\/p>\n<p>El objetivo es dar al atleta la sensaci\u00f3n de un adversario real. Ayuda no s\u00f3lo a <strong>los principiantes<\/strong>, sino tambi\u00e9n a los m\u00e1s <strong>experimentados<\/strong>, mejorando la coordinaci\u00f3n, el ritmo, la resistencia, el equilibrio, la velocidad, la memoria muscular y los fundamentos del judo.<\/p>\n<p><strong>L\u2019Uchi-Komi<\/strong> consiste \u00e0 r\u00e9aliser les <strong>deux premi\u00e8res phases de la technique<\/strong> (d\u00e9s\u00e9quilibre et placement) sans ex\u00e9cuter la projection.C\u2019est un travail en s\u00e9rie qui permet d\u2019am\u00e9liorer la technique et la vitesse d\u2019ex\u00e9cution.<\/p>\n<div id=\"kurato_extension_modal\"><\/div>\n","protected":false},"featured_media":18445,"comment_status":"closed","ping_status":"closed","template":"","meta":[],"product_brand":[],"product_cat":[499],"product_tag":[],"giftcard-category":[],"class_list":{"0":"post-18444","1":"product","2":"type-product","3":"status-publish","4":"has-post-thumbnail","6":"product_cat-accesorios-de-judo","8":"first","9":"instock","10":"taxable","11":"shipping-taxable","12":"purchasable","13":"product-type-variable"},"exclude_global_add_ons":[],"addons":[],"_links":{"self":[{"href":"https:\/\/fightingfilms.shop\/es\/wp-json\/wp\/v2\/product\/18444","targetHints":{"allow":["GET"]}}],"collection":[{"href":"https:\/\/fightingfilms.shop\/es\/wp-json\/wp\/v2\/product"}],"about":[{"href":"https:\/\/fightingfilms.shop\/es\/wp-json\/wp\/v2\/types\/product"}],"replies":[{"embeddable":true,"href":"https:\/\/fightingfilms.shop\/es\/wp-json\/wp\/v2\/comments?post=18444"}],"wp:featuredmedia":[{"embeddable":true,"href":"https:\/\/fightingfilms.shop\/es\/wp-json\/wp\/v2\/media\/18445"}],"wp:attachment":[{"href":"https:\/\/fightingfilms.shop\/es\/wp-json\/wp\/v2\/media?parent=18444"}],"wp:term":[{"taxonomy":"product_brand","embeddable":true,"href":"https:\/\/fightingfilms.shop\/es\/wp-json\/wp\/v2\/product_brand?post=18444"},{"taxonomy":"product_cat","embeddable":true,"href":"https:\/\/fightingfilms.shop\/es\/wp-json\/wp\/v2\/product_cat?post=18444"},{"taxonomy":"product_tag","embeddable":true,"href":"https:\/\/fightingfilms.shop\/es\/wp-json\/wp\/v2\/product_tag?post=18444"},{"taxonomy":"giftcard-category","embeddable":true,"href":"https:\/\/fightingfilms.shop\/es\/wp-json\/wp\/v2\/giftcard-category?post=18444"}],"curies":[{"name":"wp","href":"https:\/\/api.w.org\/{rel}","templated":true}]}}