{"id":18487,"date":"2021-06-10T18:53:17","date_gmt":"2021-06-10T16:53:17","guid":{"rendered":"https:\/\/www.fightingfilms.shop\/produit\/porte-cles-judo-fighting-films\/"},"modified":"2026-01-06T22:42:24","modified_gmt":"2026-01-06T21:42:24","slug":"porte-cles-judo-fighting-films","status":"publish","type":"product","link":"https:\/\/fightingfilms.shop\/es\/produit\/porte-cles-judo-fighting-films\/","title":{"rendered":"Llavero Judo Fighting Films"},"content":{"rendered":"<h4>No vuelvas a perder las llaves<\/h4>\n<p>\u00a1Este llavero de judo es una aut\u00e9ntica pieza de Fighting Films cintur\u00f3n blanco!<\/p>\n<p>El regalo perfecto para un amigo judoka !<\/p>\n<p>Puede comprarlos individualmente o en paquetes de 5, 10 \u00f3 20 unidades para su club.<\/p>\n<p>Llavero hecho con tela de <a href=\"https:\/\/www.fightingfilms.shop\/produit\/ceintures-de-judo\/ceinture-noire-de-judo-approuve-ijf\/\">cintur\u00f3n de judo<\/a> real y la palabra judo escrita en japon\u00e9s \u67d4\u9053 !<\/p>\n<p>100% judo<\/p>\n<div id=\"kurato_extension_modal\"><\/div>\n<div id=\"kurato_extension_modal\"><\/div>\n","protected":false},"excerpt":{"rendered":"<p>Llavero cintur\u00f3n blanco, bonito s\u00edmbolo de tu pasi\u00f3n por el judo. Duradero, ideal para las llaves de su casa, coche y scooter. Tambi\u00e9n es un bonito regalo.<\/p>\n<div id=\"kurato_extension_modal\"><\/div>\n<div id=\"kurato_extension_modal\"><\/div>\n","protected":false},"featured_media":27223,"comment_status":"closed","ping_status":"closed","template":"","meta":[],"product_brand":[],"product_cat":[499],"product_tag":[],"giftcard-category":[],"class_list":{"0":"post-18487","1":"product","2":"type-product","3":"status-publish","4":"has-post-thumbnail","6":"product_cat-accesorios-de-judo","7":"product_shipping_class-pequeno-accesorio","9":"first","10":"instock","11":"taxable","12":"shipping-taxable","13":"purchasable","14":"product-type-variable"},"exclude_global_add_ons":[],"addons":[],"_links":{"self":[{"href":"https:\/\/fightingfilms.shop\/es\/wp-json\/wp\/v2\/product\/18487","targetHints":{"allow":["GET"]}}],"collection":[{"href":"https:\/\/fightingfilms.shop\/es\/wp-json\/wp\/v2\/product"}],"about":[{"href":"https:\/\/fightingfilms.shop\/es\/wp-json\/wp\/v2\/types\/product"}],"replies":[{"embeddable":true,"href":"https:\/\/fightingfilms.shop\/es\/wp-json\/wp\/v2\/comments?post=18487"}],"wp:featuredmedia":[{"embeddable":true,"href":"https:\/\/fightingfilms.shop\/es\/wp-json\/wp\/v2\/media\/27223"}],"wp:attachment":[{"href":"https:\/\/fightingfilms.shop\/es\/wp-json\/wp\/v2\/media?parent=18487"}],"wp:term":[{"taxonomy":"product_brand","embeddable":true,"href":"https:\/\/fightingfilms.shop\/es\/wp-json\/wp\/v2\/product_brand?post=18487"},{"taxonomy":"product_cat","embeddable":true,"href":"https:\/\/fightingfilms.shop\/es\/wp-json\/wp\/v2\/product_cat?post=18487"},{"taxonomy":"product_tag","embeddable":true,"href":"https:\/\/fightingfilms.shop\/es\/wp-json\/wp\/v2\/product_tag?post=18487"},{"taxonomy":"giftcard-category","embeddable":true,"href":"https:\/\/fightingfilms.shop\/es\/wp-json\/wp\/v2\/giftcard-category?post=18487"}],"curies":[{"name":"wp","href":"https:\/\/api.w.org\/{rel}","templated":true}]}}