{"id":18541,"date":"2021-06-10T18:53:16","date_gmt":"2021-06-10T16:53:16","guid":{"rendered":"https:\/\/www.fightingfilms.shop\/produit\/mug-ceinture-de-judo\/"},"modified":"2024-01-25T13:40:14","modified_gmt":"2024-01-25T12:40:14","slug":"mug-ceinture-de-judo","status":"publish","type":"product","link":"https:\/\/fightingfilms.shop\/es\/produit\/mug-ceinture-de-judo\/","title":{"rendered":"Taza con cintur\u00f3n de judo"},"content":{"rendered":"<p dir=\"ltr\" data-placeholder=\"Traduction\">Deja que el judo forme parte de tu vida cotidiana, ya est\u00e1 aqu\u00ed la taza con cintur\u00f3n de judo personalizable de Fighting Films. <strong>En su buz\u00f3n en un plazo de 5 d\u00edas laborables<\/strong>.<\/p>\n<p id=\"tw-target-text\" class=\"tw-data-text tw-text-large XcVN5d tw-ta\" dir=\"ltr\" data-placeholder=\"Traduction\"><span lang=\"fr\">Esta resistente taza con cintur\u00f3n de judo es una excelente idea de regalo. Tambi\u00e9n es perfecto para el caf\u00e9 de la ma\u00f1ana, el t\u00e9 de la tarde o cualquier bebida caliente que te apetezca.<\/span><\/p>\n<p class=\"tw-data-text tw-text-large XcVN5d tw-ta\" dir=\"ltr\" data-placeholder=\"Traduction\"><span lang=\"fr\">La taza de pel\u00edculas de lucha es un producto con impresiones vivas que conservan su calidad en el lavavajillas y el microondas.<\/span><\/p>\n<p dir=\"ltr\" data-placeholder=\"Traduction\">Si desea <a href=\"https:\/\/www.fightingfilms.shop\/produit\/accessoires-de-judo\/mug-fighting-films\/\">una taza<\/a> con los colores de Fighting Films, tambi\u00e9n est\u00e1 disponible en nuestro sitio web.<\/p>\n<p dir=\"ltr\" data-placeholder=\"Traduction\">Precio decreciente a partir de 30 tazas, cont\u00e1ctenos = joseph@fightingfilms.fr<\/p>\n<p dir=\"ltr\" data-placeholder=\"Traduction\">Consulte nuestras <a href=\"https:\/\/www.instagram.com\/fightingfilmseu\/\" rel=\"nofollow noopener\" target=\"_blank\">redes sociales<\/a> para conocer las \u00faltimas novedades.<\/p>\n","protected":false},"excerpt":{"rendered":"<p>Descubre nuestras tazas con cintur\u00f3n de judo Fighting Films, \u00a1ideales para todas tus bebidas calientes!<\/p>\n<p>Los cinturones pueden personalizarse, tanto en el color como en el nombre escrito en ellos.<\/p>\n","protected":false},"featured_media":18542,"comment_status":"closed","ping_status":"closed","template":"","meta":[],"product_brand":[],"product_cat":[499,1144],"product_tag":[],"giftcard-category":[],"class_list":{"0":"post-18541","1":"product","2":"type-product","3":"status-publish","4":"has-post-thumbnail","6":"product_cat-accesorios-de-judo","7":"product_cat-goodies-de-judo","8":"product_shipping_class-cinturon-o-copa","10":"first","11":"instock","12":"taxable","13":"shipping-taxable","14":"purchasable","15":"product-type-variable"},"exclude_global_add_ons":[],"addons":[],"_links":{"self":[{"href":"https:\/\/fightingfilms.shop\/es\/wp-json\/wp\/v2\/product\/18541","targetHints":{"allow":["GET"]}}],"collection":[{"href":"https:\/\/fightingfilms.shop\/es\/wp-json\/wp\/v2\/product"}],"about":[{"href":"https:\/\/fightingfilms.shop\/es\/wp-json\/wp\/v2\/types\/product"}],"replies":[{"embeddable":true,"href":"https:\/\/fightingfilms.shop\/es\/wp-json\/wp\/v2\/comments?post=18541"}],"wp:featuredmedia":[{"embeddable":true,"href":"https:\/\/fightingfilms.shop\/es\/wp-json\/wp\/v2\/media\/18542"}],"wp:attachment":[{"href":"https:\/\/fightingfilms.shop\/es\/wp-json\/wp\/v2\/media?parent=18541"}],"wp:term":[{"taxonomy":"product_brand","embeddable":true,"href":"https:\/\/fightingfilms.shop\/es\/wp-json\/wp\/v2\/product_brand?post=18541"},{"taxonomy":"product_cat","embeddable":true,"href":"https:\/\/fightingfilms.shop\/es\/wp-json\/wp\/v2\/product_cat?post=18541"},{"taxonomy":"product_tag","embeddable":true,"href":"https:\/\/fightingfilms.shop\/es\/wp-json\/wp\/v2\/product_tag?post=18541"},{"taxonomy":"giftcard-category","embeddable":true,"href":"https:\/\/fightingfilms.shop\/es\/wp-json\/wp\/v2\/giftcard-category?post=18541"}],"curies":[{"name":"wp","href":"https:\/\/api.w.org\/{rel}","templated":true}]}}