{"id":18593,"date":"2021-06-10T18:53:11","date_gmt":"2021-06-10T16:53:11","guid":{"rendered":"https:\/\/www.fightingfilms.shop\/produit\/pack-entrainement-judo\/"},"modified":"2024-01-26T13:16:38","modified_gmt":"2024-01-26T12:16:38","slug":"pack-entrainement-judo","status":"publish","type":"product","link":"https:\/\/fightingfilms.shop\/es\/produit\/pack-entrainement-judo\/","title":{"rendered":"Pack de entrenamiento de judo"},"content":{"rendered":"<h4><strong>Caracter\u00edsticas del pack de entrenamiento de judo :<\/strong><\/h4>\n<p class=\"_04xlpA direction-ltr align-start para-style-body\"><em><strong><span class=\"JsGRdQ\">Uchi-Komi<a href=\"https:\/\/www.fightingfilms.shop\/produit\/accessoires\/corde-dentrainement-uchi-komi-special-judo\/\">cuerda especialde entrenamiento<\/a> de judo<\/span><span class=\"JsGRdQ\"> : <\/span> <\/strong><\/em><\/p>\n<ul>\n<li>100% algod\u00f3n<\/li>\n<li>Mangas de kimono aut\u00e9nticas<\/li>\n<li>Disponible en blanco, negro y azul<\/li>\n<li>Logotipo de Fighting Films bordado en las mangas<\/li>\n<li>Precio de club disponible para m\u00e1s de 10 cuerdas<\/li>\n<li>Protecci\u00f3n en el centro para una mayor durabilidad<\/li>\n<\/ul>\n<p class=\"_04xlpA direction-ltr align-start para-style-body\"><em><strong><span class=\"JsGRdQ\"><a href=\"https:\/\/www.fightingfilms.shop\/produit\/bande-de-traction-dentrainement\/\">Cinta de extracci\u00f3n de<\/a> Fighting Films<\/span><\/strong><\/em><span class=\"JsGRdQ\"><em><strong> :<\/strong><\/em><\/span> <\/p>\n<ul>\n<li>100% algod\u00f3n<\/li>\n<li>Disponible en azul<\/li>\n<li>Logotipo de Fighting Films bordado en las mangas<\/li>\n<li>Precio de club disponible para m\u00e1s de 10 tiras<\/li>\n<li>F\u00e1cil de lavar<\/li>\n<li>Dimensiones : 2 m x 20 cm<\/li>\n<\/ul>\n","protected":false},"excerpt":{"rendered":"<p>El pack de entrenamiento de judo contiene 2 accesorios perfectos para tu entrenamiento deportivo al aire libre!<\/p>\n<p>Este pack incluye :<\/p>\n<p><strong>Uchi-Komi cuerda de entrenamiento para judo<\/strong>:<\/p>\n<p>Las cuerdas Uchi-Komi est\u00e1n fabricadas con<strong> algod\u00f3n 100%<\/strong>. El objetivo es dar al atleta la sensaci\u00f3n de un oponente real. Ayuda no s\u00f3lo a <strong>los principiantes<\/strong>, sino tambi\u00e9n a los m\u00e1s <strong>experimentados<\/strong>, mejorando la coordinaci\u00f3n, el ritmo, la resistencia, el equilibrio, la velocidad, la memoria muscular y los fundamentos del judo.<\/p>\n<p><strong>Fighting Films tirar de la cinta<\/strong>:<\/p>\n<p>Hemos desarrollado nuestra banda de tracci\u00f3n, que puede utilizarse sola o en pareja. Las bandas de tracci\u00f3n son de<strong> algod\u00f3n 100%<\/strong>. El objetivo es dar al atleta la sensaci\u00f3n de un \u00abcuello\u00bb de judo o de kimono JJB.<\/p>\n","protected":false},"featured_media":26034,"comment_status":"closed","ping_status":"closed","template":"","meta":[],"product_brand":[],"product_cat":[499],"product_tag":[],"giftcard-category":[],"class_list":{"0":"post-18593","1":"product","2":"type-product","3":"status-publish","4":"has-post-thumbnail","6":"product_cat-accesorios-de-judo","7":"product_shipping_class-accesorios","9":"first","10":"instock","11":"taxable","12":"shipping-taxable","13":"purchasable","14":"product-type-variable"},"exclude_global_add_ons":[],"addons":[],"_links":{"self":[{"href":"https:\/\/fightingfilms.shop\/es\/wp-json\/wp\/v2\/product\/18593","targetHints":{"allow":["GET"]}}],"collection":[{"href":"https:\/\/fightingfilms.shop\/es\/wp-json\/wp\/v2\/product"}],"about":[{"href":"https:\/\/fightingfilms.shop\/es\/wp-json\/wp\/v2\/types\/product"}],"replies":[{"embeddable":true,"href":"https:\/\/fightingfilms.shop\/es\/wp-json\/wp\/v2\/comments?post=18593"}],"wp:featuredmedia":[{"embeddable":true,"href":"https:\/\/fightingfilms.shop\/es\/wp-json\/wp\/v2\/media\/26034"}],"wp:attachment":[{"href":"https:\/\/fightingfilms.shop\/es\/wp-json\/wp\/v2\/media?parent=18593"}],"wp:term":[{"taxonomy":"product_brand","embeddable":true,"href":"https:\/\/fightingfilms.shop\/es\/wp-json\/wp\/v2\/product_brand?post=18593"},{"taxonomy":"product_cat","embeddable":true,"href":"https:\/\/fightingfilms.shop\/es\/wp-json\/wp\/v2\/product_cat?post=18593"},{"taxonomy":"product_tag","embeddable":true,"href":"https:\/\/fightingfilms.shop\/es\/wp-json\/wp\/v2\/product_tag?post=18593"},{"taxonomy":"giftcard-category","embeddable":true,"href":"https:\/\/fightingfilms.shop\/es\/wp-json\/wp\/v2\/giftcard-category?post=18593"}],"curies":[{"name":"wp","href":"https:\/\/api.w.org\/{rel}","templated":true}]}}