{"id":18605,"date":"2021-06-10T18:53:10","date_gmt":"2021-06-10T16:53:10","guid":{"rendered":"https:\/\/www.fightingfilms.shop\/produit\/ceinture-noire-de-judo-approuve-ijf\/"},"modified":"2026-04-09T15:04:57","modified_gmt":"2026-04-09T13:04:57","slug":"ceinture-noire-de-judo-approuve-ijf","status":"publish","type":"product","link":"https:\/\/fightingfilms.shop\/es\/produit\/ceinture-noire-de-judo-approuve-ijf\/","title":{"rendered":"Cintur\u00f3n negro de judo homologado por la FIJ"},"content":{"rendered":"<p>A\u00fan no ha encontrado su cintur\u00f3n de judo ? Elige el <strong>cintur\u00f3n negro Judo Fighting Films, homologado por la IJF<\/strong>, una marca que ya ha conquistado a muchos atletas de todo el mundo.<\/p>\n<p>Todos nuestros cinturones de judo <strong>cumplen las normas oficiales de la FIJ<\/strong> (Federaci\u00f3n Internacional de Judo). Como todos los cinturones de judo, \u00e9ste est\u00e1 fabricado con un n\u00facleo de algod\u00f3n semirr\u00edgido con numerosas <strong>costuras bien alineadas.<\/strong> El conjunto se ve realzado por un <strong>capa exterior de una mezcla de algod\u00f3n y seda.<\/strong> As\u00ed, a diferencia de los cinturones de judo finos del tipo rollo de tela, nuestro cintur\u00f3n de judo negro es grueso y r\u00edgido. Por \u00faltimo, los cinturones Fighting Films llevan un bonito <strong>logotipo bordado en rojo<\/strong>. Es este bordado lo que hace que nuestro cintur\u00f3n de judo sea \u00fanico.<\/p>\n<h2>Cintur\u00f3n negro de judo IJF Fighting Films<\/h2>\n<p>Por \u00faltimo, en lo que se refiere al tama\u00f1o, hombres y mujeres tienen los mismos <strong>modelos de cintur\u00f3n<\/strong>. Adem\u00e1s, a la hora de elegir tu cintur\u00f3n, lo mejor es determinar tu talla. Debes medir tu cintur\u00f3n y pensar c\u00f3mo vas a atarlo.<\/p>\n<p>Este <strong>cintur\u00f3n mixto de judo<\/strong> es una excelente opci\u00f3n para profesores y practicantes que deseen conservar su cintur\u00f3n a lo largo de los a\u00f1os. Si buscas un <strong>cintur\u00f3n para usar en competici\u00f3n<\/strong>, el cintur\u00f3n <strong>Judo Fighting<\/strong> Films es una gran elecci\u00f3n.<\/p>\n<p><strong>Aspectos destacados del cintur\u00f3n negro de judo :<\/strong><\/p>\n<ul>\n<li>Duradera, de algod\u00f3n y seda con logotipo bordado<\/li>\n<li>Color : negro<\/li>\n<li>Niveles correspondientes:<sup>1\u00ba<\/sup> Dan a <sup>5\u00ba<\/sup> Dan<\/li>\n<li>Aprobado por la FIJ<\/li>\n<li>Disponible en 240 cm, 260 cm, 280 cm, 300 cm, 320 cm y 340 cm.<\/li>\n<\/ul>\n<p>\u00bfA\u00fan no eres cintur\u00f3n negro?<\/p>\n<p>Descubra nuestros <a href=\"https:\/\/www.fightingfilms.shop\/categorie\/ceintures-de-judo\/\">cinturones de judo<\/a> en todos los colores. El <a href=\"https:\/\/www.fightingfilms.shop\/produit\/ceinture-marron-de-judo-approuve-ijf\/\">cintur\u00f3n marr\u00f3n de judo<\/a> tambi\u00e9n est\u00e1 homologado seg\u00fan las normas de la FIJ para competiciones internacionales.<\/p>\n","protected":false},"excerpt":{"rendered":"<p>El <strong>cintur\u00f3n negro Judo Fighting Films, <a href=\"http:\/\/www.ijf.org\">homologado por la FIJ<\/a><\/strong>, es una garant\u00eda de calidad y un accesorio indispensable para la pr\u00e1ctica del judo. Este cintur\u00f3n ha conquistado a muchos atletas de todo el mundo.<\/p>\n<p>Todos nuestros cinturones de judo <strong>cumplen las normas oficiales de la FIJ (Federaci\u00f3n Internacional de Judo)<\/strong>.<\/p>\n","protected":false},"featured_media":25350,"comment_status":"closed","ping_status":"closed","template":"","meta":[],"product_brand":[],"product_cat":[464],"product_tag":[],"giftcard-category":[],"class_list":{"0":"post-18605","1":"product","2":"type-product","3":"status-publish","4":"has-post-thumbnail","6":"product_cat-cinturones-de-judo","7":"product_shipping_class-cinturon-o-copa","9":"first","10":"instock","11":"taxable","12":"shipping-taxable","13":"purchasable","14":"product-type-variable"},"exclude_global_add_ons":[],"addons":[],"_links":{"self":[{"href":"https:\/\/fightingfilms.shop\/es\/wp-json\/wp\/v2\/product\/18605","targetHints":{"allow":["GET"]}}],"collection":[{"href":"https:\/\/fightingfilms.shop\/es\/wp-json\/wp\/v2\/product"}],"about":[{"href":"https:\/\/fightingfilms.shop\/es\/wp-json\/wp\/v2\/types\/product"}],"replies":[{"embeddable":true,"href":"https:\/\/fightingfilms.shop\/es\/wp-json\/wp\/v2\/comments?post=18605"}],"wp:featuredmedia":[{"embeddable":true,"href":"https:\/\/fightingfilms.shop\/es\/wp-json\/wp\/v2\/media\/25350"}],"wp:attachment":[{"href":"https:\/\/fightingfilms.shop\/es\/wp-json\/wp\/v2\/media?parent=18605"}],"wp:term":[{"taxonomy":"product_brand","embeddable":true,"href":"https:\/\/fightingfilms.shop\/es\/wp-json\/wp\/v2\/product_brand?post=18605"},{"taxonomy":"product_cat","embeddable":true,"href":"https:\/\/fightingfilms.shop\/es\/wp-json\/wp\/v2\/product_cat?post=18605"},{"taxonomy":"product_tag","embeddable":true,"href":"https:\/\/fightingfilms.shop\/es\/wp-json\/wp\/v2\/product_tag?post=18605"},{"taxonomy":"giftcard-category","embeddable":true,"href":"https:\/\/fightingfilms.shop\/es\/wp-json\/wp\/v2\/giftcard-category?post=18605"}],"curies":[{"name":"wp","href":"https:\/\/api.w.org\/{rel}","templated":true}]}}