{"id":18620,"date":"2021-06-10T18:53:09","date_gmt":"2021-06-10T16:53:09","guid":{"rendered":"https:\/\/www.fightingfilms.shop\/produit\/cinturon-de-judo-marron-aprobado-por-la-ijf\/"},"modified":"2026-02-03T15:37:06","modified_gmt":"2026-02-03T14:37:06","slug":"cinturon-de-judo-marron-aprobado-por-la-ijf","status":"publish","type":"product","link":"https:\/\/fightingfilms.shop\/es\/produit\/cinturon-de-judo-marron-aprobado-por-la-ijf\/","title":{"rendered":"Cintur\u00f3n de judo marr\u00f3n aprobado por la IJF"},"content":{"rendered":"<p>A\u00fan no ha encontrado su cintur\u00f3n de judo ? Elige el <strong>cintur\u00f3n marr\u00f3n de Judo Fighting Films &#8211; Aprobado por la IJF <\/strong>!<\/p>\n<p>Todos nuestros cinturones de judo son  <strong>cumplir las normas oficiales de la FIJ (Federaci\u00f3n Internacional de Judo).<\/strong>  Como todos los cinturones de judo, este cintur\u00f3n est\u00e1 fabricado con un n\u00facleo de algod\u00f3n semirr\u00edgido con una serie de  <strong>costuras bien alineadas.<\/strong>  El conjunto se ve realzado por un  <strong>capa exterior de una mezcla de algod\u00f3n y seda.<\/strong>  A diferencia de los cinturones de judo finos, nuestro cintur\u00f3n es grueso y r\u00edgido. Por \u00faltimo, <strong>un elegante logotipo bordado en <\/strong>rojo confiere a este cintur\u00f3n un estilo \u00fanico.<\/p>\n<p>En cuanto al tama\u00f1o, hombres y mujeres tienen los mismos <strong>modelos de cintur\u00f3n<\/strong>. Adem\u00e1s, a la hora de elegir tu cintur\u00f3n, lo mejor es determinar tu talla. Debes medir tu cintur\u00f3n y pensar c\u00f3mo vas a atarlo.<\/p>\n<p>Este <strong>cintur\u00f3n mixto de judo<\/strong> es una excelente opci\u00f3n para los practicantes en la c\u00faspide de su cintur\u00f3n negro. Si buscas un <strong>cintur\u00f3n para usar en competici\u00f3n<\/strong>, el cintur\u00f3n <strong>Judo Fighting<\/strong> Films es una gran elecci\u00f3n.<\/p>\n<p><strong>Aspectos destacados del cintur\u00f3n marr\u00f3n de judo :<\/strong><\/p>\n<ul>\n<li>R\u00e9sistante, faite en coton et soie avec un logo brod\u00e9<\/li>\n<li>Color: marr\u00f3n<\/li>\n<li>Aprobado por la FIJ<\/li>\n<li>Disponible en 240 cm, 260 cm, 280 cm, 300 cm y 320 cm.<\/li>\n<\/ul>\n","protected":false},"excerpt":{"rendered":"<p>A\u00fan no ha encontrado su cintur\u00f3n de judo? Elige el <strong>cintur\u00f3n marr\u00f3n de Judo Fighting Films &#8211; \u00a1Aprobado por la IJF <\/strong>!<\/p>\n<p>Todos nuestros cinturones de judo son <strong>cumplir las normas oficiales de la FIJ (Federaci\u00f3n Internacional de Judo).<\/strong> Como todos los cinturones de judo, este cintur\u00f3n est\u00e1 fabricado con un n\u00facleo de algod\u00f3n semirr\u00edgido con una serie de <strong>costuras bien alineadas.<\/strong> El conjunto se ve realzado por un <strong>capa exterior de una mezcla de algod\u00f3n y seda.<\/strong> A diferencia de los cinturones de judo finos, nuestro cintur\u00f3n es grueso y r\u00edgido. Por \u00faltimo, <strong>un elegante logotipo bordado en <\/strong>rojo confiere a este cintur\u00f3n un estilo \u00fanico.<\/p>\n","protected":false},"featured_media":25360,"comment_status":"closed","ping_status":"closed","template":"","meta":[],"product_brand":[],"product_cat":[464],"product_tag":[],"giftcard-category":[],"class_list":{"0":"post-18620","1":"product","2":"type-product","3":"status-publish","4":"has-post-thumbnail","6":"product_cat-cinturones-de-judo","7":"product_shipping_class-cinturon-o-copa","9":"first","10":"instock","11":"taxable","12":"shipping-taxable","13":"purchasable","14":"product-type-variable"},"exclude_global_add_ons":[],"addons":[],"_links":{"self":[{"href":"https:\/\/fightingfilms.shop\/es\/wp-json\/wp\/v2\/product\/18620","targetHints":{"allow":["GET"]}}],"collection":[{"href":"https:\/\/fightingfilms.shop\/es\/wp-json\/wp\/v2\/product"}],"about":[{"href":"https:\/\/fightingfilms.shop\/es\/wp-json\/wp\/v2\/types\/product"}],"replies":[{"embeddable":true,"href":"https:\/\/fightingfilms.shop\/es\/wp-json\/wp\/v2\/comments?post=18620"}],"wp:featuredmedia":[{"embeddable":true,"href":"https:\/\/fightingfilms.shop\/es\/wp-json\/wp\/v2\/media\/25360"}],"wp:attachment":[{"href":"https:\/\/fightingfilms.shop\/es\/wp-json\/wp\/v2\/media?parent=18620"}],"wp:term":[{"taxonomy":"product_brand","embeddable":true,"href":"https:\/\/fightingfilms.shop\/es\/wp-json\/wp\/v2\/product_brand?post=18620"},{"taxonomy":"product_cat","embeddable":true,"href":"https:\/\/fightingfilms.shop\/es\/wp-json\/wp\/v2\/product_cat?post=18620"},{"taxonomy":"product_tag","embeddable":true,"href":"https:\/\/fightingfilms.shop\/es\/wp-json\/wp\/v2\/product_tag?post=18620"},{"taxonomy":"giftcard-category","embeddable":true,"href":"https:\/\/fightingfilms.shop\/es\/wp-json\/wp\/v2\/giftcard-category?post=18620"}],"curies":[{"name":"wp","href":"https:\/\/api.w.org\/{rel}","templated":true}]}}