{"id":18655,"date":"2021-06-10T18:53:07","date_gmt":"2021-06-10T16:53:07","guid":{"rendered":"https:\/\/www.fightingfilms.shop\/produit\/rouleaux-de-ceinture-de-judo\/"},"modified":"2024-01-26T11:30:17","modified_gmt":"2024-01-26T10:30:17","slug":"rouleaux-de-ceinture-de-judo","status":"publish","type":"product","link":"https:\/\/fightingfilms.shop\/es\/produit\/rouleaux-de-ceinture-de-judo\/","title":{"rendered":"Rollos de cintur\u00f3n de judo"},"content":{"rendered":"<p>Ofrezca a sus socios <strong>cinturones de calidad<\/strong> con estos rollos de cinturones de judo que van del <strong>blanco al marr\u00f3n<\/strong>.<\/p>\n<p>Los rollos de cintur\u00f3n de judo tienen cada uno 50 metros de largo y 4 cent\u00edmetros de ancho.<\/p>\n<p>Los colores disponibles son blanco, blanco 1 ribete, blanco 2 ribete, blanco\/amarillo, amarillo, amarillo\/naranja, naranja, naranja\/verde, verde, verde\/azul, azul, rojo y marr\u00f3n.<\/p>\n<p>La <strong>amplia gama de colores<\/strong> a la venta le permitir\u00e1 ofrecer a cada miembro de su club el cintur\u00f3n que m\u00e1s le convenga.<\/p>\n<p>Para garantizarle <strong>unos cinturones de calidad<\/strong>, est\u00e1n fabricados con algod\u00f3n 100%.<\/p>\n<p>Fabricados en Francia, estos cinturones son perfectos para sus socios.<\/p>\n<ul>\n<li>Material: 100% algod\u00f3n<\/li>\n<li>Longitud: 50 metros<\/li>\n<li>Anchura: 4 cent\u00edmetros<\/li>\n<li>Fabricado en Francia<\/li>\n<li>12 colores disponibles<\/li>\n<\/ul>\n<p>Tambi\u00e9n puedes echar un vistazo a nuestros otros <a href=\"https:\/\/www.fightingfilms.shop\/produit\/ceintures-de-judo\/ceinture-club-de-couleur\/\">cinturones de judo<\/a> de <a href=\"http:\/\/www.ijf.org\" rel=\"nofollow noopener\" target=\"_blank\">la FIJ<\/a> y <a href=\"https:\/\/www.fightingfilms.shop\/categorie\/kimonos\/kimonos-de-judo\/\">kimonos de judo<\/a> para completar tu atuendo.<\/p>\n","protected":false},"excerpt":{"rendered":"<p>Busca nuevos cinturones de judo para sus socios ?<\/p>\n<p>Aqu\u00ed tiene los rodillos de correa m\u00e1s adecuados para usted. Fabricados en Francia, 100% algod\u00f3n, calidad garantizada, se adaptar\u00e1n perfectamente a sus miembros, incluso a los m\u00e1s exigentes.<\/p>\n","protected":false},"featured_media":18656,"comment_status":"closed","ping_status":"closed","template":"","meta":[],"product_brand":[],"product_cat":[464],"product_tag":[],"giftcard-category":[],"class_list":{"0":"post-18655","1":"product","2":"type-product","3":"status-publish","4":"has-post-thumbnail","6":"product_cat-cinturones-de-judo","7":"product_shipping_class-cinturon-o-copa","9":"first","10":"instock","11":"taxable","12":"shipping-taxable","13":"purchasable","14":"product-type-variable"},"exclude_global_add_ons":[],"addons":[],"_links":{"self":[{"href":"https:\/\/fightingfilms.shop\/es\/wp-json\/wp\/v2\/product\/18655","targetHints":{"allow":["GET"]}}],"collection":[{"href":"https:\/\/fightingfilms.shop\/es\/wp-json\/wp\/v2\/product"}],"about":[{"href":"https:\/\/fightingfilms.shop\/es\/wp-json\/wp\/v2\/types\/product"}],"replies":[{"embeddable":true,"href":"https:\/\/fightingfilms.shop\/es\/wp-json\/wp\/v2\/comments?post=18655"}],"wp:featuredmedia":[{"embeddable":true,"href":"https:\/\/fightingfilms.shop\/es\/wp-json\/wp\/v2\/media\/18656"}],"wp:attachment":[{"href":"https:\/\/fightingfilms.shop\/es\/wp-json\/wp\/v2\/media?parent=18655"}],"wp:term":[{"taxonomy":"product_brand","embeddable":true,"href":"https:\/\/fightingfilms.shop\/es\/wp-json\/wp\/v2\/product_brand?post=18655"},{"taxonomy":"product_cat","embeddable":true,"href":"https:\/\/fightingfilms.shop\/es\/wp-json\/wp\/v2\/product_cat?post=18655"},{"taxonomy":"product_tag","embeddable":true,"href":"https:\/\/fightingfilms.shop\/es\/wp-json\/wp\/v2\/product_tag?post=18655"},{"taxonomy":"giftcard-category","embeddable":true,"href":"https:\/\/fightingfilms.shop\/es\/wp-json\/wp\/v2\/giftcard-category?post=18655"}],"curies":[{"name":"wp","href":"https:\/\/api.w.org\/{rel}","templated":true}]}}