{"id":18695,"date":"2021-06-10T18:53:06","date_gmt":"2021-06-10T16:53:06","guid":{"rendered":"https:\/\/www.fightingfilms.shop\/produit\/short-dete-en-toile-de-judogi\/"},"modified":"2024-01-25T16:44:54","modified_gmt":"2024-01-25T15:44:54","slug":"short-dete-en-toile-de-judogi","status":"publish","type":"product","link":"https:\/\/fightingfilms.shop\/es\/produit\/short-dete-en-toile-de-judogi\/","title":{"rendered":"Pantalones cortos judogi de verano"},"content":{"rendered":"<p><strong>Los puntos fuertes del short judogi de verano :<\/strong><\/p>\n<ul>\n<li>Pa\u00f1o Judogi de buena calidad<\/li>\n<li>Logotipo de Fighting Films bordado en la parte inferior del pantal\u00f3n corto<\/li>\n<li>Lavable a m\u00e1quina a 30 grados<\/li>\n<li>Cintura ajustable con cord\u00f3n<\/li>\n<li>Funda Judogi azul o negra<\/li>\n<li>Perfecto para el verano, es ligero y c\u00f3modo de llevar.<\/li>\n<\/ul>\n<p>Disfrute al m\u00e1ximo del verano sin olvidar su deporte favorito.<\/p>\n<p>Los shorts judogi de verano de Fighting Films est\u00e1n disponibles en todas las tallas, de la S a la XXL.<\/p>\n<p>Si no est\u00e1 seguro de la talla, env\u00edenos un correo electr\u00f3nico a <a href=\"mailto:joseph@fightingfilms.fr\">contact@fightingfilms.fr.<\/a> <\/p>\n<p>Descubra <a href=\"https:\/\/www.fightingfilms.shop\/categorie\/textile-de-judo\/\">aqu\u00ed<\/a> nuestros otros productos de tejido judogi.<\/p>\n<p>Para otras prendas de estilo de vida confeccionadas con tejido judogi, visite el sitio web de nuestro socio <a href=\"https:\/\/www.keiko-gi.com\/\" rel=\"nofollow noopener\" target=\"_blank\">Keiko-gi<\/a>.<\/p>\n","protected":false},"excerpt":{"rendered":"<p>Pantalones cortos Judogi de verano. Confeccionados con aut\u00e9ntico <strong>tejido Judogi<\/strong>, los pantalones cortos pueden utilizarse con el mismo sistema que los pantalones Judogi.<\/p>\n<p>Con dos bolsillos y el logotipo de Fighting Films bordado, este ligero pantal\u00f3n corto es <strong>perfecto para mantenerte fresco<\/strong> este verano sin olvidar tu deporte favorito.<\/p>\n","protected":false},"featured_media":18696,"comment_status":"closed","ping_status":"closed","template":"","meta":[],"product_brand":[],"product_cat":[493],"product_tag":[],"giftcard-category":[],"class_list":{"0":"post-18695","1":"product","2":"type-product","3":"status-publish","4":"has-post-thumbnail","6":"product_cat-tejidos-de-judo","7":"product_shipping_class-textiles","9":"first","10":"instock","11":"taxable","12":"shipping-taxable","13":"purchasable","14":"product-type-variable"},"exclude_global_add_ons":[],"addons":[],"_links":{"self":[{"href":"https:\/\/fightingfilms.shop\/es\/wp-json\/wp\/v2\/product\/18695","targetHints":{"allow":["GET"]}}],"collection":[{"href":"https:\/\/fightingfilms.shop\/es\/wp-json\/wp\/v2\/product"}],"about":[{"href":"https:\/\/fightingfilms.shop\/es\/wp-json\/wp\/v2\/types\/product"}],"replies":[{"embeddable":true,"href":"https:\/\/fightingfilms.shop\/es\/wp-json\/wp\/v2\/comments?post=18695"}],"wp:featuredmedia":[{"embeddable":true,"href":"https:\/\/fightingfilms.shop\/es\/wp-json\/wp\/v2\/media\/18696"}],"wp:attachment":[{"href":"https:\/\/fightingfilms.shop\/es\/wp-json\/wp\/v2\/media?parent=18695"}],"wp:term":[{"taxonomy":"product_brand","embeddable":true,"href":"https:\/\/fightingfilms.shop\/es\/wp-json\/wp\/v2\/product_brand?post=18695"},{"taxonomy":"product_cat","embeddable":true,"href":"https:\/\/fightingfilms.shop\/es\/wp-json\/wp\/v2\/product_cat?post=18695"},{"taxonomy":"product_tag","embeddable":true,"href":"https:\/\/fightingfilms.shop\/es\/wp-json\/wp\/v2\/product_tag?post=18695"},{"taxonomy":"giftcard-category","embeddable":true,"href":"https:\/\/fightingfilms.shop\/es\/wp-json\/wp\/v2\/giftcard-category?post=18695"}],"curies":[{"name":"wp","href":"https:\/\/api.w.org\/{rel}","templated":true}]}}