{"id":18731,"date":"2021-06-10T18:53:02","date_gmt":"2021-06-10T16:53:02","guid":{"rendered":"https:\/\/www.fightingfilms.shop\/produit\/kimono-de-judo-infantil-hajime\/"},"modified":"2024-01-26T10:20:14","modified_gmt":"2024-01-26T09:20:14","slug":"kimono-de-judo-infantil-hajime","status":"publish","type":"product","link":"https:\/\/fightingfilms.shop\/es\/produit\/kimono-de-judo-infantil-hajime\/","title":{"rendered":"Kimono de judo infantil Hajime"},"content":{"rendered":"<p>Descubre el Kimono de Judo Infantil Hajime, ligero y robusto, para aprender en las mejores condiciones.<\/p>\n<p>Introduce a tu hijo en la excelencia con el kimono de judo para ni\u00f1os Hajime. Dise\u00f1ado con un equilibrio perfecto entre comodidad, durabilidad y rendimiento, este kimono encarna el esp\u00edritu del judo desde el primer<a href=\"https:\/\/fr.wiktionary.org\/wiki\/hajime\" rel=\"nofollow noopener\" target=\"_blank\">\u00abhajime\u00bb<\/a>.<\/p>\n<p>\u00bfTiene dudas a la hora de elegir un kimono de judo para su hijo? Descubre aqu\u00ed nuestra <a href=\"https:\/\/www.fightingfilms.shop\/guide-kimono-judo-enfant-parfait\/\">gu\u00eda definitiva para elegir un kimono de judo para ni\u00f1os<\/a>.<\/p>\n<h2>Caracter\u00edsticas del kimono de judo para ni\u00f1os Hajime :<\/h2>\n<p>1. Comodidad superior: Fabricado con materiales de alta calidad, nuestro kimono ofrece un tacto suave sobre la piel de su hijo, evitando el enrojecimiento y permitiendo una libertad de movimientos \u00f3ptima durante las sesiones de entrenamiento o las competiciones.<\/p>\n<p>2. Durabilidad excepcional: El kimono Hajime est\u00e1 dise\u00f1ado para resistir el paso del tiempo y los rigores del entrenamiento intensivo de los j\u00f3venes judokas. Las costuras reforzadas y los materiales de alta calidad garantizan la m\u00e1xima durabilidad.<\/p>\n<p>3. Ajuste personalizado: Con un corte especialmente adaptado a los j\u00f3venes judokas, el kimono ofrece un ajuste \u00f3ptimo sin restringir los movimientos. Los hombros y el cuello reforzados garantizan una sujeci\u00f3n segura al atrapar y lanzar.<\/p>\n<p>4. Dise\u00f1o elegante : El kimono Hajime combina tradici\u00f3n y modernidad con su elegante dise\u00f1o, resaltando la belleza del judogi. Los parches cuidadosamente bordados aportan un toque distintivo, respetando al mismo tiempo los c\u00f3digos est\u00e9ticos del judo.<\/p>\n<p>5. Rendimiento acelerado: Gracias a su ligereza y ajuste ce\u00f1ido, el kimono de judo Hajime permite a su hijo moverse por el tatami con agilidad. Los judokas en ciernes pueden desarrollar sus habilidades t\u00e9cnicas con confianza.<\/p>\n<p>Elige calidad y rendimiento con el Kimono de Judo para Ni\u00f1os Hajime, disponible exclusivamente en FightingFilms.shop. Proporcione a su joven judoka el equipamiento que necesita para progresar en el judo respetando los valores tradicionales de este noble arte marcial.<\/p>\n<p>&nbsp;<\/p>\n<p>\u00bfEs tu hijo nuevo en el judo y quieres que aprenda los valores de este arte marcial tradicional japon\u00e9s divirti\u00e9ndose al mismo tiempo? Descubra nuestros <a href=\"https:\/\/www.fightingfilms.shop\/produit\/livre-de-judo-pour-enfant\/\">libros de judo para ni\u00f1os<\/a> para seguir en contacto con el judo incluso fuera del tatami, \u00a1de forma divertida!<\/p>\n<p>&nbsp;<\/p>\n<h2><b>\u00bfC\u00f3mo elegir la talla adecuada del kimono de judo infantil Fighting Films?  <\/b><\/h2>\n<p>A diferencia de los kimonos para adultos, le aconsejamos que elija la talla correspondiente a la de su hijo. Esto se hace para compensar los r\u00e1pidos cambios de estatura de tus hijos. Si tu hijo mide 118 cm, debes elegir una de 120 cm y no una de 110 cm. Gracias a nuestra experiencia y al conocimiento de nuestros kimonos, podemos asegurarle que este es el m\u00e9todo adecuado.<\/p>\n<p>Si tiene alguna duda, no dude en ponerse en contacto con nosotros directamente <a href=\"https:\/\/www.fightingfilms.shop\/contact\/\">aqu\u00ed<\/a> o venga a probarse el kimono en la tienda de 1 rue des Messageries, 75010 Par\u00eds. Estamos deseando darle la bienvenida y comentar con usted cualquier duda que pueda tener.<\/p>\n<p>Consulta el patr\u00f3n en la galer\u00eda para ver las dimensiones exactas.<\/p>\n<p>Tambi\u00e9n puede consultar nuestros diversos art\u00edculos sobre c\u00f3mo elegir su <a href=\"https:\/\/www.fightingfilms.shop\/categorie\/kimonos\/kimonos-de-judo\/\">kimono de judo<\/a> o echar un vistazo a nuestros <a href=\"https:\/\/www.fightingfilms.shop\/categorie\/ceintures-de-judo\/\">cinturones de judo<\/a> para completar su atuendo.<\/p>\n","protected":false},"excerpt":{"rendered":"<p>Kimono de judo infantil Hajime <strong>en grano de arroz de alta calidad<\/strong>. El kimono Hajime es c\u00f3modo de llevar para los ni\u00f1os, <strong>ligero y resistente<\/strong>, e incluye un cintur\u00f3n blanco. As\u00ed que es el judogi ideal para <strong>empezar a aprender judo<\/strong> con las mejores bazas. Con <strong>320 g\/m2<\/strong>, este judogi de calidad es <strong>m\u00e1s resistente<\/strong> y <strong>duradero<\/strong> que la mayor\u00eda de los <a href=\"https:\/\/www.fightingfilms.shop\/les-kimonos-de-judo-pour-enfant\/\">kimonos de judo<\/a> para ni\u00f1os.<\/p>\n<p>&nbsp;<\/p>\n<p>55% algod\u00f3n 45% poli\u00e9ster<\/p>\n<p>Disponible de 100 a 160 cm<\/p>\n","protected":false},"featured_media":24719,"comment_status":"closed","ping_status":"closed","template":"","meta":[],"product_brand":[],"product_cat":[448,558],"product_tag":[],"giftcard-category":[],"class_list":{"0":"post-18731","1":"product","2":"type-product","3":"status-publish","4":"has-post-thumbnail","6":"product_cat-kimonos-de-judo-es","7":"product_cat-kimonos-para-ninos","8":"product_shipping_class-ninoskimono-etiqueta-roja","10":"first","11":"instock","12":"taxable","13":"shipping-taxable","14":"purchasable","15":"product-type-variable"},"exclude_global_add_ons":[],"addons":[],"_links":{"self":[{"href":"https:\/\/fightingfilms.shop\/es\/wp-json\/wp\/v2\/product\/18731","targetHints":{"allow":["GET"]}}],"collection":[{"href":"https:\/\/fightingfilms.shop\/es\/wp-json\/wp\/v2\/product"}],"about":[{"href":"https:\/\/fightingfilms.shop\/es\/wp-json\/wp\/v2\/types\/product"}],"replies":[{"embeddable":true,"href":"https:\/\/fightingfilms.shop\/es\/wp-json\/wp\/v2\/comments?post=18731"}],"wp:featuredmedia":[{"embeddable":true,"href":"https:\/\/fightingfilms.shop\/es\/wp-json\/wp\/v2\/media\/24719"}],"wp:attachment":[{"href":"https:\/\/fightingfilms.shop\/es\/wp-json\/wp\/v2\/media?parent=18731"}],"wp:term":[{"taxonomy":"product_brand","embeddable":true,"href":"https:\/\/fightingfilms.shop\/es\/wp-json\/wp\/v2\/product_brand?post=18731"},{"taxonomy":"product_cat","embeddable":true,"href":"https:\/\/fightingfilms.shop\/es\/wp-json\/wp\/v2\/product_cat?post=18731"},{"taxonomy":"product_tag","embeddable":true,"href":"https:\/\/fightingfilms.shop\/es\/wp-json\/wp\/v2\/product_tag?post=18731"},{"taxonomy":"giftcard-category","embeddable":true,"href":"https:\/\/fightingfilms.shop\/es\/wp-json\/wp\/v2\/giftcard-category?post=18731"}],"curies":[{"name":"wp","href":"https:\/\/api.w.org\/{rel}","templated":true}]}}