{"id":18779,"date":"2021-06-10T18:53:00","date_gmt":"2021-06-10T16:53:00","guid":{"rendered":"https:\/\/www.fightingfilms.shop\/produit\/kimono-de-judo-ijf-superstar-750-gr\/"},"modified":"2026-04-03T18:52:53","modified_gmt":"2026-04-03T16:52:53","slug":"kimono-de-judo-ijf-superstar-750-gr","status":"publish","type":"product","link":"https:\/\/fightingfilms.shop\/es\/produit\/kimono-de-judo-ijf-superstar-750-gr\/","title":{"rendered":"Kimono de judo IJF Superstar 750 Gr"},"content":{"rendered":"<p>El <strong>kimono de judo Superstar 750 Gr IJF Fighting Films <\/strong>est\u00e1 fabricado con algod\u00f3n de alta calidad. El material es agradable al tacto y muy resistente. Adem\u00e1s de su robustez, <strong>encoge muy poco en<\/strong> el lavado. Nos encanta la chaqueta de grano de arroz con sus <strong>costuras traseras<\/strong> y <strong>solapas <\/strong><b>resistentes<\/b>, perfecta para los judokas m\u00e1s exigentes. Adem\u00e1s, la chaqueta <strong>tiene un corte acampanado a la altura del est\u00f3mago permitiendo que el judogi se ajuste bien.<\/strong> Por otro lado, el pantal\u00f3n es holgado y reforzado en la rodilla. El ancho del escote y su grosor cumplen con las \u00faltimas normativas de la IJF.<\/p>\n<p>Por \u00faltimo, el <strong>kimono Fighting Films Superstar 750 azul\/blanco<\/strong> tiene <strong>un elegante Fighting Films bordado en rojo en el hombro,<\/strong> lo que le da un look \u00fanico.<\/p>\n<p>Si buscas un <strong>kimono para mujer o para hombre<\/strong> que ofrezca una comodidad excepcional, no lo dudes m\u00e1s y apuesta por <strong>el Fighting Films Superstar 750 \u2013 kimono homologado por la IJF<\/strong> con la mejor relaci\u00f3n calidad-precio. Sin mencionar que este kimono de judo ha sido aprobado por la FIJ para competiciones internacionales.<\/p>\n<h4><strong>Lo m\u00e1s destacado:<\/strong><\/h4>\n<ul>\n<li>750 Gr que proporciona una buena resistencia a la tracci\u00f3n para el entrenamiento de competici\u00f3n.<\/li>\n<li>Aprobadas las nuevas normas de la FIJ<\/li>\n<li>70% Algod\u00f3n 30% Poli\u00e9ster<\/li>\n<li>Ligero y robusto, es adecuado para la pr\u00e1ctica regular de judo.<\/li>\n<li>Corte ajustado que permite movimientos optimizados.<\/li>\n<li>3% de encogimiento al lavado<\/li>\n<li>Se vende con bolsa de transporte Fighting Films<\/li>\n<\/ul>\n<h4><strong>Consejos para cuidar tu kimono de judo:<\/strong><\/h4>\n<ul>\n<li>Lavado a m\u00e1quina &#8211; 30\u00b0 m\u00e1x. &#8211; normal<\/li>\n<li>Sin blanqueo<\/li>\n<\/ul>\n<p>Disponible en Ajuste <strong>Est\u00e1ndar<\/strong> y <strong>Ajuste Grande<\/strong>. El Ajuste Grande es m\u00e1s ancho en la cintura, por lo que para un kimono de 170 cm, este kimono tendr\u00e1 la longitud de un Ajuste Est\u00e1ndar de 170 cm, pero la cintura en la cintura ser\u00e1 de un Ajuste Est\u00e1ndar <strong>de 175 cm<\/strong>. <\/p>\n<p><strong>LF= 1 talla m\u00e1s en la zona del est\u00f3mago<\/strong><\/p>\n<h4><strong>C\u00f3mo elegir la talla adecuada para tu kimono de judo de Fighting Films ? <\/strong><\/h4>\n<p>Aconsejamos a todos nuestros clientes que elijan un kimono <strong>5 cm por debajo de su estatura<\/strong>. Si mides <strong>1m70<\/strong>, opta por la de <strong>165cm.<\/strong> Con nuestra experiencia y conocimiento de nuestros kimonos, podemos asegurarle que este es el m\u00e9todo adecuado.<\/p>\n<p>Si tienes dudas, no dudes en consultar el art\u00edculo sobre c\u00f3mo <a href=\"https:\/\/www.fightingfilms.shop\/comment-bien-choisir-la-taille-de-son-judogi\/\">elegir la talla de tu kimono de judo<\/a> o contactar directamente con nosotros <a href=\"https:\/\/www.fightingfilms.shop\/contact\/\">aqu\u00ed<\/a>.<\/p>\n<p>Consulta el patr\u00f3n en la galer\u00eda para ver las dimensiones exactas.<\/p>\n<p>Tambi\u00e9n puede consultar nuestros <a href=\"https:\/\/www.fightingfilms.shop\/blog\/\">diversos art\u00edculos<\/a> sobre c\u00f3mo elegir su <a href=\"https:\/\/www.fightingfilms.shop\/categorie\/kimonos\/kimonos-de-judo\/\">kimono de judo<\/a> o echar un vistazo a nuestros <a href=\"https:\/\/www.fightingfilms.shop\/categorie\/ceintures-de-judo\/\">cinturones de judo<\/a> para completar su atuendo.<\/p>\n<p>&nbsp;<\/p>\n<div id=\"kurato_extension_modal\"><\/div>\n<div id=\"kurato_extension_modal\"><\/div>\n<div id=\"kurato_extension_modal\"><\/div>\n<div id=\"kurato_extension_modal\"><\/div>\n<div id=\"kurato_extension_modal\"><\/div>\n<div id=\"kurato_extension_modal\"><\/div>\n<div id=\"kurato_extension_modal\"><\/div>\n<div id=\"kurato_extension_modal\"><\/div>\n<div id=\"kurato_extension_modal\"><\/div>\n<div id=\"kurato_extension_modal\"><\/div>\n<div id=\"kurato_extension_modal\"><\/div>\n<div id=\"kurato_extension_modal\"><\/div>\n<div id=\"kurato_extension_modal\"><\/div>\n<div id=\"kurato_extension_modal\"><\/div>\n<div id=\"kurato_extension_modal\"><\/div>\n<div id=\"kurato_extension_modal\"><\/div>\n<div id=\"kurato_extension_modal\"><\/div>\n<div id=\"kurato_extension_modal\"><\/div>\n<div id=\"kurato_extension_modal\"><\/div>\n<div id=\"kurato_extension_modal\"><\/div>\n<div id=\"kurato_extension_modal\"><\/div>\n<div id=\"kurato_extension_modal\"><\/div>\n<div id=\"kurato_extension_modal\"><\/div>\n<div id=\"kurato_extension_modal\"><\/div>\n<div id=\"kurato_extension_modal\"><\/div>\n<div id=\"kurato_extension_modal\"><\/div>\n<div id=\"kurato_extension_modal\"><\/div>\n<div id=\"kurato_extension_modal\"><\/div>\n<div id=\"kurato_extension_modal\"><\/div>\n<div id=\"kurato_extension_modal\"><\/div>\n<div id=\"kurato_extension_modal\"><\/div>\n<div id=\"kurato_extension_modal\"><\/div>\n<div id=\"kurato_extension_modal\"><\/div>\n<div id=\"kurato_extension_modal\"><\/div>\n<div id=\"kurato_extension_modal\"><\/div>\n","protected":false},"excerpt":{"rendered":"<p><strong>El kimono Judo Fighting Films Superstar 750 Gr \u2013 Homologado IJF (<a href=\"https:\/\/www.fightingfilms.shop\/les-nouvelles-normes-ijf-pour-les-judogis-en-2022\/\">aprobado por la Federaci\u00f3n Internacional de Judo<\/a>, nuevos est\u00e1ndares IJF en vigor desde enero de 2023)<\/strong> se distingue por su <strong>cuidado acabado<\/strong> as\u00ed como por la calidad de su tejido. Es un <strong>modelo perfecto para todos los judokas que quieran sentirse c\u00f3modos con un kimono de alta calidad<\/strong>. Este kimono es <strong>ideal para la pr\u00e1ctica habitual, <\/strong>ya que es ligero y proporciona una comodidad \u00f3ptima. Por \u00faltimo, ofrece la m\u00e1xima movilidad gracias a su corte entallado. Este es el <strong>kimono de judo de competici\u00f3n <\/strong>definitivo.<\/p>\n<p>Este judogi es <strong>mixto<\/strong>.<\/p>\n<p>Disponible en Ajuste <strong>Est\u00e1ndar<\/strong> y <strong>Ajuste Grande<\/strong>. El Ajuste Grande es m\u00e1s ancho en la cintura, por lo que para un kimono de 170 cm, este kimono tendr\u00e1 la longitud de un Ajuste Est\u00e1ndar de 170 cm, pero la cintura en la cintura ser\u00e1 de un Ajuste Est\u00e1ndar <strong>de 175 cm<\/strong>. <\/p>\n<p><strong>LF= 1 talla m\u00e1s en la zona del est\u00f3mago<\/strong><\/p>\n<p><strong>\u00bfC\u00f3mo elegir la talla correcta del kimono Fighting Films? <\/strong><\/p>\n<p>Aconsejamos a todos nuestros clientes que elijan un kimono <strong>5 cm por debajo de su estatura<\/strong>. Si mides <strong>1m70<\/strong>, opta por la de <strong>165cm.<\/strong> Con nuestra experiencia y conocimiento de nuestros kimonos, podemos asegurarle que este es el m\u00e9todo adecuado.<\/p>\n<p><strong>Atenci\u00f3n !<\/strong> Con las nuevas normas de la FIJ vigentes desde enero de 2023, la falda del kimono se ha alargado <strong>5 cm<\/strong>, lo que puede molestar a algunos judokas.<\/p>\n<h4 id=\"kurato_extension_modal\">\u00bfA\u00fan no sabe qu\u00e9 talla de judogi elegir? Descubra nuestra <strong><a href=\"http:\/\/tinyurl.com\/2mjwnc4w\">Gu\u00eda de tallas .<\/a><\/strong><\/h4>\n<div id=\"kurato_extension_modal\"><\/div>\n<div id=\"kurato_extension_modal\"><\/div>\n<div id=\"kurato_extension_modal\"><\/div>\n<div id=\"kurato_extension_modal\"><\/div>\n<div id=\"kurato_extension_modal\"><\/div>\n<div id=\"kurato_extension_modal\"><\/div>\n<div id=\"kurato_extension_modal\"><\/div>\n<div id=\"kurato_extension_modal\"><\/div>\n<div id=\"kurato_extension_modal\"><\/div>\n<div id=\"kurato_extension_modal\"><\/div>\n<div id=\"kurato_extension_modal\"><\/div>\n<div id=\"kurato_extension_modal\"><\/div>\n<div id=\"kurato_extension_modal\"><\/div>\n<div id=\"kurato_extension_modal\"><\/div>\n<div id=\"kurato_extension_modal\"><\/div>\n<div id=\"kurato_extension_modal\"><\/div>\n<div id=\"kurato_extension_modal\"><\/div>\n<div id=\"kurato_extension_modal\"><\/div>\n<div id=\"kurato_extension_modal\"><\/div>\n<div id=\"kurato_extension_modal\"><\/div>\n<div id=\"kurato_extension_modal\"><\/div>\n<div id=\"kurato_extension_modal\"><\/div>\n<div id=\"kurato_extension_modal\"><\/div>\n<div id=\"kurato_extension_modal\"><\/div>\n<div id=\"kurato_extension_modal\"><\/div>\n<div id=\"kurato_extension_modal\"><\/div>\n<div id=\"kurato_extension_modal\"><\/div>\n<div id=\"kurato_extension_modal\"><\/div>\n<div id=\"kurato_extension_modal\"><\/div>\n<div id=\"kurato_extension_modal\"><\/div>\n<div id=\"kurato_extension_modal\"><\/div>\n<div id=\"kurato_extension_modal\"><\/div>\n<div id=\"kurato_extension_modal\"><\/div>\n<div id=\"kurato_extension_modal\"><\/div>\n","protected":false},"featured_media":23028,"comment_status":"closed","ping_status":"closed","template":"","meta":[],"product_brand":[],"product_cat":[448,995],"product_tag":[],"giftcard-category":[],"class_list":{"0":"post-18779","1":"product","2":"type-product","3":"status-publish","4":"has-post-thumbnail","6":"product_cat-kimonos-de-judo-es","7":"product_cat-judogi-ijf","8":"product_shipping_class-kimono-black-label-superstar-es","10":"first","11":"instock","12":"featured","13":"taxable","14":"shipping-taxable","15":"purchasable","16":"product-type-variable"},"exclude_global_add_ons":[],"addons":[],"_links":{"self":[{"href":"https:\/\/fightingfilms.shop\/es\/wp-json\/wp\/v2\/product\/18779","targetHints":{"allow":["GET"]}}],"collection":[{"href":"https:\/\/fightingfilms.shop\/es\/wp-json\/wp\/v2\/product"}],"about":[{"href":"https:\/\/fightingfilms.shop\/es\/wp-json\/wp\/v2\/types\/product"}],"replies":[{"embeddable":true,"href":"https:\/\/fightingfilms.shop\/es\/wp-json\/wp\/v2\/comments?post=18779"}],"wp:featuredmedia":[{"embeddable":true,"href":"https:\/\/fightingfilms.shop\/es\/wp-json\/wp\/v2\/media\/23028"}],"wp:attachment":[{"href":"https:\/\/fightingfilms.shop\/es\/wp-json\/wp\/v2\/media?parent=18779"}],"wp:term":[{"taxonomy":"product_brand","embeddable":true,"href":"https:\/\/fightingfilms.shop\/es\/wp-json\/wp\/v2\/product_brand?post=18779"},{"taxonomy":"product_cat","embeddable":true,"href":"https:\/\/fightingfilms.shop\/es\/wp-json\/wp\/v2\/product_cat?post=18779"},{"taxonomy":"product_tag","embeddable":true,"href":"https:\/\/fightingfilms.shop\/es\/wp-json\/wp\/v2\/product_tag?post=18779"},{"taxonomy":"giftcard-category","embeddable":true,"href":"https:\/\/fightingfilms.shop\/es\/wp-json\/wp\/v2\/giftcard-category?post=18779"}],"curies":[{"name":"wp","href":"https:\/\/api.w.org\/{rel}","templated":true}]}}