{"id":18882,"date":"2021-06-10T18:52:58","date_gmt":"2021-06-10T16:52:58","guid":{"rendered":"https:\/\/www.fightingfilms.shop\/produit\/t-shirt-fighting-films\/"},"modified":"2024-01-26T16:24:29","modified_gmt":"2024-01-26T15:24:29","slug":"t-shirt-fighting-films","status":"publish","type":"product","link":"https:\/\/fightingfilms.shop\/es\/produit\/t-shirt-fighting-films\/","title":{"rendered":"Camiseta Fighting Films"},"content":{"rendered":"<p>Echa un vistazo a nuestra camiseta Fighting Films con un dise\u00f1o \u00fanico. Las t\u00edpicas pel\u00edculas de lucha japonesas torii bordadas en el coraz\u00f3n. Esta camiseta ser\u00e1 tu compa\u00f1era diaria cuando vayas a entrenar o antes de pisar el tatami para una competici\u00f3n.<\/p>\n<p>Elige el color de tu camiseta Fighting Films: negro, blanco o gris. As\u00ed como el color del logotipo de Fighting Films: blanco, negro, rojo y dorado.<\/p>\n<p>La camiseta favorita de tu judoka preferido. Con el apoyo de atletas superestrellas como <a href=\"https:\/\/www.fightingfilms.shop\/darcel-yandzi-et-fighting-films\/\">Darcel Yandzi<\/a>, Loic Pietri y Michael Korrel.<\/p>\n<p>Tanto para j\u00f3venes como para mayores, esta camiseta es perfecta para todos los amantes del judo.<\/p>\n<p>La camiseta Fighting Films, un producto b\u00e1sico pero imprescindible en nuestro cat\u00e1logo. \u00a1A entrenar con el Torii en el coraz\u00f3n!<\/p>\n<p>Si eres un club de judo y quieres hacer un regalo a tus socios de todas las edades, \u00a1esta camiseta es el regalo perfecto!<\/p>\n<h2>Caract\u00e9ristiques du T-shirt Fighting Films:<\/h2>\n<ul>\n<li>Material: 100% algod\u00f3n<\/li>\n<li>Color: s\u00f3lo negro<\/li>\n<li>Talla: XS-S-M-L-XL-XXL<\/li>\n<\/ul>\n<p>No dude en consultar nuestros otros <a href=\"https:\/\/www.fightingfilms.shop\/categorie\/textile-de-judo\/\">textiles<\/a>, accesorios y otros productos de <a href=\"https:\/\/www.fightingfilms.shop\/categorie\/textile-de-judo\/\">judo<\/a>.<\/p>\n<p>Para conseguir los mismos kimonos que tus campeones de judo favoritos, \u00a1visita nuestra p\u00e1gina dedicada a los <a href=\"https:\/\/www.fightingfilms.shop\/categorie-produit\/kimonos-de-judo\/\">kimonos<\/a> de judo!<\/p>\n<p>M\u00e1s informaci\u00f3n sobre el mundo del judo en nuestra p\u00e1gina del blog.<\/p>\n","protected":false},"excerpt":{"rendered":"<p>Camiseta cortada a medida con puertas Fighting Films bordadas en el coraz\u00f3n en el color que elijas. Esta camiseta de corte entallado y polivalente es ideal para entrenar o competir.<\/p>\n","protected":false},"featured_media":18883,"comment_status":"closed","ping_status":"closed","template":"","meta":[],"product_brand":[],"product_cat":[493],"product_tag":[],"giftcard-category":[],"class_list":{"0":"post-18882","1":"product","2":"type-product","3":"status-publish","4":"has-post-thumbnail","6":"product_cat-tejidos-de-judo","7":"product_shipping_class-textiles","9":"first","10":"instock","11":"taxable","12":"shipping-taxable","13":"purchasable","14":"product-type-variable"},"exclude_global_add_ons":[],"addons":[],"_links":{"self":[{"href":"https:\/\/fightingfilms.shop\/es\/wp-json\/wp\/v2\/product\/18882","targetHints":{"allow":["GET"]}}],"collection":[{"href":"https:\/\/fightingfilms.shop\/es\/wp-json\/wp\/v2\/product"}],"about":[{"href":"https:\/\/fightingfilms.shop\/es\/wp-json\/wp\/v2\/types\/product"}],"replies":[{"embeddable":true,"href":"https:\/\/fightingfilms.shop\/es\/wp-json\/wp\/v2\/comments?post=18882"}],"wp:featuredmedia":[{"embeddable":true,"href":"https:\/\/fightingfilms.shop\/es\/wp-json\/wp\/v2\/media\/18883"}],"wp:attachment":[{"href":"https:\/\/fightingfilms.shop\/es\/wp-json\/wp\/v2\/media?parent=18882"}],"wp:term":[{"taxonomy":"product_brand","embeddable":true,"href":"https:\/\/fightingfilms.shop\/es\/wp-json\/wp\/v2\/product_brand?post=18882"},{"taxonomy":"product_cat","embeddable":true,"href":"https:\/\/fightingfilms.shop\/es\/wp-json\/wp\/v2\/product_cat?post=18882"},{"taxonomy":"product_tag","embeddable":true,"href":"https:\/\/fightingfilms.shop\/es\/wp-json\/wp\/v2\/product_tag?post=18882"},{"taxonomy":"giftcard-category","embeddable":true,"href":"https:\/\/fightingfilms.shop\/es\/wp-json\/wp\/v2\/giftcard-category?post=18882"}],"curies":[{"name":"wp","href":"https:\/\/api.w.org\/{rel}","templated":true}]}}