{"id":18990,"date":"2021-06-07T14:22:34","date_gmt":"2021-06-07T12:22:34","guid":{"rendered":"https:\/\/www.fightingfilms.shop\/produit\/quimono-de-judo-red-label-500ggr\/"},"modified":"2025-12-31T04:43:22","modified_gmt":"2025-12-31T03:43:22","slug":"quimono-de-judo-red-label-500ggr","status":"publish","type":"product","link":"https:\/\/fightingfilms.shop\/es\/produit\/quimono-de-judo-red-label-500ggr\/","title":{"rendered":"Kimono de judo Etiqueta Roja 500Ggr"},"content":{"rendered":"<p>El kimono de judo Red Label Fighting Films es un kimono de gama media. Por lo tanto, es adecuado para jinetes de nivel intermedio, desde ni\u00f1os experimentados hasta adultos que est\u00e1n aprendiendo o principiantes.<\/p>\n<p>Este ligero kimono de judo es ideal para principiantes. No dudes en perfeccionar tus movimientos a lo largo de las sesiones de entrenamiento. El judogi m\u00e1s ligero transpira m\u00e1s f\u00e1cilmente, evitando la sudoraci\u00f3n excesiva que puede provocar un kimono m\u00e1s pesado.<\/p>\n<p>Disponible en blanco y azul, elige el color que prefieras para sentirte m\u00e1s c\u00f3modo en el dojo.<\/p>\n<p>Flexible y s\u00f3lida, est\u00e1 disponible en tama\u00f1os de 130 cm a 190 cm.<\/p>\n<p>Este judogi es adecuado tanto para hombres como para mujeres. Es el kimono de judo ideal para un primer acercamiento al judo.<\/p>\n<h2><strong>Los puntos fuertes del kimono de judo Red Label 500 Gr para principiantes:<\/strong><\/h2>\n<ul>\n<li>500 gramos por m\u00b2<\/li>\n<li>100% algod\u00f3n<\/li>\n<li>Corte entallado<\/li>\n<li>Elastique sur le pantalon (pour les tailles &lt; 150cm)<\/li>\n<li>Excelente relaci\u00f3n calidad-precio<\/li>\n<li>5% de encogimiento<\/li>\n<li>Se puede bordar el logotipo del club<\/li>\n<li>% atractivo para pedidos de clubes<\/li>\n<\/ul>\n<p><strong>Instrucciones de cuidado :<\/strong><\/p>\n<ul>\n<li>Lavado a m\u00e1quina &#8211; 30\u00b0 m\u00e1x. &#8211; normal<\/li>\n<li>Sin blanqueo<\/li>\n<\/ul>\n<p><strong>\u00bfC\u00f3mo elijo la talla correcta del kimono Red Label <a href=\"https:\/\/fightingfilms.com\/\" rel=\"nofollow noopener\" target=\"_blank\">Fighting Films<\/a>? <\/strong><\/p>\n<p>Contrariamente a lo que solemos aconsejar a nuestros clientes a la hora de elegir la talla de los kimonos Fighting Films, es preferible elegir un judogi de <strong>la misma talla o m\u00e1s grande. <\/strong> Si mides <strong>1 m 70<\/strong>, elige la de <strong>170 cm, <\/strong>pero si mides<strong> 1 m 74, <\/strong>elige la<strong> de 180 cm<\/strong>. Con nuestra experiencia y conocimiento de nuestros kimonos, podemos asegurarle que este es el m\u00e9todo adecuado. Este judogi es 100% de algod\u00f3n y, por tanto, encoger\u00e1 m\u00e1s que nuestros otros kimonos, que est\u00e1n hechos de algod\u00f3n y poli\u00e9ster.<\/p>\n<p>Si tiene alguna duda, no dude en consultar el art\u00edculo sobre c\u00f3mo<a href=\"https:\/\/www.fightingfilms.shop\/comment-bien-choisir-la-taille-de-son-judogi\/\"> elegir la talla de su judogi <\/a>o p\u00f3ngase directamente en contacto con nosotros<a href=\"https:\/\/www.fightingfilms.shop\/contact\/\"> aqu\u00ed<\/a>.<\/p>\n<p>Consulta el patr\u00f3n en la galer\u00eda para ver las dimensiones exactas.<\/p>\n<p>Tambi\u00e9n puede consultar nuestros <a href=\"https:\/\/www.fightingfilms.shop\/blog\/\">diversos art\u00edculos<\/a> sobre c\u00f3mo elegir su <a href=\"https:\/\/www.fightingfilms.shop\/categorie\/kimonos\/kimonos-de-judo\/\">kimono de judo<\/a> o echar un vistazo a nuestros <a href=\"https:\/\/www.fightingfilms.shop\/categorie\/ceintures-de-judo\/\">cinturones de judo<\/a> para completar su atuendo.<\/p>\n<div id=\"kurato_extension_modal\"><\/div>\n<div id=\"kurato_extension_modal\"><\/div>\n","protected":false},"excerpt":{"rendered":"<p>El judogi Etiqueta Roja es un kimono <strong>de gama media<\/strong> para niveles intermedios, desde ni\u00f1os experimentados <strong>hasta adultos que est\u00e1n aprendiendo o principiantes<\/strong>.<\/p>\n<p>Su peso ligero facilita el aprendizaje. El judogi no obstaculiza tus movimientos y te acompa\u00f1a a medida que progresas.<\/p>\n<p><strong>Flexible y s\u00f3lida<\/strong>, est\u00e1 disponible en tama\u00f1os de 130 cm a 190 cm. Disponible en blanco o azul. Este judogi es <strong>mixto<\/strong>.<\/p>\n<h4 id=\"kurato_extension_modal\">\u00bfA\u00fan no sabe qu\u00e9 talla de judogi elegir? Descubra nuestra <strong><a href=\"http:\/\/tinyurl.com\/2mjwnc4w\">Gu\u00eda de tallas .<\/a><\/strong><\/h4>\n<div id=\"kurato_extension_modal\"><\/div>\n","protected":false},"featured_media":23033,"comment_status":"closed","ping_status":"closed","template":"","meta":[],"product_brand":[],"product_cat":[448,558],"product_tag":[],"giftcard-category":[],"class_list":{"0":"post-18990","1":"product","2":"type-product","3":"status-publish","4":"has-post-thumbnail","6":"product_cat-kimonos-de-judo-es","7":"product_cat-kimonos-para-ninos","8":"product_shipping_class-ninoskimono-etiqueta-roja","10":"first","11":"instock","12":"taxable","13":"shipping-taxable","14":"purchasable","15":"product-type-variable"},"exclude_global_add_ons":[],"addons":[],"_links":{"self":[{"href":"https:\/\/fightingfilms.shop\/es\/wp-json\/wp\/v2\/product\/18990","targetHints":{"allow":["GET"]}}],"collection":[{"href":"https:\/\/fightingfilms.shop\/es\/wp-json\/wp\/v2\/product"}],"about":[{"href":"https:\/\/fightingfilms.shop\/es\/wp-json\/wp\/v2\/types\/product"}],"replies":[{"embeddable":true,"href":"https:\/\/fightingfilms.shop\/es\/wp-json\/wp\/v2\/comments?post=18990"}],"wp:featuredmedia":[{"embeddable":true,"href":"https:\/\/fightingfilms.shop\/es\/wp-json\/wp\/v2\/media\/23033"}],"wp:attachment":[{"href":"https:\/\/fightingfilms.shop\/es\/wp-json\/wp\/v2\/media?parent=18990"}],"wp:term":[{"taxonomy":"product_brand","embeddable":true,"href":"https:\/\/fightingfilms.shop\/es\/wp-json\/wp\/v2\/product_brand?post=18990"},{"taxonomy":"product_cat","embeddable":true,"href":"https:\/\/fightingfilms.shop\/es\/wp-json\/wp\/v2\/product_cat?post=18990"},{"taxonomy":"product_tag","embeddable":true,"href":"https:\/\/fightingfilms.shop\/es\/wp-json\/wp\/v2\/product_tag?post=18990"},{"taxonomy":"giftcard-category","embeddable":true,"href":"https:\/\/fightingfilms.shop\/es\/wp-json\/wp\/v2\/giftcard-category?post=18990"}],"curies":[{"name":"wp","href":"https:\/\/api.w.org\/{rel}","templated":true}]}}