{"id":19043,"date":"2021-06-07T13:33:47","date_gmt":"2021-06-07T11:33:47","guid":{"rendered":"https:\/\/www.fightingfilms.shop\/produit\/kimono-de-judo-black-label-820gr\/"},"modified":"2024-10-29T10:48:51","modified_gmt":"2024-10-29T09:48:51","slug":"kimono-de-judo-black-label-820gr","status":"publish","type":"product","link":"https:\/\/fightingfilms.shop\/es\/produit\/kimono-de-judo-black-label-820gr\/","title":{"rendered":"Kimono de Judo Etiqueta Negra 600gr"},"content":{"rendered":"<p>El Kimono de Judo <strong>Etiqueta Negra 600Gr<\/strong> es un muy buen kimono de judo a muy buen precio. Es un judogi de buena calidad, con un corte entallado como los judogis de competici\u00f3n de la FIJ. Este judogi tiene un fald\u00f3n m\u00e1s corto, un peso m\u00e1s ligero y, por tanto, es m\u00e1s c\u00f3modo para sesiones de entrenamiento m\u00e1s largas. Lo recomendamos para quienes entrenan con regularidad.    Con su corte entallado y su acabado perfecto, no encontrar\u00e1 un kimono de tan alta calidad a un precio tan asequible en ning\u00fan otro sitio.<\/p>\n<p>Este kimono de judo para entrenamiento regular es adecuado tanto para <strong>hombres como para mujeres<\/strong>. Pesa 600 g\/m2. Tiene un corte est\u00e1ndar. Por \u00faltimo, la particularidad de este Kimono es su composici\u00f3n<strong> 100% algod\u00f3n.<\/strong> Por tanto, encoge m\u00e1s que los judogis IJF fabricados con poli\u00e9ster y algod\u00f3n. <\/p>\n<p><strong>Aspectos destacados del kimono de judo etiqueta negra 600Gr :<\/strong><\/p>\n<ul>\n<li>600 g\/m\u00b2 para una excelente resistencia a la tracci\u00f3n para el entrenamiento competitivo<\/li>\n<li>3% de encogimiento al lavado<\/li>\n<li>Corte entallado para una movilidad perfecta y sujeci\u00f3n tipo kimono<\/li>\n<li>Se vende con bolsa de transporte Fighting Films White<\/li>\n<\/ul>\n<p><strong>Instrucciones de cuidado :<\/strong><\/p>\n<ul>\n<li>Lavado a m\u00e1quina &#8211; 30\u00b0 m\u00e1x. &#8211; normal<\/li>\n<li>Sin blanqueo<\/li>\n<\/ul>\n<p><strong>\u00bfC\u00f3mo elegir la talla correcta del kimono Fighting Films? <\/strong><\/p>\n<p>Aconsejamos a todos nuestros clientes que elijan un kimono <strong>5 cm por debajo de su estatura<\/strong>. Si mides <strong>1m70<\/strong>, opta por la de <strong>165cm.<\/strong> Con nuestra experiencia y conocimiento de nuestros kimonos, podemos asegurarle que este es el m\u00e9todo adecuado.<\/p>\n<p>Si tienes dudas, no dudes en consultar el art\u00edculo sobre c\u00f3mo <a href=\"https:\/\/www.fightingfilms.shop\/comment-bien-choisir-la-taille-de-son-judogi\/\">elegir la talla de tu kimono de judo<\/a> o contactar directamente con nosotros <a href=\"https:\/\/www.fightingfilms.shop\/contact\/\">aqu\u00ed<\/a>.<\/p>\n<p>Consulta el patr\u00f3n en la galer\u00eda para ver las dimensiones exactas.<\/p>\n<p>Tambi\u00e9n puede consultar nuestros <a href=\"https:\/\/www.fightingfilms.shop\/blog\/\">diversos art\u00edculos<\/a> sobre c\u00f3mo elegir su <a href=\"https:\/\/www.fightingfilms.shop\/categorie\/kimonos\/kimonos-de-judo\/\">kimono de judo<\/a> o echar un vistazo a nuestros <a href=\"https:\/\/www.fightingfilms.shop\/categorie\/ceintures-de-judo\/\">cinturones de judo<\/a> para completar su atuendo.<\/p>\n<div id=\"kurato_extension_modal\"><\/div>\n<div id=\"kurato_extension_modal\"><\/div>\n<div id=\"kurato_extension_modal\"><\/div>\n<div id=\"kurato_extension_modal\"><\/div>\n<div id=\"kurato_extension_modal\"><\/div>\n<div id=\"kurato_extension_modal\"><\/div>\n","protected":false},"excerpt":{"rendered":"<div class=\"product-short\">\n<p><strong>El Kimono de Judo Etiqueta Negra de 600gr es un kimono de judo para entrenamiento regular, <\/strong>con un corte entallado y un precio asequible. Nuestro Kimono de Judo Etiqueta Negra es <strong>un judogi de alta calidad que no cumple las normas de la FIJ.<\/strong> Se recomienda para cualquier persona que entrene con regularidad.<\/p>\n<p> Confeccionada en algod\u00f3n 100%, es entallada, de bonito acabado y c\u00f3moda. Excelente relaci\u00f3n calidad-precio.<\/p>\n<p>Adecuado para<strong> hombres y mujeres <\/strong>que practican regularmente y desean un judogi ligero y robusto. Se trata de un judogi con un corte est\u00e1ndar. <\/p>\n<p><strong>\u00bfC\u00f3mo elegir la talla correcta del kimono Fighting Films? <\/strong><\/p>\n<p>Aconsejamos a todos nuestros clientes que elijan un kimono <strong>5 cm por debajo de su estatura<\/strong>. Si mides <strong>1m70<\/strong>, opta por la de <strong>165cm.<\/strong> Con nuestra experiencia y conocimiento de nuestros kimonos, podemos asegurarle que este es el m\u00e9todo adecuado.<\/p>\n<h4>\u00bfA\u00fan no sabe qu\u00e9 talla de judogi elegir? Descubra nuestra <strong><a href=\"http:\/\/tinyurl.com\/2mjwnc4w\">Gu\u00eda de tallas .<\/a><\/strong><\/h4>\n<\/div>\n<div id=\"kurato_extension_modal\"><\/div>\n<div id=\"kurato_extension_modal\"><\/div>\n<div id=\"kurato_extension_modal\"><\/div>\n<div id=\"kurato_extension_modal\"><\/div>\n<div id=\"kurato_extension_modal\"><\/div>\n<div id=\"kurato_extension_modal\"><\/div>\n","protected":false},"featured_media":25898,"comment_status":"closed","ping_status":"closed","template":"","meta":[],"product_brand":[],"product_cat":[448],"product_tag":[],"giftcard-category":[],"class_list":{"0":"post-19043","1":"product","2":"type-product","3":"status-publish","4":"has-post-thumbnail","6":"product_cat-kimonos-de-judo-es","7":"product_shipping_class-kimono-black-label-superstar-es","9":"first","10":"instock","11":"taxable","12":"shipping-taxable","13":"purchasable","14":"product-type-variable"},"exclude_global_add_ons":[],"addons":[],"_links":{"self":[{"href":"https:\/\/fightingfilms.shop\/es\/wp-json\/wp\/v2\/product\/19043","targetHints":{"allow":["GET"]}}],"collection":[{"href":"https:\/\/fightingfilms.shop\/es\/wp-json\/wp\/v2\/product"}],"about":[{"href":"https:\/\/fightingfilms.shop\/es\/wp-json\/wp\/v2\/types\/product"}],"replies":[{"embeddable":true,"href":"https:\/\/fightingfilms.shop\/es\/wp-json\/wp\/v2\/comments?post=19043"}],"wp:featuredmedia":[{"embeddable":true,"href":"https:\/\/fightingfilms.shop\/es\/wp-json\/wp\/v2\/media\/25898"}],"wp:attachment":[{"href":"https:\/\/fightingfilms.shop\/es\/wp-json\/wp\/v2\/media?parent=19043"}],"wp:term":[{"taxonomy":"product_brand","embeddable":true,"href":"https:\/\/fightingfilms.shop\/es\/wp-json\/wp\/v2\/product_brand?post=19043"},{"taxonomy":"product_cat","embeddable":true,"href":"https:\/\/fightingfilms.shop\/es\/wp-json\/wp\/v2\/product_cat?post=19043"},{"taxonomy":"product_tag","embeddable":true,"href":"https:\/\/fightingfilms.shop\/es\/wp-json\/wp\/v2\/product_tag?post=19043"},{"taxonomy":"giftcard-category","embeddable":true,"href":"https:\/\/fightingfilms.shop\/es\/wp-json\/wp\/v2\/giftcard-category?post=19043"}],"curies":[{"name":"wp","href":"https:\/\/api.w.org\/{rel}","templated":true}]}}