{"id":19070,"date":"2021-06-04T14:29:48","date_gmt":"2021-06-04T12:29:48","guid":{"rendered":"https:\/\/www.fightingfilms.shop\/produit\/kimono-de-judo-superstar-original-920gr\/"},"modified":"2026-04-19T20:15:51","modified_gmt":"2026-04-19T18:15:51","slug":"kimono-de-judo-superstar-original-920gr","status":"publish","type":"product","link":"https:\/\/fightingfilms.shop\/es\/produit\/kimono-de-judo-superstar-original-920gr\/","title":{"rendered":"Kimono de judo original Superstar 920Gr"},"content":{"rendered":"<p><strong>El kimono de judo Superstar Original de gama alta <\/strong>tiene una densidad de 920 gramos por metro cuadrado. Es pesado y resistente, pero no restringe la libertad de movimientos. Adem\u00e1s, la Superstar ORIGINAL tiene un ajuste fino y ce\u00f1ido en los hombros, por lo que se adapta bien al cuerpo. Por \u00faltimo, una sutil mezcla de algod\u00f3n (70%) y poli\u00e9ster (30%) significa que el encogimiento en el lavado es de s\u00f3lo el 1%. A pesar de su densidad y resistencia, este kimono es c\u00f3modo y ligero.<\/p>\n<p>Atletas de todo el mundo, incluidas las selecciones nacionales de Georgia y Mongolia, lo han adoptado por su <strong>excepcional comodidad<\/strong> y <strong>ligereza <\/strong>. Este elegante kimono tambi\u00e9n lo luci\u00f3 la superestrella Ilias Illiadis durante su \u00faltimo t\u00edtulo mundial en 2014.<\/p>\n<h2><strong>Aspectos destacados del kimono de judo de gama alta Superstar Original :<\/strong><\/h2>\n<ul>\n<li>920 g\/m\u00b2 de alta resistencia a la tracci\u00f3n para entrenamientos intensivos<\/li>\n<li>1% de encogimiento al lavado<\/li>\n<li>Corte entallado: el kimono se mantiene en su sitio mientras te mueves<\/li>\n<li>Se vende con una bolsa de transporte de Fighting Films.<\/li>\n<\/ul>\n<p><strong>Instrucciones de cuidado :<\/strong><\/p>\n<ul>\n<li>Lavado a m\u00e1quina &#8211; 30\u00b0 m\u00e1x. &#8211; normal<\/li>\n<li>Sin blanqueo<\/li>\n<\/ul>\n<p><strong>\u00bfC\u00f3mo elegir la talla correcta del kimono Fighting Films? <\/strong><\/p>\n<p>Aconsejamos a todos nuestros clientes que elijan un kimono <strong>5 cm por debajo de su estatura<\/strong>. Si mides <strong>1m70<\/strong>, opta por la de <strong>165cm.<\/strong> Con nuestra experiencia y conocimiento de nuestros kimonos, podemos asegurarle que este es el m\u00e9todo adecuado.<\/p>\n<p>Si tienes dudas, no dudes en consultar el art\u00edculo sobre <a href=\"https:\/\/www.fightingfilms.shop\/comment-bien-choisir-la-taille-de-son-judogi\/\">c\u00f3mo elegir la talla de tu kimono de judo<\/a> o contactarnos directamente <a href=\"https:\/\/www.fightingfilms.shop\/contact\/\">aqu\u00ed<\/a>.<\/p>\n<p>Consulta el patr\u00f3n en la galer\u00eda para ver las dimensiones exactas.<\/p>\n<p>Tambi\u00e9n puede consultar nuestros <a href=\"https:\/\/www.fightingfilms.shop\/blog\/\">diversos art\u00edculos<\/a> sobre c\u00f3mo elegir su <a href=\"https:\/\/www.fightingfilms.shop\/categorie\/kimonos\/kimonos-de-judo\/\">kimono de judo<\/a> o echar un vistazo a nuestros <a href=\"https:\/\/www.fightingfilms.shop\/categorie\/ceintures-de-judo\/\">cinturones de judo<\/a> para completar su atuendo.<\/p>\n<div id=\"kurato_extension_modal\"><\/div>\n","protected":false},"excerpt":{"rendered":"<p style=\"text-align: left;\">El Fighting Films Superstar Original Judo Kimono es el <strong>kimono de judo de alta gama<\/strong> de la marca. Es adecuado para hombres y mujeres que practican Judo habitualmente. Es el kimono m\u00e1s denso que ofrece Fighting Films con una densidad de 920 gramos por m\u00b2. Est\u00e1 especialmente dise\u00f1ado para <strong>judokas que practican randori o competici\u00f3n regular e intensiva.<\/strong><\/p>\n<p>Este judogi es <strong>mixto.<\/strong><\/p>\n<p><strong>\u00bfC\u00f3mo elegir la talla correcta del kimono Fighting Films ? <\/strong><\/p>\n<p>Aconsejamos a todos nuestros clientes que elijan un kimono <strong>5 cm por debajo de su estatura<\/strong>. Si mides <strong>1m70<\/strong>, opta por la de <strong>165cm.<\/strong> Con nuestra experiencia y conocimiento de nuestros kimonos, podemos asegurarle que este es el m\u00e9todo adecuado.<\/p>\n<div id=\"kurato_extension_modal\"><\/div>\n","protected":false},"featured_media":28153,"comment_status":"closed","ping_status":"closed","template":"","meta":[],"product_brand":[],"product_cat":[448],"product_tag":[],"giftcard-category":[],"class_list":{"0":"post-19070","1":"product","2":"type-product","3":"status-publish","4":"has-post-thumbnail","6":"product_cat-kimonos-de-judo-es","7":"product_shipping_class-kimono-black-label-superstar-es","9":"first","10":"instock","11":"taxable","12":"shipping-taxable","13":"purchasable","14":"product-type-variable"},"exclude_global_add_ons":[],"addons":[],"_links":{"self":[{"href":"https:\/\/fightingfilms.shop\/es\/wp-json\/wp\/v2\/product\/19070","targetHints":{"allow":["GET"]}}],"collection":[{"href":"https:\/\/fightingfilms.shop\/es\/wp-json\/wp\/v2\/product"}],"about":[{"href":"https:\/\/fightingfilms.shop\/es\/wp-json\/wp\/v2\/types\/product"}],"replies":[{"embeddable":true,"href":"https:\/\/fightingfilms.shop\/es\/wp-json\/wp\/v2\/comments?post=19070"}],"wp:featuredmedia":[{"embeddable":true,"href":"https:\/\/fightingfilms.shop\/es\/wp-json\/wp\/v2\/media\/28153"}],"wp:attachment":[{"href":"https:\/\/fightingfilms.shop\/es\/wp-json\/wp\/v2\/media?parent=19070"}],"wp:term":[{"taxonomy":"product_brand","embeddable":true,"href":"https:\/\/fightingfilms.shop\/es\/wp-json\/wp\/v2\/product_brand?post=19070"},{"taxonomy":"product_cat","embeddable":true,"href":"https:\/\/fightingfilms.shop\/es\/wp-json\/wp\/v2\/product_cat?post=19070"},{"taxonomy":"product_tag","embeddable":true,"href":"https:\/\/fightingfilms.shop\/es\/wp-json\/wp\/v2\/product_tag?post=19070"},{"taxonomy":"giftcard-category","embeddable":true,"href":"https:\/\/fightingfilms.shop\/es\/wp-json\/wp\/v2\/giftcard-category?post=19070"}],"curies":[{"name":"wp","href":"https:\/\/api.w.org\/{rel}","templated":true}]}}