{"id":19095,"date":"2021-06-10T18:53:00","date_gmt":"2021-06-10T16:53:00","guid":{"rendered":"https:\/\/www.fightingfilms.shop\/produit\/sudadera-con-capucha-torii-japonesa\/"},"modified":"2021-06-10T18:53:00","modified_gmt":"2021-06-10T16:53:00","slug":"sudadera-con-capucha-torii-japonesa","status":"publish","type":"product","link":"https:\/\/fightingfilms.shop\/es\/produit\/sudadera-con-capucha-torii-japonesa\/","title":{"rendered":"Sudadera con capucha Torii japonesa"},"content":{"rendered":"<p>La sudadera con capucha Torii Fighting Films es una sudadera con capucha negra con bolsillo frontal. La gran puerta roja bord\u00f3 PEL\u00cdCULAS DE LUCHA en <strong>el frente<\/strong>, SUPERSTAR JUDO bordado en oro y plata en la parte inferior <strong>de la espalda.<\/strong><\/p>\n<p>Por eso, es muy pr\u00e1ctico ponerse el kimono antes de una competici\u00f3n para mantenerse abrigado despu\u00e9s del calentamiento o entre peleas.<\/p>\n<h5>Caracter\u00edsticas :<\/h5>\n<ul>\n<li>Sudadera con capucha Torii Judo<\/li>\n<li>75% algod\u00f3n 25% poli\u00e9ster<\/li>\n<li>Talla S \u2013 M \u2013 L \u2013 XL \u2013 XXL<\/li>\n<li>Calidad superior<\/li>\n<\/ul>\n<p>No dudes en consultar tambi\u00e9n nuestros otros <a href=\"https:\/\/www.fightingfilms.shop\/categorie\/textile-de-judo\/\">textiles<\/a> y nuestros <a href=\"https:\/\/www.fightingfilms.shop\/categorie-produit\/kimonos-de-judo\/\">kimonos de judo<\/a> !<\/p>\n","protected":false},"excerpt":{"rendered":"<p>La sudadera con capucha Torii Fighting Films es una sudadera con capucha negra con bolsillo frontal. La gran puerta roja bord\u00f3 PEL\u00cdCULAS DE LUCHA en <strong>el frente<\/strong>, SUPERSTAR JUDO bordado en oro y plata en la parte inferior <strong>de la espalda.<\/strong><\/p>\n<p>Por eso, es muy pr\u00e1ctico ponerse el <a href=\"https:\/\/www.fightingfilms.shop\/categorie-produit\/kimonos-de-judo\/\">kimono<\/a> antes de una competici\u00f3n para mantenerse abrigado despu\u00e9s del calentamiento o entre peleas.<\/p>\n","protected":false},"featured_media":19096,"comment_status":"","ping_status":"closed","template":"","meta":[],"product_brand":[],"product_cat":[493],"product_tag":[],"giftcard-category":[],"class_list":{"0":"post-19095","1":"product","2":"type-product","3":"status-publish","4":"has-post-thumbnail","6":"product_cat-tejidos-de-judo","7":"product_shipping_class-textiles","9":"first","10":"outofstock","11":"taxable","12":"shipping-taxable","13":"purchasable","14":"product-type-variable"},"exclude_global_add_ons":[],"addons":[],"_links":{"self":[{"href":"https:\/\/fightingfilms.shop\/es\/wp-json\/wp\/v2\/product\/19095","targetHints":{"allow":["GET"]}}],"collection":[{"href":"https:\/\/fightingfilms.shop\/es\/wp-json\/wp\/v2\/product"}],"about":[{"href":"https:\/\/fightingfilms.shop\/es\/wp-json\/wp\/v2\/types\/product"}],"replies":[{"embeddable":true,"href":"https:\/\/fightingfilms.shop\/es\/wp-json\/wp\/v2\/comments?post=19095"}],"wp:featuredmedia":[{"embeddable":true,"href":"https:\/\/fightingfilms.shop\/es\/wp-json\/wp\/v2\/media\/19096"}],"wp:attachment":[{"href":"https:\/\/fightingfilms.shop\/es\/wp-json\/wp\/v2\/media?parent=19095"}],"wp:term":[{"taxonomy":"product_brand","embeddable":true,"href":"https:\/\/fightingfilms.shop\/es\/wp-json\/wp\/v2\/product_brand?post=19095"},{"taxonomy":"product_cat","embeddable":true,"href":"https:\/\/fightingfilms.shop\/es\/wp-json\/wp\/v2\/product_cat?post=19095"},{"taxonomy":"product_tag","embeddable":true,"href":"https:\/\/fightingfilms.shop\/es\/wp-json\/wp\/v2\/product_tag?post=19095"},{"taxonomy":"giftcard-category","embeddable":true,"href":"https:\/\/fightingfilms.shop\/es\/wp-json\/wp\/v2\/giftcard-category?post=19095"}],"curies":[{"name":"wp","href":"https:\/\/api.w.org\/{rel}","templated":true}]}}