{"id":19234,"date":"2021-06-10T18:53:12","date_gmt":"2021-06-10T16:53:12","guid":{"rendered":"https:\/\/www.fightingfilms.shop\/produit\/rinonera-judogi-lona\/"},"modified":"2024-01-25T15:35:40","modified_gmt":"2024-01-25T14:35:40","slug":"rinonera-judogi-lona","status":"publish","type":"product","link":"https:\/\/fightingfilms.shop\/es\/produit\/rinonera-judogi-lona\/","title":{"rendered":"Ri\u00f1onera judogi lona"},"content":{"rendered":"<p>Nuestra ri\u00f1onera de lona judogi finalmente est\u00e1 disponible! El complemento de moda que le faltaba a tu armario. Disponible en 4 colores: blanco, azul, negro, rojo.<\/p>\n<p>Este es el <a href=\"https:\/\/www.fightingfilms.shop\/categorie\/accessoires-de-judo\/\">accesorio de judo<\/a> ideal de Fighting Films para competir!<\/p>\n<p>Esta ri\u00f1onera de lona judogi est\u00e1, como su nombre indica, hecha de lona judogi. Como todos nuestros kimonos, la calidad del tejido utilizado hace que el bolso sea muy resistente. ITe acompa\u00f1ar\u00e1 durante muchos meses\/a\u00f1os en verano e invierno!<\/p>\n<p><strong>Informaci\u00f3n adicional: <\/strong><\/p>\n<div class=\"description__desc\">\n<p>-Lona de kimono de judo real.<br \/>\n\u2013 Se lleva en la cintura o en el hombro.<br \/>\n\u2013 Un bolsillo exterior, 1 bolsillo interior con cremallera y un compartimento principal con cremallera<br \/>\n\u2013 Compartimento principal con cremallera y dos bolsillos en el interior<br \/>\n\u2013 Bolsillo exterior con cremallera para peque\u00f1os objetos de valor<br \/>\n\u2013 Peso medio 155 g<\/p>\n<p><strong>Composici\u00f3n :<\/strong><\/p>\n<p>\u2013 Lona JudoGi, 100% algod\u00f3n.<\/p>\n<\/div>\n<p>Quieres completar tu colecci\u00f3n de productos de Fighting Films ? Para el dojo, opta por nuestros <a href=\"https:\/\/www.fightingfilms.shop\/categorie\/kimonos\/kimonos-de-judo\/\">kimonos de judo,<\/a> aprobados por la <a href=\"http:\/\/www.ijf.org\" rel=\"nofollow noopener\" target=\"_blank\">IJF<\/a> o no. Adem\u00e1s del tatami, tambi\u00e9n te esperan nuestros <a href=\"https:\/\/www.fightingfilms.shop\/categorie\/textile-de-judo\/\">textiles de judo.<\/a><\/p>\n<div id=\"kurato_extension_modal\"><\/div>\n<div id=\"kurato_extension_modal\"><\/div>\n","protected":false},"excerpt":{"rendered":"<p>Llega nuestro nuevo producto, <strong>la ri\u00f1onera de lona con kimono de judo de Fighting Films.<\/strong><\/p>\n<p>4 colores disponibles para que tu estilo diario se adapte a todas las situacio<\/p>\n<div id=\"kurato_extension_modal\"><\/div>\n<div id=\"kurato_extension_modal\"><\/div>\n","protected":false},"featured_media":22686,"comment_status":"closed","ping_status":"closed","template":"","meta":[],"product_brand":[],"product_cat":[499],"product_tag":[],"giftcard-category":[],"class_list":{"0":"post-19234","1":"product","2":"type-product","3":"status-publish","4":"has-post-thumbnail","6":"product_cat-accesorios-de-judo","7":"product_shipping_class-accesorios","9":"first","10":"outofstock","11":"taxable","12":"shipping-taxable","13":"purchasable","14":"product-type-variable"},"exclude_global_add_ons":[],"addons":[],"_links":{"self":[{"href":"https:\/\/fightingfilms.shop\/es\/wp-json\/wp\/v2\/product\/19234","targetHints":{"allow":["GET"]}}],"collection":[{"href":"https:\/\/fightingfilms.shop\/es\/wp-json\/wp\/v2\/product"}],"about":[{"href":"https:\/\/fightingfilms.shop\/es\/wp-json\/wp\/v2\/types\/product"}],"replies":[{"embeddable":true,"href":"https:\/\/fightingfilms.shop\/es\/wp-json\/wp\/v2\/comments?post=19234"}],"wp:featuredmedia":[{"embeddable":true,"href":"https:\/\/fightingfilms.shop\/es\/wp-json\/wp\/v2\/media\/22686"}],"wp:attachment":[{"href":"https:\/\/fightingfilms.shop\/es\/wp-json\/wp\/v2\/media?parent=19234"}],"wp:term":[{"taxonomy":"product_brand","embeddable":true,"href":"https:\/\/fightingfilms.shop\/es\/wp-json\/wp\/v2\/product_brand?post=19234"},{"taxonomy":"product_cat","embeddable":true,"href":"https:\/\/fightingfilms.shop\/es\/wp-json\/wp\/v2\/product_cat?post=19234"},{"taxonomy":"product_tag","embeddable":true,"href":"https:\/\/fightingfilms.shop\/es\/wp-json\/wp\/v2\/product_tag?post=19234"},{"taxonomy":"giftcard-category","embeddable":true,"href":"https:\/\/fightingfilms.shop\/es\/wp-json\/wp\/v2\/giftcard-category?post=19234"}],"curies":[{"name":"wp","href":"https:\/\/api.w.org\/{rel}","templated":true}]}}