{"id":19341,"date":"2022-09-07T17:18:27","date_gmt":"2022-09-07T15:18:27","guid":{"rendered":"https:\/\/www.fightingfilms.shop\/produit\/judogi-sokuteiki-ijf\/"},"modified":"2022-09-07T17:18:27","modified_gmt":"2022-09-07T15:18:27","slug":"judogi-sokuteiki-ijf","status":"publish","type":"product","link":"https:\/\/fightingfilms.shop\/es\/produit\/judogi-sokuteiki-ijf\/","title":{"rendered":"Judogi Sokuteiki IJF"},"content":{"rendered":"<p>El judogi sokuteiki de <a href=\"http:\/\/ijf.org\" rel=\"nofollow noopener\" target=\"_blank\">la FIJ<\/a> es el dispositivo de medici\u00f3n que se utiliza para comprobar que el <a href=\"https:\/\/www.fightingfilms.shop\/categorie-produit\/kimonos-de-judo\/\">judogi<\/a> y el cintur\u00f3n cumplen el reglamento de judogi de la FIJ.<\/p>\n<p>Se entrega con una bolsa protectora y una gu\u00eda de instrucciones completa y precisa sobre c\u00f3mo medir el judogi.<\/p>\n<p>Puede ser utilizado por clubes y judokas menos experimentados que se inician en el judo y no est\u00e1n seguros de qu\u00e9 tama\u00f1o de judogi elegir. Esta herramienta elimina todas las dudas.<\/p>\n<p>Elimina cualquier duda y te da confianza antes de pasar el control judogi previo al gran torneo.<\/p>\n<p>Cada <a href=\"https:\/\/www.fightingfilms.shop\/meilleurs-clubs-judo-grandes-villes\/\">club de judo<\/a> deber\u00eda tener su propio sokuteiki judogi de la FIJ.<\/p>\n<p>Descubra nuestras diferentes gamas de <a href=\"https:\/\/www.fightingfilms.shop\/categorie-produit\/kimonos-de-judo\/\">kimonos de judo<\/a>.<\/p>\n<div id=\"kurato_extension_modal\"><\/div>\n","protected":false},"excerpt":{"rendered":"<p>Judogi Sokuteiki IJF es el instrumento de medici\u00f3n oficial utilizado en todas las competiciones internacionales. Esta herramienta se utiliza para comprobar si el judogi que lleva el deportista cumple las normas de la FIJ.<\/p>\n<p>Todos los clubes pueden utilizarlo para hacerse una idea de la talla de kimono de cada judoka de su club.<\/p>\n<div id=\"kurato_extension_modal\"><\/div>\n","protected":false},"featured_media":27148,"comment_status":"","ping_status":"closed","template":"","meta":[],"product_brand":[],"product_cat":[499],"product_tag":[],"giftcard-category":[],"class_list":{"0":"post-19341","1":"product","2":"type-product","3":"status-publish","4":"has-post-thumbnail","6":"product_cat-accesorios-de-judo","7":"product_shipping_class-cinturon-o-copa","9":"first","10":"outofstock","11":"taxable","12":"shipping-taxable","13":"purchasable","14":"product-type-simple"},"exclude_global_add_ons":[],"addons":[],"_links":{"self":[{"href":"https:\/\/fightingfilms.shop\/es\/wp-json\/wp\/v2\/product\/19341","targetHints":{"allow":["GET"]}}],"collection":[{"href":"https:\/\/fightingfilms.shop\/es\/wp-json\/wp\/v2\/product"}],"about":[{"href":"https:\/\/fightingfilms.shop\/es\/wp-json\/wp\/v2\/types\/product"}],"replies":[{"embeddable":true,"href":"https:\/\/fightingfilms.shop\/es\/wp-json\/wp\/v2\/comments?post=19341"}],"wp:featuredmedia":[{"embeddable":true,"href":"https:\/\/fightingfilms.shop\/es\/wp-json\/wp\/v2\/media\/27148"}],"wp:attachment":[{"href":"https:\/\/fightingfilms.shop\/es\/wp-json\/wp\/v2\/media?parent=19341"}],"wp:term":[{"taxonomy":"product_brand","embeddable":true,"href":"https:\/\/fightingfilms.shop\/es\/wp-json\/wp\/v2\/product_brand?post=19341"},{"taxonomy":"product_cat","embeddable":true,"href":"https:\/\/fightingfilms.shop\/es\/wp-json\/wp\/v2\/product_cat?post=19341"},{"taxonomy":"product_tag","embeddable":true,"href":"https:\/\/fightingfilms.shop\/es\/wp-json\/wp\/v2\/product_tag?post=19341"},{"taxonomy":"giftcard-category","embeddable":true,"href":"https:\/\/fightingfilms.shop\/es\/wp-json\/wp\/v2\/giftcard-category?post=19341"}],"curies":[{"name":"wp","href":"https:\/\/api.w.org\/{rel}","templated":true}]}}