{"id":19364,"date":"2020-03-03T12:48:23","date_gmt":"2020-03-03T11:48:23","guid":{"rendered":"https:\/\/www.fightingfilms.shop\/produit\/crear-un-programa-de-bordado\/"},"modified":"2022-03-03T12:48:23","modified_gmt":"2022-03-03T11:48:23","slug":"crear-un-programa-de-bordado","status":"publish","type":"product","link":"https:\/\/fightingfilms.shop\/es\/produit\/crear-un-programa-de-bordado\/","title":{"rendered":"Crear un programa de bordado"},"content":{"rendered":"<p>Es imprescindible a\u00f1adir la creaci\u00f3n del programa de bordado a su cesta cuando realice <strong>su primer pedido personalizado<\/strong>.<\/p>\n<p>Necesitamos el logotipo que desea bordar en sus kimonos para que nuestra bordadora tenga un <strong>modelo de referencia<\/strong>. Una vez que haya a\u00f1adido el programa de bordado a su cesta, podr\u00e1 <a href=\"https:\/\/www.fightingfilms.shop\/produit\/kimonos-de-judo\/personnalisation-logo-club-kimono-fightingfilms\/\">personalizar el logotipo del club<\/a> kimono.<\/p>\n<p><strong>S\u00f3lo<\/strong> tiene que a\u00f1adir el programa de bordado una vez antes de realizar el pedido.<\/p>\n<p>Ahora puedes personalizar tus kimonos de judo con <strong>el logotipo de tu club de judo<\/strong>. Los logotipos de los clubes est\u00e1n bordados en la regi\u00f3n de Par\u00eds. Tardar\u00e1s unas 2 semanas en recibir tu kimono de judo personalizado.<\/p>\n<p>Tambi\u00e9n puedes consultar nuestros <strong>otros art\u00edculos<\/strong> para completar tu equipamiento de judo Fighting Films.<\/p>\n<div id=\"kurato_extension_modal\"><\/div>\n<div id=\"kurato_extension_modal\"><\/div>\n","protected":false},"excerpt":{"rendered":"<p>Si desea bordar por <strong>primera<\/strong> vez el logotipo de su club en sus kimonos de judo, deber\u00e1 a\u00f1adir una sola vez <strong>a su cesta<\/strong> la <strong>creaci\u00f3n del programa de bordado<\/strong> para poder beneficiarse de la <a href=\"https:\/\/www.fightingfilms.shop\/produit\/kimonos-de-judo\/personnalisation-logo-club-kimono-fightingfilms\/\">personalizaci\u00f3n del logotipo del club de<\/a> judo en sus futuros kimonos.<\/p>\n<p>S\u00f3lo tiene que a\u00f1adir el programa de bordado <strong>una vez<\/strong> antes de realizar el pedido.<\/p>\n<div id=\"kurato_extension_modal\"><\/div>\n<div id=\"kurato_extension_modal\"><\/div>\n","protected":false},"featured_media":19365,"comment_status":"","ping_status":"closed","template":"","meta":[],"product_brand":[],"product_cat":[448,558,515],"product_tag":[],"giftcard-category":[],"class_list":{"0":"post-19364","1":"product","2":"type-product","3":"status-publish","4":"has-post-thumbnail","6":"product_cat-kimonos-de-judo-es","7":"product_cat-kimonos-para-ninos","8":"product_cat-para-los-clubes","10":"first","11":"instock","12":"taxable","13":"shipping-taxable","14":"purchasable","15":"product-type-simple"},"exclude_global_add_ons":[],"addons":[],"_links":{"self":[{"href":"https:\/\/fightingfilms.shop\/es\/wp-json\/wp\/v2\/product\/19364","targetHints":{"allow":["GET"]}}],"collection":[{"href":"https:\/\/fightingfilms.shop\/es\/wp-json\/wp\/v2\/product"}],"about":[{"href":"https:\/\/fightingfilms.shop\/es\/wp-json\/wp\/v2\/types\/product"}],"replies":[{"embeddable":true,"href":"https:\/\/fightingfilms.shop\/es\/wp-json\/wp\/v2\/comments?post=19364"}],"wp:featuredmedia":[{"embeddable":true,"href":"https:\/\/fightingfilms.shop\/es\/wp-json\/wp\/v2\/media\/19365"}],"wp:attachment":[{"href":"https:\/\/fightingfilms.shop\/es\/wp-json\/wp\/v2\/media?parent=19364"}],"wp:term":[{"taxonomy":"product_brand","embeddable":true,"href":"https:\/\/fightingfilms.shop\/es\/wp-json\/wp\/v2\/product_brand?post=19364"},{"taxonomy":"product_cat","embeddable":true,"href":"https:\/\/fightingfilms.shop\/es\/wp-json\/wp\/v2\/product_cat?post=19364"},{"taxonomy":"product_tag","embeddable":true,"href":"https:\/\/fightingfilms.shop\/es\/wp-json\/wp\/v2\/product_tag?post=19364"},{"taxonomy":"giftcard-category","embeddable":true,"href":"https:\/\/fightingfilms.shop\/es\/wp-json\/wp\/v2\/giftcard-category?post=19364"}],"curies":[{"name":"wp","href":"https:\/\/api.w.org\/{rel}","templated":true}]}}