{"id":19383,"date":"2020-03-02T16:38:10","date_gmt":"2020-03-02T15:38:10","guid":{"rendered":"https:\/\/www.fightingfilms.shop\/produit\/personalizacion-del-logotipo-del-club\/"},"modified":"2022-03-02T16:38:10","modified_gmt":"2022-03-02T15:38:10","slug":"personalizacion-del-logotipo-del-club","status":"publish","type":"product","link":"https:\/\/fightingfilms.shop\/es\/produit\/personalizacion-del-logotipo-del-club\/","title":{"rendered":"Personalizaci\u00f3n del logotipo del club"},"content":{"rendered":"<p>Personalice ya todos sus pr\u00f3ximos kimonos pedidos en el sitio web. La oferta s\u00f3lo estar\u00e1 disponible para los clubes de judo registrados con una cuenta de club.<\/p>\n<p>Todos los kimonos a la venta pueden personalizarse:<\/p>\n<ul>\n<li><a href=\"https:\/\/www.fightingfilms.shop\/produit\/kimono-judo-pour-enfant-hajime\/\">Judogi <strong>infantil Hajime:<\/strong><\/a> se trata de un aut\u00e9ntico judogi para <strong>principiantes,<\/strong> provisto de <strong>cintur\u00f3n blanco<\/strong> y pantal\u00f3n <strong>el\u00e1stico.<\/strong><\/li>\n<\/ul>\n<ul>\n<li>los judogis <strong><a href=\"https:\/\/www.fightingfilms.shop\/produit\/kimono-de-judo-red-label-500-gr\/\">Etiqueta Roja<\/a><\/strong> El judogi Etiqueta Roja: un judogi para <strong>niveles intermedios<\/strong>, con un corte <strong>entallado<\/strong> y <strong>ajustado<\/strong>, suministrado con un <strong>cintur\u00f3n blanco<\/strong> y confeccionado con aut\u00e9ntico <strong>tejido judogi<\/strong>.<\/li>\n<\/ul>\n<ul>\n<li>el judogi <strong><a href=\"https:\/\/www.fightingfilms.shop\/produit\/kimonos\/kimono-black-label-820-gr-fighting-films\/\">Etiqueta Negra<\/a><\/strong> El judogi Etiqueta Negra es ideal para aquellos que <strong>entrenan con regularidad<\/strong>, tiene una excelente <strong>relaci\u00f3n calidad-precio<\/strong> y es ideal para cadetes, juniors y seniors.<\/li>\n<\/ul>\n<ul>\n<li>Judogi <a href=\"https:\/\/www.fightingfilms.shop\/produit\/kimonos\/kimono-superstar-original-920-gr-fighting-films\/\"><strong>Superstar Original<\/strong><\/a>: es el judogi que llevan los <strong>atletas de todo el<\/strong> mundo, con un <strong>corte<\/strong> <strong>entallado<\/strong> y estilizado. Es el judogi de gama alta de la marca.<\/li>\n<\/ul>\n<ul>\n<li>el judogi<strong><a href=\"https:\/\/www.fightingfilms.shop\/produit\/kimonos\/kimono-superstar-ijf-750-gr-figthting-films\/\">judogi Superstar 750<\/a><\/strong> judogi homologado: ideal para la <strong>competici\u00f3n<\/strong>. Tambi\u00e9n est\u00e1 homologado para las <strong><a href=\"https:\/\/www.youtube.com\/watch?v=m5Zmpvs7S4E\" rel=\"nofollow noopener\" target=\"_blank\">nuevas normas de la FIJ<\/a><\/strong>. Es <strong>ligera<\/strong> y <strong>robusta<\/strong> y tiene un <strong>corte entallado<\/strong>.<\/li>\n<\/ul>\n<p>Equipa a todos tus socios con kimonos de judo personalizados para que los lleven en su <strong>pr\u00f3xima competici\u00f3n. <\/strong><\/p>\n<p>El bordado es similar al del logotipo de <strong>Fighting<\/strong> Films en los hombros, por lo que es de <strong>alta calidad <\/strong>y<strong> resistente<\/strong>. El bordado se realiza en Francia, en la regi\u00f3n de Par\u00eds.<\/p>\n<p>Tambi\u00e9n puedes consultar nuestros <strong>otros art\u00edculos<\/strong> para completar tu equipamiento de judo Fighting Films.<\/p>\n<p>&nbsp;<\/p>\n<div id=\"kurato_extension_modal\"><\/div>\n","protected":false},"excerpt":{"rendered":"<p>Ahora Fighting Films te permite personalizar tus kimonos bordando <strong>el logotipo de tu club en el coraz\u00f3n <\/strong>.<\/p>\n<p>Una vez que haya a\u00f1adido la <strong>cantidad y el tipo de k<\/strong> imonos a su cesta, ind\u00edquenos <strong>el logotipo que<\/strong> desea bordar en sus kimonos comentando el pedido. Una vez validada su solicitud, tardar\u00e1 <strong>2 semanas<\/strong> en recibir sus kimonos bordados. Seleccione el <strong>n\u00famero de personalizaciones<\/strong> en funci\u00f3n del <strong>n\u00famero de kimonos<\/strong> que desee.<\/p>\n<p><em>Por ejemplo: has pedido 3 kimonos Etiqueta Roja, 3 kimonos Etiqueta Negra y 3 kimonos Superestrella, por lo que tendr\u00e1s que seleccionar 9 personalizaciones de kimono en tu pedido. <\/em><\/p>\n<p><strong>Si es la primera<\/strong> vez que bordamos tu logotipo en kimonos, tendr\u00e1s que pasar por el proceso de <strong>creaci\u00f3n del<\/strong> logotipo, que te permitir\u00e1 personalizar tantos kimonos como quieras con el logotipo de tu club.<\/p>\n<p>Esta oferta est\u00e1 reservada a los <strong>clubes de judo<\/strong>. La personalizaci\u00f3n est\u00e1 disponible en <strong>todas nuestras gamas de<\/strong> kimonos para ni\u00f1os y adultos.<\/p>\n<div id=\"kurato_extension_modal\"><\/div>\n","protected":false},"featured_media":19384,"comment_status":"","ping_status":"closed","template":"","meta":[],"product_brand":[],"product_cat":[515,448,558],"product_tag":[],"giftcard-category":[],"class_list":{"0":"post-19383","1":"product","2":"type-product","3":"status-publish","4":"has-post-thumbnail","6":"product_cat-para-los-clubes","7":"product_cat-kimonos-de-judo-es","8":"product_cat-kimonos-para-ninos","10":"first","11":"instock","12":"taxable","13":"shipping-taxable","14":"purchasable","15":"product-type-simple"},"exclude_global_add_ons":[],"addons":[],"_links":{"self":[{"href":"https:\/\/fightingfilms.shop\/es\/wp-json\/wp\/v2\/product\/19383","targetHints":{"allow":["GET"]}}],"collection":[{"href":"https:\/\/fightingfilms.shop\/es\/wp-json\/wp\/v2\/product"}],"about":[{"href":"https:\/\/fightingfilms.shop\/es\/wp-json\/wp\/v2\/types\/product"}],"replies":[{"embeddable":true,"href":"https:\/\/fightingfilms.shop\/es\/wp-json\/wp\/v2\/comments?post=19383"}],"wp:featuredmedia":[{"embeddable":true,"href":"https:\/\/fightingfilms.shop\/es\/wp-json\/wp\/v2\/media\/19384"}],"wp:attachment":[{"href":"https:\/\/fightingfilms.shop\/es\/wp-json\/wp\/v2\/media?parent=19383"}],"wp:term":[{"taxonomy":"product_brand","embeddable":true,"href":"https:\/\/fightingfilms.shop\/es\/wp-json\/wp\/v2\/product_brand?post=19383"},{"taxonomy":"product_cat","embeddable":true,"href":"https:\/\/fightingfilms.shop\/es\/wp-json\/wp\/v2\/product_cat?post=19383"},{"taxonomy":"product_tag","embeddable":true,"href":"https:\/\/fightingfilms.shop\/es\/wp-json\/wp\/v2\/product_tag?post=19383"},{"taxonomy":"giftcard-category","embeddable":true,"href":"https:\/\/fightingfilms.shop\/es\/wp-json\/wp\/v2\/giftcard-category?post=19383"}],"curies":[{"name":"wp","href":"https:\/\/api.w.org\/{rel}","templated":true}]}}