{"id":19415,"date":"2021-06-10T18:53:21","date_gmt":"2021-06-10T16:53:21","guid":{"rendered":"https:\/\/www.fightingfilms.shop\/produit\/sudadera-con-capucha-this-is-judo\/"},"modified":"2024-01-25T13:07:14","modified_gmt":"2024-01-25T12:07:14","slug":"sudadera-con-capucha-this-is-judo","status":"publish","type":"product","link":"https:\/\/fightingfilms.shop\/es\/produit\/sudadera-con-capucha-this-is-judo\/","title":{"rendered":"Sudadera con capucha This is Judo"},"content":{"rendered":"<p>Elegante y pr\u00e1ctico con cierre de cremallera. La sudadera con capucha This Is Judo Fighting Films es perfecta para entrenar o mantener el calor antes de un combate. Interior extrasuave fabricado con un 50% de algod\u00f3n y un 50% de poli\u00e9ster.<\/p>\n<p>Bordado &#8216;THIS IS JUDO&#8217; en la parte delantera, en el coraz\u00f3n, con kanji japon\u00e9s en el hombro izquierdo (pone Fighting Films) y -por \u00faltimo- el logotipo de FF en la parte baja de la espalda, discreto pero eficaz.<\/p>\n<ul>\n<li>Algod\u00f3n extrasuave<\/li>\n<li>Bonito acabado y bordado de alta calidad<\/li>\n<li>50% algod\u00f3n, 50% poli\u00e9ster<\/li>\n<li>Se puede bordar el logotipo del club<\/li>\n<\/ul>\n<p>Eche tambi\u00e9n un vistazo a nuestros <a href=\"https:\/\/www.fightingfilms.shop\/\">otros productos<\/a>.<\/p>\n<div id=\"kurato_extension_modal\"><\/div>\n","protected":false},"excerpt":{"rendered":"<p>Elegante y pr\u00e1ctico con cierre de cremallera. La sudadera con capucha This Is Judo Fighting Films es perfecta para entrenar o mantener el calor antes de un combate. Interior extrasuave fabricado con un 50% de algod\u00f3n y un 50% de poli\u00e9ster.<\/p>\n<p>Bordado &#8216;THIS IS JUDO&#8217; en la parte delantera, en el coraz\u00f3n, con kanji japon\u00e9s en el hombro izquierdo (pone Fighting Films) y -por \u00faltimo- el logotipo de FF en la parte baja de la espalda, discreto pero eficaz.<\/p>\n<div id=\"kurato_extension_modal\"><\/div>\n","protected":false},"featured_media":27124,"comment_status":"closed","ping_status":"closed","template":"","meta":[],"product_brand":[],"product_cat":[493],"product_tag":[],"giftcard-category":[],"class_list":{"0":"post-19415","1":"product","2":"type-product","3":"status-publish","4":"has-post-thumbnail","6":"product_cat-tejidos-de-judo","8":"first","9":"outofstock","10":"taxable","11":"shipping-taxable","12":"purchasable","13":"product-type-variable"},"exclude_global_add_ons":[],"addons":[],"_links":{"self":[{"href":"https:\/\/fightingfilms.shop\/es\/wp-json\/wp\/v2\/product\/19415","targetHints":{"allow":["GET"]}}],"collection":[{"href":"https:\/\/fightingfilms.shop\/es\/wp-json\/wp\/v2\/product"}],"about":[{"href":"https:\/\/fightingfilms.shop\/es\/wp-json\/wp\/v2\/types\/product"}],"replies":[{"embeddable":true,"href":"https:\/\/fightingfilms.shop\/es\/wp-json\/wp\/v2\/comments?post=19415"}],"wp:featuredmedia":[{"embeddable":true,"href":"https:\/\/fightingfilms.shop\/es\/wp-json\/wp\/v2\/media\/27124"}],"wp:attachment":[{"href":"https:\/\/fightingfilms.shop\/es\/wp-json\/wp\/v2\/media?parent=19415"}],"wp:term":[{"taxonomy":"product_brand","embeddable":true,"href":"https:\/\/fightingfilms.shop\/es\/wp-json\/wp\/v2\/product_brand?post=19415"},{"taxonomy":"product_cat","embeddable":true,"href":"https:\/\/fightingfilms.shop\/es\/wp-json\/wp\/v2\/product_cat?post=19415"},{"taxonomy":"product_tag","embeddable":true,"href":"https:\/\/fightingfilms.shop\/es\/wp-json\/wp\/v2\/product_tag?post=19415"},{"taxonomy":"giftcard-category","embeddable":true,"href":"https:\/\/fightingfilms.shop\/es\/wp-json\/wp\/v2\/giftcard-category?post=19415"}],"curies":[{"name":"wp","href":"https:\/\/api.w.org\/{rel}","templated":true}]}}