{"id":19454,"date":"2022-09-15T13:56:34","date_gmt":"2022-09-15T11:56:34","guid":{"rendered":"https:\/\/www.fightingfilms.shop\/produit\/alfombra-de-otono\/"},"modified":"2022-09-15T13:56:34","modified_gmt":"2022-09-15T11:56:34","slug":"alfombra-de-otono","status":"publish","type":"product","link":"https:\/\/fightingfilms.shop\/es\/produit\/alfombra-de-otono\/","title":{"rendered":"Alfombra de oto\u00f1o"},"content":{"rendered":"<p>La estera de ca\u00edda es una parte importante del entrenamiento de un judoka. Tras un entrenamiento repetido de<a href=\"https:\/\/www.fightingfilms.shop\/produit\/accessoires-de-judo\/corde-dentrainement-uchi-komi-special-judo\/\">Uchi-Komi<\/a>, te permite pasar a la siguiente fase. El Uchi-Komi es simplemente una repetici\u00f3n del movimiento que precede al lanzamiento del adversario.<\/p>\n<p>Con esta estera de oto\u00f1o, puedes trabajar en el Nage-Komi. Se trata de la ejecuci\u00f3n completa del lanzamiento del adversario. Esta esterilla permite practicar el Nage-Komi protegiendo la integridad f\u00edsica del compa\u00f1ero de entrenamiento. La alfombra hace que la ca\u00edda sea menos brusca.<\/p>\n<p>La esterilla es mucho menos densa que <a href=\"https:\/\/www.fightingfilms.shop\/categorie-produit\/tatami-de-judo\/\">las de judo<\/a>.<\/p>\n<p>Aproximadamente 80 kg\/m3 frente a los m\u00e1s de 200 kg\/m3 de las moquetas. La alfombrilla ayuda a amortiguar el aterrizaje. Tiene 8 cm de grosor en el centro y 4 cm en los extremos.<\/p>\n<p>Su tama\u00f1o de 200cm \/ 100cm garantiza la protecci\u00f3n del judoka lanzado.<\/p>\n<p>Ideal para j\u00f3venes y mayores, este tapete es imprescindible en cualquier club de judo. Es vital que los j\u00f3venes judokas sepan <a href=\"https:\/\/www.judo.ovh\/compl%C3%A9ments\/les-chutes.html\" rel=\"nofollow noopener\" target=\"_blank\">c\u00f3mo caerse<\/a>, y este tipo de colchoneta ayuda a tranquilizarles \u00a1sin hacerse da\u00f1o!<\/p>\n<p>Si desea saber m\u00e1s sobre los tatamis que estar\u00e1n debajo de su estera de ca\u00edda, eche un vistazo a nuestras diferentes gamas de <a href=\"https:\/\/www.fightingfilms.shop\/categorie-produit\/tatami-de-judo\/\">tatamis de judo<\/a>.<\/p>\n","protected":false},"excerpt":{"rendered":"<p>La estera de ca\u00edda es una parte importante del entrenamiento de un judoka. Tras un entrenamiento repetido de<a href=\"https:\/\/www.fightingfilms.shop\/produit\/accessoires-de-judo\/corde-dentrainement-uchi-komi-special-judo\/\">Uchi-Komi<\/a>, te permite pasar a la siguiente fase. El Uchi-Komi es simplemente una repetici\u00f3n del movimiento que precede al lanzamiento del adversario.<\/p>\n<p>Tama\u00f1o: 200 cm x 100 cm<\/p>\n<p>Grosor: 4 cm en los extremos 8 cm en el centro<\/p>\n<p>&nbsp;<\/p>\n","protected":false},"featured_media":19455,"comment_status":"","ping_status":"closed","template":"","meta":[],"product_brand":[],"product_cat":[499,515],"product_tag":[],"giftcard-category":[],"class_list":{"0":"post-19454","1":"product","2":"type-product","3":"status-publish","4":"has-post-thumbnail","6":"product_cat-accesorios-de-judo","7":"product_cat-para-los-clubes","8":"product_shipping_class-tatami-de-judo","10":"first","11":"instock","12":"taxable","13":"shipping-taxable","14":"product-type-external"},"exclude_global_add_ons":[],"addons":[],"_links":{"self":[{"href":"https:\/\/fightingfilms.shop\/es\/wp-json\/wp\/v2\/product\/19454","targetHints":{"allow":["GET"]}}],"collection":[{"href":"https:\/\/fightingfilms.shop\/es\/wp-json\/wp\/v2\/product"}],"about":[{"href":"https:\/\/fightingfilms.shop\/es\/wp-json\/wp\/v2\/types\/product"}],"replies":[{"embeddable":true,"href":"https:\/\/fightingfilms.shop\/es\/wp-json\/wp\/v2\/comments?post=19454"}],"wp:featuredmedia":[{"embeddable":true,"href":"https:\/\/fightingfilms.shop\/es\/wp-json\/wp\/v2\/media\/19455"}],"wp:attachment":[{"href":"https:\/\/fightingfilms.shop\/es\/wp-json\/wp\/v2\/media?parent=19454"}],"wp:term":[{"taxonomy":"product_brand","embeddable":true,"href":"https:\/\/fightingfilms.shop\/es\/wp-json\/wp\/v2\/product_brand?post=19454"},{"taxonomy":"product_cat","embeddable":true,"href":"https:\/\/fightingfilms.shop\/es\/wp-json\/wp\/v2\/product_cat?post=19454"},{"taxonomy":"product_tag","embeddable":true,"href":"https:\/\/fightingfilms.shop\/es\/wp-json\/wp\/v2\/product_tag?post=19454"},{"taxonomy":"giftcard-category","embeddable":true,"href":"https:\/\/fightingfilms.shop\/es\/wp-json\/wp\/v2\/giftcard-category?post=19454"}],"curies":[{"name":"wp","href":"https:\/\/api.w.org\/{rel}","templated":true}]}}