{"id":19482,"date":"2021-06-10T18:53:11","date_gmt":"2021-06-10T16:53:11","guid":{"rendered":"https:\/\/www.fightingfilms.shop\/produit\/bolsa-de-judo-para-ninos-fighting-films\/"},"modified":"2025-09-12T13:16:54","modified_gmt":"2025-09-12T11:16:54","slug":"bolsa-de-judo-para-ninos-fighting-films","status":"publish","type":"product","link":"https:\/\/fightingfilms.shop\/es\/produit\/bolsa-de-judo-para-ninos-fighting-films\/","title":{"rendered":"Bolsa de judo para ni\u00f1os Fighting Films"},"content":{"rendered":"<p>La bolsa de judo para ni\u00f1os Fighting Films ser\u00e1 la compa\u00f1era ideal de los j\u00f3venes judokas, perfecta para guardar los kimonos Hajime y <a href=\"https:\/\/www.fightingfilms.shop\/produit\/kimono-de-judo-red-label-500-gr\/\">Red Label<\/a>. Muy resistente y ligero, fabricado con tela de kimono, es perfecto para los ni\u00f1os peque\u00f1os, \u00a1desde judo para beb\u00e9s hasta benjamines!<\/p>\n<ul>\n<li>Grano de arroz azul<\/li>\n<li>Tama\u00f1o: 45 x 19 x 24 cm<\/li>\n<li>Logotipo de Fighting Films en una cara<\/li>\n<li>mono (similar al de los kimonos Hajime) en el otro lado<\/li>\n<\/ul>\n<p>Tambi\u00e9n ofrecemos otros productos textiles para ni\u00f1os (camisetas, sudaderas, etc.), as\u00ed como <a href=\"https:\/\/www.fightingfilms.shop\/produit\/accessoires-de-judo\/sac-de-judo-bakku-pakku-fighting-films\/\">bolsas de judo<\/a> para adolescentes <a href=\"https:\/\/www.eju.net\/\" rel=\"nofollow noopener\" target=\"_blank\"> y<\/a> adultos.<\/p>\n","protected":false},"excerpt":{"rendered":"<p>La bolsa de judo Fighting Films, f\u00e1cil de transportar, es ideal para guardar los kimonos Hajime y Red Label. Extremadamente resistente, es perfecto para los ni\u00f1os, \u00a1incluso para los m\u00e1s despreocupados!<\/p>\n","protected":false},"featured_media":19483,"comment_status":"closed","ping_status":"closed","template":"","meta":[],"product_brand":[],"product_cat":[499,1054],"product_tag":[],"giftcard-category":[],"class_list":{"0":"post-19482","1":"product","2":"type-product","3":"status-publish","4":"has-post-thumbnail","6":"product_cat-accesorios-de-judo","7":"product_cat-saco-de-judo","8":"product_shipping_class-accesorios","10":"first","11":"instock","12":"taxable","13":"shipping-taxable","14":"purchasable","15":"product-type-simple"},"exclude_global_add_ons":[],"addons":[],"_links":{"self":[{"href":"https:\/\/fightingfilms.shop\/es\/wp-json\/wp\/v2\/product\/19482","targetHints":{"allow":["GET"]}}],"collection":[{"href":"https:\/\/fightingfilms.shop\/es\/wp-json\/wp\/v2\/product"}],"about":[{"href":"https:\/\/fightingfilms.shop\/es\/wp-json\/wp\/v2\/types\/product"}],"replies":[{"embeddable":true,"href":"https:\/\/fightingfilms.shop\/es\/wp-json\/wp\/v2\/comments?post=19482"}],"wp:featuredmedia":[{"embeddable":true,"href":"https:\/\/fightingfilms.shop\/es\/wp-json\/wp\/v2\/media\/19483"}],"wp:attachment":[{"href":"https:\/\/fightingfilms.shop\/es\/wp-json\/wp\/v2\/media?parent=19482"}],"wp:term":[{"taxonomy":"product_brand","embeddable":true,"href":"https:\/\/fightingfilms.shop\/es\/wp-json\/wp\/v2\/product_brand?post=19482"},{"taxonomy":"product_cat","embeddable":true,"href":"https:\/\/fightingfilms.shop\/es\/wp-json\/wp\/v2\/product_cat?post=19482"},{"taxonomy":"product_tag","embeddable":true,"href":"https:\/\/fightingfilms.shop\/es\/wp-json\/wp\/v2\/product_tag?post=19482"},{"taxonomy":"giftcard-category","embeddable":true,"href":"https:\/\/fightingfilms.shop\/es\/wp-json\/wp\/v2\/giftcard-category?post=19482"}],"curies":[{"name":"wp","href":"https:\/\/api.w.org\/{rel}","templated":true}]}}