{"id":20030,"date":"2024-02-13T14:40:31","date_gmt":"2024-02-13T13:40:31","guid":{"rendered":"https:\/\/www.fightingfilms.shop\/produit\/kimono-jjb-albator\/"},"modified":"2024-02-28T11:27:34","modified_gmt":"2024-02-28T10:27:34","slug":"kimono-jjb-albator","status":"publish","type":"product","link":"https:\/\/fightingfilms.shop\/es\/produit\/kimono-jjb-albator\/","title":{"rendered":"Kimono JJB Capitan Harlock"},"content":{"rendered":"<div>El kimono JJB Capitan Harlock est\u00e1 disponible en <strong>blanco y negro<\/strong>, de la talla <strong>A0 a la A5<\/strong>.<\/div>\n<div><\/div>\n<div><em><strong>BRODERIES<\/strong><\/em><\/div>\n<div>\n<div>6 Parches bordados de la cabeza a los pies<\/div>\n<div>(pecho | hombro | espalda | muslo | tobillo )<\/div>\n<div>El kimono JJB Capitan Harlock est\u00e1 decorado con 6 bordados con el ic\u00f3nico logotipo del Cosmo Warrior Zero o con la calavera y las tibias cruzadas caracter\u00edsticas del pirata espacial.<\/div>\n<\/div>\n<div><\/div>\n<div><\/div>\n<div><em><strong>ACABADO DE ALTA COSTURA<\/strong><\/em><\/div>\n<div>\n<div>El kimono JJB Capitan Harlock tiene trenzas de acabado en las aberturas de las mangas rojas, as\u00ed como en los pantalones y la falda.<\/div>\n<div>Las trabillas y el cord\u00f3n del pantal\u00f3n son rojos.<\/div>\n<div><\/div>\n<div><\/div>\n<\/div>\n<div><em><strong>CONFORT SIN CONCESIONES<\/strong><\/em><\/div>\n<div>\n<div>Forro de licra transpirable<\/div>\n<div>resistente a la transpiraci\u00f3n<\/div>\n<div>Corte ce\u00f1ido al cuerpo dise\u00f1ado por jiu jitsukas para jiu jitsukas<\/div>\n<div><\/div>\n<div><\/div>\n<div><strong>Chaqueta Pearl Wave 450gsm<\/strong><\/div>\n<div><strong>Pantalones en Rip Stop 280gsm<\/strong><\/div>\n<div><strong>52% poli\u00e9ster<\/strong><\/div>\n<div><strong>48% algod\u00f3n<\/strong><\/div>\n<\/div>\n<div><\/div>\n<div><b>2001-2023 Leiji Matsumoto\/Project Zero con licencia de <a href=\"https:\/\/enoki-films.co.jp\/\" rel=\"nofollow noopener\" target=\"_blank\">Enoki Films Co.<\/a>,Ltd a trav\u00e9s de Yume S.A.S.<\/b><\/div>\n<div><\/div>\n<div>Gu\u00eda de tallas:<\/div>\n<div>A0=150cm<\/div>\n<div>A1=160cm<\/div>\n<div>A2=170cm<\/div>\n<div>A3=180cm<\/div>\n<div>A4=190cm<\/div>\n<div>A5=200cm<\/div>\n<div><\/div>\n","protected":false},"excerpt":{"rendered":"<p>La juventud de Capitan Harlock o la nostalgia de la infancia y aquellas tardes cautivadoras viendo las aventuras del pirata espacial mientras nos transportaba a galaxias lejanas &#8230;<\/p>\n<h5><strong>EL <a href=\"https:\/\/www.fightingfilms.shop\/categorie\/jiu-jitsu\/\">KIMONO Capitan Harlock OFICIAL DE JJB<\/a><\/strong><\/h5>\n<p>Fruto de una colaboraci\u00f3n exclusiva entre Fighting Films y la licencia oficial en Jap\u00f3n.<\/p>\n<p>Convertido en el pirata del tatami, sus detalles meticulosamente dise\u00f1ados para cumplir los requisitos t\u00e9cnicos necesarios para la pr\u00e1ctica del JJB, es el equilibrio perfecto entre estilo, comodidad y rendimiento.<\/p>\n<h2><strong>Ya est\u00e1 disponible para pedidos anticipados. Entrega en torno al 15 de mayo <\/strong><\/h2>\n<h4>\u00bfNo sabe qu\u00e9 talla de judogi elegir? Descubra nuestra <strong><a href=\"http:\/\/tinyurl.com\/2mjwnc4w\">Gu\u00eda de tallas .<\/a><\/strong><\/h4>\n","protected":false},"featured_media":19926,"comment_status":"closed","ping_status":"closed","template":"","meta":[],"product_brand":[],"product_cat":[480,497],"product_tag":[],"giftcard-category":[],"class_list":{"0":"post-20030","1":"product","2":"type-product","3":"status-publish","4":"has-post-thumbnail","6":"product_cat-jiu-jitsu-es","7":"product_cat-kimonos-de-jiu-jitsu","8":"product_shipping_class-kimono-black-label-superstar-es","10":"first","11":"instock","12":"taxable","13":"shipping-taxable","14":"purchasable","15":"product-type-variable"},"exclude_global_add_ons":[],"addons":[],"_links":{"self":[{"href":"https:\/\/fightingfilms.shop\/es\/wp-json\/wp\/v2\/product\/20030","targetHints":{"allow":["GET"]}}],"collection":[{"href":"https:\/\/fightingfilms.shop\/es\/wp-json\/wp\/v2\/product"}],"about":[{"href":"https:\/\/fightingfilms.shop\/es\/wp-json\/wp\/v2\/types\/product"}],"replies":[{"embeddable":true,"href":"https:\/\/fightingfilms.shop\/es\/wp-json\/wp\/v2\/comments?post=20030"}],"wp:featuredmedia":[{"embeddable":true,"href":"https:\/\/fightingfilms.shop\/es\/wp-json\/wp\/v2\/media\/19926"}],"wp:attachment":[{"href":"https:\/\/fightingfilms.shop\/es\/wp-json\/wp\/v2\/media?parent=20030"}],"wp:term":[{"taxonomy":"product_brand","embeddable":true,"href":"https:\/\/fightingfilms.shop\/es\/wp-json\/wp\/v2\/product_brand?post=20030"},{"taxonomy":"product_cat","embeddable":true,"href":"https:\/\/fightingfilms.shop\/es\/wp-json\/wp\/v2\/product_cat?post=20030"},{"taxonomy":"product_tag","embeddable":true,"href":"https:\/\/fightingfilms.shop\/es\/wp-json\/wp\/v2\/product_tag?post=20030"},{"taxonomy":"giftcard-category","embeddable":true,"href":"https:\/\/fightingfilms.shop\/es\/wp-json\/wp\/v2\/giftcard-category?post=20030"}],"curies":[{"name":"wp","href":"https:\/\/api.w.org\/{rel}","templated":true}]}}