{"id":20343,"date":"2024-02-13T16:52:15","date_gmt":"2024-02-13T15:52:15","guid":{"rendered":"https:\/\/www.fightingfilms.shop\/produit\/paquete-de-lucha-albator\/"},"modified":"2024-02-16T15:16:22","modified_gmt":"2024-02-16T14:16:22","slug":"paquete-de-lucha-albator","status":"publish","type":"product","link":"https:\/\/fightingfilms.shop\/es\/produit\/paquete-de-lucha-albator\/","title":{"rendered":"Paquete de lucha Capit\u00e1n Harlock"},"content":{"rendered":"<p>\u00a1Descubre el pack de lucha Capit\u00e1n Harlock ! \u00a1Lo \u00faltimo en kimonos y lycras por el precio de 230 euros!<\/p>\n<p>El kimono est\u00e1 disponible en blanco o negro y la lycra en negro.<\/p>\n<div>\n<div><a href=\"https:\/\/www.fightingfilms.shop\/produit\/kimono-de-jjb-albator\/\">KIMONO DE JJB CAPIT\u00c1N HARLOCK<\/a><\/div>\n<div><\/div>\n<div>la nostalgia de la infancia y esas tardes cautivadoras viendo las aventuras<\/div>\n<div>del pirata espacial que nos transport\u00f3 a galaxias lejanas<\/div>\n<div><\/div>\n<div>el resultado de una colaboraci\u00f3n exclusiva entre Fighting Fims<\/div>\n<div>y la licencia oficial en Jap\u00f3n<\/div>\n<div><\/div>\n<div>\n<div>Detalles meticulosamente dise\u00f1ados para cumplir los requisitos t\u00e9cnicos<\/div>\n<div>El equilibrio perfecto entre estilo, comodidad y rendimiento.<\/div>\n<\/div>\n<\/div>\n<div><\/div>\n<div>COMPLETE SU ARSENAL<\/div>\n<div>\u00a1con la lycra Capit\u00e1n Harlock!<\/div>\n<div><\/div>\n<div>COMODIDAD: banda de sujeci\u00f3n en la cintura para una sujeci\u00f3n total<\/div>\n<div>RESISTENCIA Y ELEVABILIDAD: Spandex | Costuras reforzadas | Secado r\u00e1pido<\/div>\n<div><\/div>\n<div>\n<div>Con su corte ce\u00f1ido, confeccionado con elastano especialmente apreciado por su elasticidad y resistencia, sus costuras reforzadas, especialmente dise\u00f1adas para el combate en tierra, y su tira de agarre de silicona en la cintura, nuestra lycra te ofrece una total libertad de movimientos en tu pr\u00e1ctica, tanto si eres un practicante ocasional como un competidor experimentado.<\/div>\n<\/div>\n","protected":false},"excerpt":{"rendered":"<p>\u00a1Descubre el pack de lucha Capit\u00e1n Harlock! Convi\u00e9rtete en un aut\u00e9ntico pirata del tatami con la equipaci\u00f3n completa, Kimono + lycra.<\/p>\n<p>Estos dos productos, fabricados por jiu jitsukas para jiu jitsukas, son joyas de dise\u00f1o y rendimiento.<\/p>\n<h2><strong>Disponible para pedidos anticipados, entrega a partir del 15 de mayo<\/strong><\/h2>\n","protected":false},"featured_media":20050,"comment_status":"closed","ping_status":"closed","template":"","meta":[],"product_brand":[],"product_cat":[480,497],"product_tag":[],"giftcard-category":[],"class_list":{"0":"post-20343","1":"product","2":"type-product","3":"status-publish","4":"has-post-thumbnail","6":"product_cat-jiu-jitsu-es","7":"product_cat-kimonos-de-jiu-jitsu","8":"product_shipping_class-kimono-black-label-superstar-es","10":"first","11":"outofstock","12":"taxable","13":"shipping-taxable","14":"purchasable","15":"product-type-variable"},"exclude_global_add_ons":[],"addons":[],"_links":{"self":[{"href":"https:\/\/fightingfilms.shop\/es\/wp-json\/wp\/v2\/product\/20343","targetHints":{"allow":["GET"]}}],"collection":[{"href":"https:\/\/fightingfilms.shop\/es\/wp-json\/wp\/v2\/product"}],"about":[{"href":"https:\/\/fightingfilms.shop\/es\/wp-json\/wp\/v2\/types\/product"}],"replies":[{"embeddable":true,"href":"https:\/\/fightingfilms.shop\/es\/wp-json\/wp\/v2\/comments?post=20343"}],"wp:featuredmedia":[{"embeddable":true,"href":"https:\/\/fightingfilms.shop\/es\/wp-json\/wp\/v2\/media\/20050"}],"wp:attachment":[{"href":"https:\/\/fightingfilms.shop\/es\/wp-json\/wp\/v2\/media?parent=20343"}],"wp:term":[{"taxonomy":"product_brand","embeddable":true,"href":"https:\/\/fightingfilms.shop\/es\/wp-json\/wp\/v2\/product_brand?post=20343"},{"taxonomy":"product_cat","embeddable":true,"href":"https:\/\/fightingfilms.shop\/es\/wp-json\/wp\/v2\/product_cat?post=20343"},{"taxonomy":"product_tag","embeddable":true,"href":"https:\/\/fightingfilms.shop\/es\/wp-json\/wp\/v2\/product_tag?post=20343"},{"taxonomy":"giftcard-category","embeddable":true,"href":"https:\/\/fightingfilms.shop\/es\/wp-json\/wp\/v2\/giftcard-category?post=20343"}],"curies":[{"name":"wp","href":"https:\/\/api.w.org\/{rel}","templated":true}]}}