{"id":20575,"date":"2024-02-14T10:29:42","date_gmt":"2024-02-14T09:29:42","guid":{"rendered":"https:\/\/www.fightingfilms.shop\/produit\/pack-completo-albator\/"},"modified":"2024-02-16T15:39:14","modified_gmt":"2024-02-16T14:39:14","slug":"pack-completo-albator","status":"publish","type":"product","link":"https:\/\/fightingfilms.shop\/es\/produit\/pack-completo-albator\/","title":{"rendered":"Pack completo Capit\u00e1n Harlock"},"content":{"rendered":"<p>Hazte con el <strong>Capit\u00e1n Harlock Full Pack<\/strong>, \u00a1la colecci\u00f3n completa en colaboraci\u00f3n entre Fighting Films y el famoso pirata espacial japon\u00e9s!<\/p>\n<p>Deja que tus recuerdos hablen por s\u00ed solos y hazte con el Albator Full Pack, que incluye una <a href=\"https:\/\/www.fightingfilms.shop\/produit\/rashguard-la-jeunesse-dalbator\/\">lycra Capit\u00e1n Harlock<\/a> de dise\u00f1o exclusivo en color negro, con costuras rojas y el eterno logo Cosmo Warrior Zero en el coraz\u00f3n. Adem\u00e1s, la calavera, reconocible entre tantas otras, est\u00e1 presente en la mu\u00f1eca y aproximadamente en la espalda. Es ideal para una sesi\u00f3n sin Gi o para llevar debajo de tu Gi Albator.<\/p>\n<p>\u00bfNo te decides entre el <a href=\"https:\/\/www.fightingfilms.shop\/produit\/kimono-de-jjb-albator\/\">kimono blanco JJB Capit\u00e1n Harlock<\/a> o el negro? No hay problema, \u00a1con este pack completo puedes alternar entre blanco y negro cuando entrenes! Su dise\u00f1o \u00fanico, con 6 bordados de alta calidad y un distinguido acabado en rojo, seguro que le impresionar\u00e1.<\/p>\n<p>Kimono 450 g\/m\u00b2, 100% algod\u00f3n. Pantal\u00f3n ripstop, tejido pr\u00e1cticamente a prueba de desgarros. Un corte entallado que abraza el cuerpo pero deja mucho espacio para el movimiento.<\/p>\n<p>\u00bfNecesitas completar tu Full Pack con un <a href=\"https:\/\/www.fightingfilms.shop\/produit\/ceinture-de-jiu-jitsu-bresilien\/\">cintur\u00f3n JJB<\/a>? Tenemos todo lo que necesita. Descubre nuestros cinturones JJB de inspiraci\u00f3n brasile\u00f1a.<\/p>\n","protected":false},"excerpt":{"rendered":"<p>Descubra el pack completo Capit\u00e1n Harlock \u00a1Convi\u00e9rtete en el Pirata Tatami con m\u00e1s \u00e9xito y estilo con este conjunto, que incluye una lycra Capit\u00e1n Harlock y un kimono Capit\u00e1n Harlock JJB blanco y negro!<\/p>\n<p>Cuando la nostalgia se encuentra con el tatami, \u00a1llega al tatami Albator&#8217;s Youth, una serie japonesa que marc\u00f3 la infancia de muchos de nosotros!<\/p>\n<h2>Disponible para pedidos anticipados, entrega a partir del 15 de mayo.<\/h2>\n","protected":false},"featured_media":20421,"comment_status":"closed","ping_status":"closed","template":"","meta":[],"product_brand":[],"product_cat":[480,497],"product_tag":[],"giftcard-category":[],"class_list":{"0":"post-20575","1":"product","2":"type-product","3":"status-publish","4":"has-post-thumbnail","6":"product_cat-jiu-jitsu-es","7":"product_cat-kimonos-de-jiu-jitsu","8":"product_shipping_class-kimono-black-label-superstar-es","10":"first","11":"outofstock","12":"taxable","13":"shipping-taxable","14":"purchasable","15":"product-type-variable"},"exclude_global_add_ons":[],"addons":[],"_links":{"self":[{"href":"https:\/\/fightingfilms.shop\/es\/wp-json\/wp\/v2\/product\/20575","targetHints":{"allow":["GET"]}}],"collection":[{"href":"https:\/\/fightingfilms.shop\/es\/wp-json\/wp\/v2\/product"}],"about":[{"href":"https:\/\/fightingfilms.shop\/es\/wp-json\/wp\/v2\/types\/product"}],"replies":[{"embeddable":true,"href":"https:\/\/fightingfilms.shop\/es\/wp-json\/wp\/v2\/comments?post=20575"}],"wp:featuredmedia":[{"embeddable":true,"href":"https:\/\/fightingfilms.shop\/es\/wp-json\/wp\/v2\/media\/20421"}],"wp:attachment":[{"href":"https:\/\/fightingfilms.shop\/es\/wp-json\/wp\/v2\/media?parent=20575"}],"wp:term":[{"taxonomy":"product_brand","embeddable":true,"href":"https:\/\/fightingfilms.shop\/es\/wp-json\/wp\/v2\/product_brand?post=20575"},{"taxonomy":"product_cat","embeddable":true,"href":"https:\/\/fightingfilms.shop\/es\/wp-json\/wp\/v2\/product_cat?post=20575"},{"taxonomy":"product_tag","embeddable":true,"href":"https:\/\/fightingfilms.shop\/es\/wp-json\/wp\/v2\/product_tag?post=20575"},{"taxonomy":"giftcard-category","embeddable":true,"href":"https:\/\/fightingfilms.shop\/es\/wp-json\/wp\/v2\/giftcard-category?post=20575"}],"curies":[{"name":"wp","href":"https:\/\/api.w.org\/{rel}","templated":true}]}}