{"id":20717,"date":"2024-02-20T12:13:15","date_gmt":"2024-02-20T11:13:15","guid":{"rendered":"https:\/\/www.fightingfilms.shop\/produit\/fondos-de-fighting-films\/"},"modified":"2024-02-20T12:13:15","modified_gmt":"2024-02-20T11:13:15","slug":"fondos-de-fighting-films","status":"publish","type":"product","link":"https:\/\/fightingfilms.shop\/es\/produit\/fondos-de-fighting-films\/","title":{"rendered":"Fondos de Fighting Films"},"content":{"rendered":"<h2>Elige tu fondo de pantalla de Fighting Films entre 6 dise\u00f1os \u00fanicos:<\/h2>\n<p>El drag\u00f3n rojo: s\u00edmbolo asi\u00e1tico utilizado a menudo por Fighting Films, este magn\u00edfico drag\u00f3n rojo sobrevuela las nubes y el logotipo de Fighting Films.<\/p>\n<p>El drag\u00f3n verde: similar al drag\u00f3n rojo, pero de otro color, lo que le ofrece m\u00e1s opciones para todos los gustos.<\/p>\n<p>Geisha: Sum\u00e9rgete en el mundo de Jap\u00f3n con este magn\u00edfico fondo de pantalla de Fighting Films. Descubre dos Geishas, una en rosa y otra en azul. Su estilo distintivo los hace casi m\u00e1gicos.<\/p>\n<p>El tigre: El tigre, con su lado agresivo y sus colores vivos, tiene un aspecto excepcional en tus distintos dispositivos.<\/p>\n<p>FF 80&#8217;s: \u00a1sum\u00e9rjase en un dise\u00f1o inspirado en los a\u00f1os 80 con dos judokas en plena competici\u00f3n!<\/p>\n<p>Torii Los legendarios Torii, puertas de entrada a los templos de Jap\u00f3n y logotipo de Fighting Films.<\/p>\n<p>&nbsp;<\/p>\n<p>Elija el papel pintado que desee y le enviaremos por correo electr\u00f3nico el dise\u00f1o que haya elegido.<\/p>\n<p>\u00bfAlguna pregunta? No dude en ponerse en contacto con nosotros por correo electr\u00f3nico.<\/p>\n","protected":false},"excerpt":{"rendered":"<p>Disponible como descarga digital.<\/p>\n<p>\u00a1Descubre nuestros fondos de pel\u00edculas de lucha en el mundo del judo a nuestro estilo! Elige entre 6 dise\u00f1os diferentes para dar a tus dispositivos digitales el aspecto de las pel\u00edculas de lucha.<\/p>\n<p>El dise\u00f1o de cada papel pintado de Fighting Films ha sido cuidadosamente elaborado para ofrecerte una representaci\u00f3n excepcional.<\/p>\n<p>Los dibujos se han formateado espec\u00edficamente para los siguientes dispositivos:<\/p>\n<p>&#8211; Tel\u00e9fono inteligente<\/p>\n<p>&#8211; Tableta<\/p>\n<p>&#8211; Reloj inteligente<\/p>\n<p>&#8211; Ordenador de sobremesa<\/p>\n","protected":false},"featured_media":20659,"comment_status":"","ping_status":"closed","template":"","meta":[],"product_brand":[],"product_cat":[499],"product_tag":[],"giftcard-category":[],"class_list":{"0":"post-20717","1":"product","2":"type-product","3":"status-publish","4":"has-post-thumbnail","6":"product_cat-accesorios-de-judo","8":"first","9":"instock","10":"taxable","11":"shipping-taxable","12":"purchasable","13":"product-type-variable"},"exclude_global_add_ons":[],"addons":[],"_links":{"self":[{"href":"https:\/\/fightingfilms.shop\/es\/wp-json\/wp\/v2\/product\/20717","targetHints":{"allow":["GET"]}}],"collection":[{"href":"https:\/\/fightingfilms.shop\/es\/wp-json\/wp\/v2\/product"}],"about":[{"href":"https:\/\/fightingfilms.shop\/es\/wp-json\/wp\/v2\/types\/product"}],"replies":[{"embeddable":true,"href":"https:\/\/fightingfilms.shop\/es\/wp-json\/wp\/v2\/comments?post=20717"}],"wp:featuredmedia":[{"embeddable":true,"href":"https:\/\/fightingfilms.shop\/es\/wp-json\/wp\/v2\/media\/20659"}],"wp:attachment":[{"href":"https:\/\/fightingfilms.shop\/es\/wp-json\/wp\/v2\/media?parent=20717"}],"wp:term":[{"taxonomy":"product_brand","embeddable":true,"href":"https:\/\/fightingfilms.shop\/es\/wp-json\/wp\/v2\/product_brand?post=20717"},{"taxonomy":"product_cat","embeddable":true,"href":"https:\/\/fightingfilms.shop\/es\/wp-json\/wp\/v2\/product_cat?post=20717"},{"taxonomy":"product_tag","embeddable":true,"href":"https:\/\/fightingfilms.shop\/es\/wp-json\/wp\/v2\/product_tag?post=20717"},{"taxonomy":"giftcard-category","embeddable":true,"href":"https:\/\/fightingfilms.shop\/es\/wp-json\/wp\/v2\/giftcard-category?post=20717"}],"curies":[{"name":"wp","href":"https:\/\/api.w.org\/{rel}","templated":true}]}}